{"id":741,"date":"2020-11-20T03:24:07","date_gmt":"2020-11-20T03:24:07","guid":{"rendered":"http:\/\/teruel2022.congresotaee.es\/?page_id=741"},"modified":"2021-12-07T17:04:32","modified_gmt":"2021-12-07T17:04:32","slug":"contact","status":"publish","type":"page","link":"https:\/\/teruel2022.congresotaee.es\/?page_id=741","title":{"rendered":"Contact"},"content":{"rendered":"\n<h1>\n\t\t\t\t\tContacto\n\t\t\t\t<\/h1>\n\t\t\t<p>Informaci\u00f3n de contacto<\/p>\n\t<h2>\n\t\t\t\t\tSi tienes dudas, escr\u00edbenos\n\t\t\t\t<\/h2>\n\t\t\t<p>Grupo de investigaci\u00f3n EduQTech, Escuela Universitaria Polit\u00e9cnica de Teruel, Universidad de Zaragoza.<\/p>\n\t<ul>\n\t\t<li>\t\t\t\t\n\t\tc\/Atarazana 2, 44003, Teruel, Espa\u00f1a<\/li><li>\t\t\t\t\n\t\tinmap@unizar.es<\/li><li>\t\t\t\t\n\t\trigual@unizar.es<\/li><li>\t\t\t\t\n\t\t+34 978 64 53 62<\/li>\t<\/ul>\n\t<h6>\n\t\t\t\t\tNuestra p\u00e1gina de Facebook:\n\t\t\t\t<\/h6>\n\t<iframe src=\"https:\/\/www.google.com\/maps\/embed?pb=!1m14!1m8!1m3!1d12162.288338393644!2d-1.10913!3d40.3518377!3m2!1i1024!2i768!4f13.1!3m3!1m2!1s0x0%3A0x432f60a38244588b!2sEscuela%20Universitaria%20Polit%C3%A9cnica%20-%20Teruel%20(Universidad%20Zaragoza).!5e0!3m2!1ses!2ses!4v1625738972109!5m2!1ses!2ses\" width=\"600\" height=\"450\" allowfullscreen=\"\" loading=\"lazy\"><\/iframe>\n","protected":false},"excerpt":{"rendered":"<p>Contacto Informaci\u00f3n de contacto Si tienes dudas, escr\u00edbenos Grupo de investigaci\u00f3n EduQTech, Escuela Universitaria Polit\u00e9cnica de Teruel, Universidad de Zaragoza. c\/Atarazana 2, 44003, Teruel, Espa\u00f1a inmap@unizar.es rigual@unizar.es +34 978 64 53 62 Nuestra p\u00e1gina de Facebook:<\/p>\n","protected":false},"author":1,"featured_media":0,"parent":0,"menu_order":0,"comment_status":"closed","ping_status":"closed","template":"","meta":{"om_disable_all_campaigns":false,"_monsterinsights_skip_tracking":false,"_monsterinsights_sitenote_active":false,"_monsterinsights_sitenote_note":"","_monsterinsights_sitenote_category":0,"footnotes":""},"class_list":["post-741","page","type-page","status-publish","hentry"],"_links":{"self":[{"href":"https:\/\/teruel2022.congresotaee.es\/index.php?rest_route=\/wp\/v2\/pages\/741","targetHints":{"allow":["GET"]}}],"collection":[{"href":"https:\/\/teruel2022.congresotaee.es\/index.php?rest_route=\/wp\/v2\/pages"}],"about":[{"href":"https:\/\/teruel2022.congresotaee.es\/index.php?rest_route=\/wp\/v2\/types\/page"}],"author":[{"embeddable":true,"href":"https:\/\/teruel2022.congresotaee.es\/index.php?rest_route=\/wp\/v2\/users\/1"}],"replies":[{"embeddable":true,"href":"https:\/\/teruel2022.congresotaee.es\/index.php?rest_route=%2Fwp%2Fv2%2Fcomments&post=741"}],"version-history":[{"count":4,"href":"https:\/\/teruel2022.congresotaee.es\/index.php?rest_route=\/wp\/v2\/pages\/741\/revisions"}],"predecessor-version":[{"id":1119,"href":"https:\/\/teruel2022.congresotaee.es\/index.php?rest_route=\/wp\/v2\/pages\/741\/revisions\/1119"}],"wp:attachment":[{"href":"https:\/\/teruel2022.congresotaee.es\/index.php?rest_route=%2Fwp%2Fv2%2Fmedia&parent=741"}],"curies":[{"name":"wp","href":"https:\/\/api.w.org\/{rel}","templated":true}]}}