{"id":737,"date":"2020-11-20T03:24:07","date_gmt":"2020-11-20T03:24:07","guid":{"rendered":"http:\/\/teruel2022.congresotaee.es\/?page_id=737"},"modified":"2022-06-28T09:16:11","modified_gmt":"2022-06-28T09:16:11","slug":"fechas-importantes","status":"publish","type":"page","link":"https:\/\/teruel2022.congresotaee.es\/?page_id=737","title":{"rendered":"Fechas importantes"},"content":{"rendered":"\n\n\t<h1>\n\t\t\t\t\tFechas importantes\n\t\t\t\t<\/h1>\n\t\t\t<p>XV Edici\u00f3n Congreso Internacional Tecnolog\u00eda Aprendizaje y Ense\u00f1anza de la Electr\u00f3nica (TAEE)<\/p>\n\t<h6>\n\t\t\t\t\tXV Edici\u00f3n TAEE 2022\n\t\t\t\t<\/h6>\n\t<h2>\n\t\t\t\t\tFechas importantes\n\t\t\t\t<\/h2>\n\t<p>&nbsp;<\/p>\n<table width=\"581\">\n<tbody>\n<tr>\n<td width=\"194\">Primera llamada a la participaci\u00f3n<\/td>\n<td width=\"194\">30 de septiembre de 2021<\/td>\n<\/tr>\n<tr>\n<td width=\"194\">Segunda llamada a la participaci\u00f3n<\/td>\n<td width=\"194\">29 de octubre de 2021<\/td>\n<\/tr>\n<tr>\n<td width=\"194\">Tercera llamada a la participaci\u00f3n<\/td>\n<td width=\"194\">1 de diciembre de 2021<\/td>\n<\/tr>\n<tr>\n<td width=\"194\">Env\u00edo de res\u00famenes<\/td>\n<td width=\"194\">22 de diciembre de 2021\n<p>Extendida a:<\/p>\n<ul>\n<li>General: 24 de enero de 2022<\/li>\n<li>Pa\u00edses de iberoam\u00e9rica: 15 de febrero de 2022 (para respetar su periodo vacacional)<\/li>\n<\/ul>\n<\/td>\n<\/tr>\n<tr>\n<td width=\"194\">Notificaci\u00f3n de aceptaci\u00f3n (res\u00famenes)<\/td>\n<td width=\"194\">1 de febrero de 2022\n15 de febrero de 2022<\/td>\n<\/tr>\n<tr>\n<td width=\"194\">Env\u00edo de trabajos completos (Comunicaci\u00f3n oral, Demos, P\u00f3ster, Paper Doctoral)<\/td>\n<td width=\"194\">1 de marzo de 2022\n<p>15 de marzo de 2022<\/p>\n<p>extendido al 31 de marzo de 2022<\/p>\nextendido al 3 de abril de 2022 (si no puede cumplir este plazo, <a href=\"https:\/\/teruel2022.congresotaee.es\/?page_id=741\" target=\"_blank\" rel=\"noopener\">contacte<\/a> con los organizadores)<\/td>\n<\/tr>\n<tr>\n<td width=\"194\">Notificaci\u00f3n de aceptaci\u00f3n (final)<\/td>\n<td width=\"194\">1 de abril de 2022\n<p>22 de abril de 2022<\/p>\n30 de abril de 2022<\/td>\n<\/tr>\n<tr>\n<td width=\"194\">Fecha l\u00edmite de env\u00edo para trabajos completos<\/td>\n<td width=\"194\">22 de abril de 2022\n<p>15 de mayo de 2022<\/p>\n31 de mayo Extendido al 6 de junio de 2022 (env\u00edo de la versi\u00f3n en ingl\u00e9s para publicar en IEEE Xplore)<\/td>\n<\/tr>\n<tr>\n<td width=\"194\">Fin del plazo para el registrarse en el Congreso<\/td>\n<td width=\"194\"><del>20 de junio de 2022<\/del>\nExtendido al 28 de junio de 2022 (incluido)<\/td>\n<\/tr>\n<tr>\n<td width=\"194\"><strong>Inicio del congreso<\/strong><\/td>\n<td width=\"194\"><strong>29 de junio de 2022<\/strong><\/td>\n<\/tr>\n<\/tbody>\n<\/table>\n<p>&nbsp;<\/p>\n\n","protected":false},"excerpt":{"rendered":"<p>Fechas importantes XV Edici\u00f3n Congreso Internacional Tecnolog\u00eda Aprendizaje y Ense\u00f1anza de la Electr\u00f3nica (TAEE) XV Edici\u00f3n TAEE 2022 Fechas importantes &nbsp; Primera llamada a la participaci\u00f3n 30 de septiembre de 2021 Segunda llamada a la participaci\u00f3n 29 de octubre de 2021 Tercera llamada a la participaci\u00f3n 1 de diciembre de 2021 Env\u00edo de res\u00famenes 22 &hellip;<\/p>\n<p class=\"read-more\"> <a class=\"\" href=\"https:\/\/teruel2022.congresotaee.es\/?page_id=737\"> <span class=\"screen-reader-text\">Fechas importantes<\/span> Read More &raquo;<\/a><\/p>\n","protected":false},"author":1,"featured_media":0,"parent":0,"menu_order":0,"comment_status":"closed","ping_status":"closed","template":"","meta":{"om_disable_all_campaigns":false,"_monsterinsights_skip_tracking":false,"_monsterinsights_sitenote_active":false,"_monsterinsights_sitenote_note":"","_monsterinsights_sitenote_category":0,"footnotes":""},"class_list":["post-737","page","type-page","status-publish","hentry"],"_links":{"self":[{"href":"https:\/\/teruel2022.congresotaee.es\/index.php?rest_route=\/wp\/v2\/pages\/737","targetHints":{"allow":["GET"]}}],"collection":[{"href":"https:\/\/teruel2022.congresotaee.es\/index.php?rest_route=\/wp\/v2\/pages"}],"about":[{"href":"https:\/\/teruel2022.congresotaee.es\/index.php?rest_route=\/wp\/v2\/types\/page"}],"author":[{"embeddable":true,"href":"https:\/\/teruel2022.congresotaee.es\/index.php?rest_route=\/wp\/v2\/users\/1"}],"replies":[{"embeddable":true,"href":"https:\/\/teruel2022.congresotaee.es\/index.php?rest_route=%2Fwp%2Fv2%2Fcomments&post=737"}],"version-history":[{"count":31,"href":"https:\/\/teruel2022.congresotaee.es\/index.php?rest_route=\/wp\/v2\/pages\/737\/revisions"}],"predecessor-version":[{"id":2214,"href":"https:\/\/teruel2022.congresotaee.es\/index.php?rest_route=\/wp\/v2\/pages\/737\/revisions\/2214"}],"wp:attachment":[{"href":"https:\/\/teruel2022.congresotaee.es\/index.php?rest_route=%2Fwp%2Fv2%2Fmedia&parent=737"}],"curies":[{"name":"wp","href":"https:\/\/api.w.org\/{rel}","templated":true}]}}