{"id":736,"date":"2020-11-20T03:24:07","date_gmt":"2020-11-20T03:24:07","guid":{"rendered":"http:\/\/teruel2022.congresotaee.es\/?page_id=736"},"modified":"2022-06-28T09:15:45","modified_gmt":"2022-06-28T09:15:45","slug":"home","status":"publish","type":"page","link":"https:\/\/teruel2022.congresotaee.es\/","title":{"rendered":"Home"},"content":{"rendered":"\n\n\t<ul>\n\t\t<li>\t\t\t\t\n\t\tTeruel, del 29 de junio al 1 de julio de 2022<\/li>\t<\/ul>\n\t<h1>\n\t\t\t\t\tXV Congreso Tecnolog\u00eda Aprendizaje y Ense\u00f1anza de la Electr\u00f3nica\n\t\t\t\t<\/h1>\n\t\t\t<h3>Teruel (Espa\u00f1a), del 29 de junio al 1 de julio de 2022<\/h3>\n\t\t\t<a href=\"https:\/\/www.turismodearagon.com\/ficha\/teruel\/\" target=\"_blank\" role=\"button\" rel=\"noopener\">\n\t\t\t\t\t\tSede del Congreso\n\t\t<\/a>\n\t\t\t<a href=\"https:\/\/teruel2022.congresotaee.es\/?page_id=2131\" target=\"_blank\" role=\"button\" rel=\"noopener\">\n\t\t\t\t\t\tPrograma del Congreso\n\t\t<\/a>\n\t<h2>\n\t\t\t\t\t<a href=\"https:\/\/teruel2022.congresotaee.es\/?page_id=2131\" title=\"Programa del Congreso\" target=\"_blank\" rel=\"noopener\">\n\t\t\t\t\t\tPrograma del Congreso\n\t\t\t\t\t\t<\/a>\n\t\t\t<\/h2>\n\t<h2>\n\t\t\t\t\t\u00c1reas tem\u00e1ticas\n\t\t\t\t<\/h2>\n\t<h6>\n\t\t\t\t\tXV Congreso TAEE\n\t\t\t\t<\/h6>\n\t<h2>\n\t\t\t\t\tOrganizadores\n\t\t\t\t<\/h2>\n\t<table>\n<tbody>\n<tr>\n<td width=\"142\"><a href=\"https:\/\/www.ieee.org\/\" target=\"_blank\" rel=\"noopener\"><img loading=\"lazy\" decoding=\"async\" src=\"http:\/\/teruel2022.congresotaee.es\/wp-content\/uploads\/2021\/12\/ieee_100-1.png\" alt=\"\" width=\"100\" height=\"80\" \/><\/a><\/td>\n<td width=\"142\"><a href=\"http:\/\/eduqtech.unizar.es\/\" target=\"_blank\" rel=\"noopener\"><img loading=\"lazy\" decoding=\"async\" src=\"http:\/\/teruel2022.congresotaee.es\/wp-content\/uploads\/2021\/12\/logos-lab-eduqtech-1.png\" alt=\"\" width=\"300\" height=\"170\" \/><\/a><\/td>\n<td width=\"142\"><a href=\"https:\/\/ieee-edusociety.org\/\" target=\"_blank\" rel=\"noopener\"><img loading=\"lazy\" decoding=\"async\" src=\"http:\/\/teruel2022.congresotaee.es\/wp-content\/uploads\/2021\/12\/ieeeedusociety-logo_color_RGB_0-300x119.png\" alt=\"\" width=\"300\" height=\"119\" \/><\/a><\/td>\n<td width=\"142\"><a href=\"https:\/\/i3a.unizar.es\/es\" target=\"_blank\" rel=\"noopener\"><img loading=\"lazy\" decoding=\"async\" src=\"http:\/\/teruel2022.congresotaee.es\/wp-content\/uploads\/2021\/12\/logo_i3a-300x65.png\" alt=\"\" width=\"300\" height=\"65\" \/><\/a><\/td>\n<\/tr>\n<tr>\n<td width=\"142\"><a href=\"http:\/\/eupt.unizar.es\/\" target=\"_blank\" rel=\"noopener\"><img loading=\"lazy\" decoding=\"async\" src=\"http:\/\/teruel2022.congresotaee.es\/wp-content\/uploads\/2021\/12\/escuela_teruel-01-300x74.png\" alt=\"\" width=\"300\" height=\"74\" \/><\/a><\/td>\n<td width=\"142\"><a href=\"http:\/\/taee.etsist.upm.es\/\" target=\"_blank\" rel=\"noopener\"><img loading=\"lazy\" decoding=\"async\" src=\"http:\/\/teruel2022.congresotaee.es\/wp-content\/uploads\/2021\/12\/Logo_Asociacion_TAEE_faltaCheckFonts.svg\" alt=\"\" width=\"102\" height=\"81\" \/><\/a><\/td>\n<td width=\"142\"><a href=\"https:\/\/eupla.unizar.es\/\" target=\"_blank\" rel=\"noopener\"><img loading=\"lazy\" decoding=\"async\" src=\"http:\/\/teruel2022.congresotaee.es\/wp-content\/uploads\/2021\/12\/eupla_new-01-300x84.png\" alt=\"\" width=\"300\" height=\"84\" \/><\/a><\/td>\n<td width=\"142\"><a href=\"https:\/\/ie.unizar.es\/\" target=\"_blank\" rel=\"noopener\"><img loading=\"lazy\" decoding=\"async\" src=\"http:\/\/teruel2022.congresotaee.es\/wp-content\/uploads\/2021\/12\/ingenieria_electrica-color-300x87.png\" alt=\"\" width=\"300\" height=\"87\" \/><\/a><\/td>\n<\/tr>\n<tr>\n<td width=\"142\"><img loading=\"lazy\" decoding=\"async\" src=\"http:\/\/teruel2022.congresotaee.es\/wp-content\/uploads\/2021\/12\/Logo-catedra-Uned-300x97.jpg\" alt=\"\" width=\"300\" height=\"97\" \/><\/td>\n<td width=\"142\"><a href=\"http:\/\/diec.unizar.es\/\" target=\"_blank\" rel=\"noopener\"><img loading=\"lazy\" decoding=\"async\" src=\"http:\/\/teruel2022.congresotaee.es\/wp-content\/uploads\/2021\/12\/ingenieria_electronica-color-300x88.png\" alt=\"\" width=\"300\" height=\"88\" \/><\/a><\/td>\n<td width=\"142\"><\/td>\n<td width=\"142\"><\/td>\n<\/tr>\n<\/tbody>\n<\/table>\n\t<h6>\n\t\t\t\t\tXV Congreso TAEE\n\t\t\t\t<\/h6>\n\t<h2>\n\t\t\t\t\tPatrocinadores\n\t\t\t\t<\/h2>\n\t<table>\n<tbody>\n<tr>\n<td width=\"142\"><a href=\"https:\/\/teruel.unizar.es\/\" target=\"_blank\" rel=\"noopener\"><img loading=\"lazy\" decoding=\"async\" src=\"http:\/\/teruel2022.congresotaee.es\/wp-content\/uploads\/2021\/12\/vice-2-300x96.png\" alt=\"\" width=\"300\" height=\"96\" \/><\/a><\/td>\n<td width=\"142\"><a href=\"http:\/\/eupt.unizar.es\/\" target=\"_blank\" rel=\"noopener\"><img loading=\"lazy\" decoding=\"async\" src=\"http:\/\/teruel2022.congresotaee.es\/wp-content\/uploads\/2021\/12\/escuela_teruel-01-300x74.png\" alt=\"\" width=\"300\" height=\"74\" \/><\/a><\/td>\n<td width=\"142\"><a href=\"https:\/\/www.coitiar.es\/\" target=\"_blank\" rel=\"noopener\"><img loading=\"lazy\" decoding=\"async\" src=\"http:\/\/teruel2022.congresotaee.es\/wp-content\/uploads\/2022\/02\/COGITIAR-2020-1-300x93.png\" alt=\"\" width=\"300\" height=\"93\" \/><\/a><\/td>\n<td width=\"142\"><a href=\"https:\/\/bpw-spain.org\/\" target=\"_blank\" rel=\"noopener\"><img loading=\"lazy\" decoding=\"async\" src=\"http:\/\/teruel2022.congresotaee.es\/wp-content\/uploads\/2021\/12\/bpw_spain_logo_cast25-300x212.jpg\" alt=\"\" width=\"147\" height=\"104\" \/><\/a><\/td>\n<\/tr>\n<tr>\n<td width=\"142\"><a href=\"https:\/\/www.mdpi.com\/journal\/information\" target=\"_blank\" rel=\"noopener\"><img loading=\"lazy\" decoding=\"async\" src=\"http:\/\/teruel2022.congresotaee.es\/wp-content\/uploads\/2021\/12\/Information-logo-300x94.png\" alt=\"\" width=\"300\" height=\"94\" \/><\/a><\/td>\n<td width=\"142\"><img loading=\"lazy\" decoding=\"async\" src=\"http:\/\/teruel2022.congresotaee.es\/wp-content\/uploads\/2021\/12\/Logo-catedra-Uned-300x97.jpg\" alt=\"\" width=\"300\" height=\"97\" \/><\/td>\n<td width=\"142\"><a href=\"http:\/\/diec.unizar.es\/\" target=\"_blank\" rel=\"noopener\"><img loading=\"lazy\" decoding=\"async\" src=\"http:\/\/teruel2022.congresotaee.es\/wp-content\/uploads\/2021\/12\/ingenieria_electronica-color-300x88.png\" alt=\"\" width=\"300\" height=\"88\" \/><\/a><\/td>\n<td width=\"142\"><a href=\"https:\/\/ie.unizar.es\/\" target=\"_blank\" rel=\"noopener\"><img loading=\"lazy\" decoding=\"async\" src=\"http:\/\/teruel2022.congresotaee.es\/wp-content\/uploads\/2021\/12\/ingenieria_electrica-color-300x87.png\" alt=\"\" width=\"300\" height=\"87\" \/><\/a><\/td>\n<\/tr>\n<tr>\n<td width=\"142\"><a href=\"http:\/\/innovaciondocente.unizar.es\/\" target=\"_blank\" rel=\"noopener\"><img loading=\"lazy\" decoding=\"async\" src=\"http:\/\/teruel2022.congresotaee.es\/wp-content\/uploads\/2022\/02\/vice_academica-300x90.png\" alt=\"\" width=\"300\" height=\"90\" \/><\/a><\/td>\n<td width=\"142\"><img loading=\"lazy\" decoding=\"async\" src=\"http:\/\/teruel2022.congresotaee.es\/wp-content\/uploads\/2021\/12\/bwp_enredadas-300x156.png\" alt=\"\" width=\"300\" height=\"156\" \/><\/td>\n<td width=\"142\"><img loading=\"lazy\" decoding=\"async\" src=\"http:\/\/teruel2022.congresotaee.es\/wp-content\/uploads\/2022\/05\/Ayto-logo-300x110.png\" alt=\"\" width=\"300\" height=\"110\" \/><\/td>\n<td width=\"142\"><img loading=\"lazy\" decoding=\"async\" src=\"http:\/\/teruel2022.congresotaee.es\/wp-content\/uploads\/2022\/05\/vrector-300x95.png\" alt=\"\" width=\"300\" height=\"95\" \/><\/td>\n<\/tr>\n<tr>\n<td width=\"142\"><img loading=\"lazy\" decoding=\"async\" src=\"http:\/\/teruel2022.congresotaee.es\/wp-content\/uploads\/2022\/05\/camara-logo-300x106.png\" alt=\"\" width=\"300\" height=\"106\" \/><\/td>\n<td width=\"142\"><a href=\"https:\/\/www.ceoeteruel.es\/\" target=\"_blank\" rel=\"noopener\"><img loading=\"lazy\" decoding=\"async\" src=\"http:\/\/teruel2022.congresotaee.es\/wp-content\/uploads\/2022\/06\/ceoe-1-300x171.png\" alt=\"\" width=\"300\" height=\"171\" \/><\/a><\/td>\n<td width=\"142\"><a href=\"https:\/\/www.telecosaragon.es\/\" target=\"_blank\" rel=\"noopener\"><img loading=\"lazy\" decoding=\"async\" src=\"http:\/\/teruel2022.congresotaee.es\/wp-content\/uploads\/2022\/06\/Telecos-logo-300x110.png\" alt=\"\" width=\"300\" height=\"110\" \/><\/a><\/td>\n<td width=\"142\"><\/td>\n<\/tr>\n<\/tbody>\n<\/table>\n<p>&nbsp;<\/p>\n\t<h6>\n\t\t\t\t\tPresentaci\u00f3n\n\t\t\t\t<\/h6>\n\t<h2>\n\t\t\t\t\t\u00c1mbito del Congreso\n\t\t\t\t<\/h2>\n\t\t\t\n\t<p>El <strong>XV Congreso TAEE<\/strong> se celebrar\u00e1 previsiblemente de manera <strong>presencial<\/strong> en la <strong>Escuela Universitaria Polit\u00e9cnica de Teruel<\/strong> (Universidad de Zaragoza), ubicada en la preciosa ciudad de Teruel. Aunque el Congreso se prev\u00e9 que sea presencial, se aceptar\u00e1n tambi\u00e9n un porcentaje de comunicaciones para ser presentadas <strong>online<\/strong>.<\/p>\n<p>Est\u00e1 organizado por el grupo de I+D+i EduQTech, por la Escuela Universitaria Polit\u00e9cnica de Teruel, por la Escuela Universitaria Polit\u00e9cnica de La Almunia y por la Asociaci\u00f3n TAEE.<\/p>\n<p>Los Congresos TAEE tienen como <strong>objetivo<\/strong> <strong>mejorar la docencia<\/strong> en el \u00e1mbito de la <strong>Electr\u00f3nica<\/strong> mediante la reflexi\u00f3n conjunta de los problemas a los que se enfrenta, la generaci\u00f3n de recursos did\u00e1cticos, principalmente con base tecnol\u00f3gica, el fomento de la reutilizaci\u00f3n y la generaci\u00f3n cooperativa del conocimiento y, especialmente, su vinculaci\u00f3n a la investigaci\u00f3n y la actividad profesional.<\/p>\n<p>La Asociaci\u00f3n TAEE y el comit\u00e9 local le invitan cordialmente a enviar trabajos para su valoraci\u00f3n en alguno de los diferentes \u00e1mbitos de la <strong>Electr\u00f3nica<\/strong>, en el marco de las <strong>Tecnolog\u00edas de la Informaci\u00f3n y las Comunicaciones<\/strong>:<\/p>\n<ul>\n<li>Fundamentos de electr\u00f3nica.<\/li>\n<li>Electr\u00f3nica anal\u00f3gica.<\/li>\n<li>Sistemas digitales.<\/li>\n<li>Microcontroladores y microprocesadores.<\/li>\n<li>Instrumentaci\u00f3n electr\u00f3nica.<\/li>\n<li>Electr\u00f3nica de potencia.<\/li>\n<li>Tecnolog\u00eda de dispositivos.<\/li>\n<li>Sistemas de control.<\/li>\n<li>Procesado de se\u00f1al.<\/li>\n<li>Sistemas de comunicaci\u00f3n.<\/li>\n<li>Aplicaciones electr\u00f3nicas (p. ej.: industria 5.0, smart cities, ingenier\u00eda biom\u00e9dica, drones, veh\u00edculos el\u00e9ctricos, energ\u00edas renovables, etc.).<\/li>\n<li>Experiencias docentes<\/li>\n<li>Pr\u00e1cticas en empresa<\/li>\n<li>Colaboraci\u00f3n Universidad- Empresa<\/li>\n<li>Otros<\/li>\n<\/ul>\n\t\t\t<a href=\"https:\/\/teruel2022.congresotaee.es\/?page_id=2131\" target=\"_self\" role=\"button\" rel=\"noopener\">\n\t\t\t\t\t\tPrograma del Congreso\n\t\t<\/a>\n\t<h4>\n\t\t\t\t\tPr\u00f3xima fecha importante\n\t\t\t\t<\/h4>\n\t\t\t\n\t<h4>\n\t\t\t\t\tHistoria\n\t\t\t\t<\/h4>\n\t\t\t<p>Congreso que bianualmente reune a docentes de electr\u00f3nica, instrumentaci\u00f3n, comunicaciones, ingenier\u00eda el\u00e9ctrica, autom\u00e1tica, etc.<\/p>\n\t<h4>\n\t\t\t\t\tIdiomas del congreso\n\t\t\t\t<\/h4>\n\t\t\t<p>Espa\u00f1ol, portugu\u00e9s e ingl\u00e9s<\/p>\n\t<h6>\n\t\t\t\t\tSede del XV Congreso\n\t\t\t\t<\/h6>\n\t<h4>\n\t\t\t\t\tTeruel\n\t\t\t\t<\/h4>\n\t\t\t<p>Capital mundial del mud\u00e9jar. Naturaleza, patrimonio, cultura, gastronom\u00eda y un ambiente familiar inigualable.<\/p>\n\t\t\t<a href=\"https:\/\/www.turismodearagon.com\/ficha\/teruel\/\" target=\"_blank\" role=\"button\" rel=\"noopener\">\n\t\t\t\t\t\tConoce m\u00e1s sobre Teruel\n\t\t<\/a>\n\t<h6>\n\t\t\t\t\tPublicaciones\n\t\t\t\t<\/h6>\n\t<h2>\n\t\t\t\t\tIndexaci\u00f3n de las contribuciones\n\t\t\t\t<\/h2>\n\t\t\t\n\t<h4>\n\t\t\t\t\tIEEE Xplore\n\t\t\t\t<\/h4>\n\t\t\t<p>Todos los autores que lo deseen podr\u00e1n escribir una versi\u00f3n en ingl\u00e9s de sus art\u00edculos con posterioridad a la aceptaci\u00f3n. Esta versi\u00f3n ser\u00e1 enviada al IEEE para su publicaci\u00f3n en<a href=\"https:\/\/ieeexplore.ieee.org\/xpl\/conhome\/9159129\/proceeding\" target=\"_blank\" rel=\"noopener\"> IEEE Xplore<\/a> con doi asociado. Accede a los art\u00edculos de la \u00faltima edici\u00f3n <a href=\"https:\/\/ieeexplore.ieee.org\/xpl\/conhome\/9159129\/proceeding\" target=\"_blank\" rel=\"noopener\">aqu\u00ed<\/a>.<\/p>\n\t<h4>\n\t\t\t\t\tDialnet\n\t\t\t\t<\/h4>\n\t\t\t<p>Todos los art\u00edculos ser\u00e1n publicados en el repositorio Dialnet. Accede a los art\u00edculos de la \u00faltima edici\u00f3n <a href=\"https:\/\/dialnet.unirioja.es\/servlet\/libro?codigo=794401\" target=\"_blank\" rel=\"noopener\">aqu\u00ed<\/a>.<\/p>\n\t<h4>\n\t\t\t\t\tRevistas JCR\n\t\t\t\t<\/h4>\n\t\t\t<p>Se realizar\u00e1 una selecci\u00f3n de los mejores art\u00edculos para ser propuestos en una versi\u00f3n extendida para su publicaci\u00f3n en las revistas<strong> IEEE Transactions on Education<\/strong> (indexada JCR) e <strong>IEEE-RITA<\/strong>. Adem\u00e1s, si se recibe un n\u00famero suficiente de trabajos de alta calidad, ser\u00e1 posible enviarlos a un\u00a0<i>special issue<\/i> del Congreso TAEE en la revista <strong>Information\u00a0<\/strong>(indexada JCR).<\/p>\n\t<h4>\n\t\t\t\t\tProceedings del Congreso\n\t\t\t\t<\/h4>\n\t\t\t<p>Todos los art\u00edculos ser\u00e1n incluidos en el libro de res\u00famenes y tambi\u00e9n en el de actas del Congreso (en espa\u00f1ol y portugu\u00e9s) con ISBN (uno diferente para cada libro).<\/p>\n\t<h4>\n\t\t\t\t\tRepositorios digitales TAEE\n\t\t\t\t<\/h4>\n\t\t\t<p>Todos los art\u00edculos se publicar\u00e1n en abierto en los <a href=\"http:\/\/taee.etsist.upm.es\/recursos-taee\" target=\"_blank\" rel=\"noopener\">repositorios digitales<\/a> de la Asociaci\u00f3n TAEE.<\/p>\n\t<h6>\n\t\t\t\t\tSede del Congreso\n\t\t\t\t<\/h6>\n\t<h2>\n\t\t\t\t\tSede del TAEE: Teruel\n\t\t\t\t<\/h2>\n\t\t\t\t<img decoding=\"async\" src=\"http:\/\/teruel2022.congresotaee.es\/wp-content\/uploads\/2021\/06\/que-visitar-en-teruel-4.1-1024x575-1.jpg\" alt=\"que-visitar-en-teruel-4.1-1024x575-1\" itemprop=\"image\" title=\"que-visitar-en-teruel-4.1-1024x575-1\" onerror=\"this.style.display='none'\"  \/>\n\t\t\t\t<img decoding=\"async\" src=\"http:\/\/teruel2022.congresotaee.es\/wp-content\/uploads\/2021\/06\/1024px-Plaza_del_Torico_Teruel-1.jpg\" alt=\"1024px-Plaza_del_Torico_(Teruel) (1)\" itemprop=\"image\" title=\"1024px-Plaza_del_Torico_(Teruel) (1)\" onerror=\"this.style.display='none'\"  \/>\n\t<p>\u00bfPreparado para conocer el &#8220;frescalor&#8221;, el &#8220;rapilento&#8221;, el &#8220;tranquintenso&#8221; y al &#8220;cosmopueblita&#8221;? SienteTeruel<\/p>\n\t<iframe loading=\"lazy\" width=\"560\" height=\"315\" src=\"https:\/\/www.youtube.com\/embed\/O2Ilop29Ck0\" title=\"YouTube video player\" frameborder=\"0\" allow=\"accelerometer; autoplay; clipboard-write; encrypted-media; gyroscope; picture-in-picture\" allowfullscreen><\/iframe>\n\t<i>&#9733;<\/i><i>&#9733;<\/i><i>&#9733;<\/i><i>&#9733;<\/i><i>&#9733;<\/i>\t\n\t<p>En Teruel encontrar\u00e1s la historia de amor m\u00e1s grande jam\u00e1s contada&#8230; Eso, y mucho m\u00e1s&#8230;<\/p>\n\t<iframe loading=\"lazy\" width=\"560\" height=\"315\" src=\"https:\/\/www.youtube.com\/embed\/N9ZJAvWGHj8\" title=\"YouTube video player\" frameborder=\"0\" allow=\"accelerometer; autoplay; clipboard-write; encrypted-media; gyroscope; picture-in-picture\" allowfullscreen><\/iframe>\n\t<i>&#9733;<\/i><i>&#9733;<\/i><i>&#9733;<\/i><i>&#9733;<\/i><i>&#9733;<\/i>\t\n\t<h2>\n\t\t\t\t\tXV Congreso TAEE\n\t\t\t\t<\/h2>\n\t\t\t<p>Organizado por la Asociaci\u00f3n Tecnolog\u00eda, Aprendizaje y Ense\u00f1anza de la Electr\u00f3nica (TAEE)<\/p>\n\t\t\t<a href=\"http:\/\/taee.etsist.upm.es\/\" target=\"_blank\" role=\"button\" rel=\"noopener\">\n\t\t\t\t\t\t\tAcceso a la p\u00e1gina web de la Asociaci\u00f3n TAEE\n\t\t\t\t\t<\/a>\n\n","protected":false},"excerpt":{"rendered":"<p>Teruel, del 29 de junio al 1 de julio de 2022 XV Congreso Tecnolog\u00eda Aprendizaje y Ense\u00f1anza de la Electr\u00f3nica Teruel (Espa\u00f1a), del 29 de junio al 1 de julio de 2022 Sede del Congreso Programa del Congreso Programa del Congreso \u00c1reas tem\u00e1ticas XV Congreso TAEE Organizadores XV Congreso TAEE Patrocinadores &nbsp; Presentaci\u00f3n \u00c1mbito del &hellip;<\/p>\n<p class=\"read-more\"> <a class=\"\" href=\"https:\/\/teruel2022.congresotaee.es\/\"> <span class=\"screen-reader-text\">Home<\/span> Read More &raquo;<\/a><\/p>\n","protected":false},"author":1,"featured_media":984,"parent":0,"menu_order":0,"comment_status":"closed","ping_status":"closed","template":"","meta":{"om_disable_all_campaigns":false,"_monsterinsights_skip_tracking":false,"_monsterinsights_sitenote_active":false,"_monsterinsights_sitenote_note":"","_monsterinsights_sitenote_category":0,"footnotes":""},"class_list":["post-736","page","type-page","status-publish","has-post-thumbnail","hentry"],"_links":{"self":[{"href":"https:\/\/teruel2022.congresotaee.es\/index.php?rest_route=\/wp\/v2\/pages\/736","targetHints":{"allow":["GET"]}}],"collection":[{"href":"https:\/\/teruel2022.congresotaee.es\/index.php?rest_route=\/wp\/v2\/pages"}],"about":[{"href":"https:\/\/teruel2022.congresotaee.es\/index.php?rest_route=\/wp\/v2\/types\/page"}],"author":[{"embeddable":true,"href":"https:\/\/teruel2022.congresotaee.es\/index.php?rest_route=\/wp\/v2\/users\/1"}],"replies":[{"embeddable":true,"href":"https:\/\/teruel2022.congresotaee.es\/index.php?rest_route=%2Fwp%2Fv2%2Fcomments&post=736"}],"version-history":[{"count":103,"href":"https:\/\/teruel2022.congresotaee.es\/index.php?rest_route=\/wp\/v2\/pages\/736\/revisions"}],"predecessor-version":[{"id":2213,"href":"https:\/\/teruel2022.congresotaee.es\/index.php?rest_route=\/wp\/v2\/pages\/736\/revisions\/2213"}],"wp:featuredmedia":[{"embeddable":true,"href":"https:\/\/teruel2022.congresotaee.es\/index.php?rest_route=\/wp\/v2\/media\/984"}],"wp:attachment":[{"href":"https:\/\/teruel2022.congresotaee.es\/index.php?rest_route=%2Fwp%2Fv2%2Fmedia&parent=736"}],"curies":[{"name":"wp","href":"https:\/\/api.w.org\/{rel}","templated":true}]}}