{"id":2251,"date":"2022-07-08T08:15:54","date_gmt":"2022-07-08T08:15:54","guid":{"rendered":"https:\/\/teruel2022.congresotaee.es\/?page_id=2251"},"modified":"2022-07-08T08:23:33","modified_gmt":"2022-07-08T08:23:33","slug":"premios","status":"publish","type":"page","link":"https:\/\/teruel2022.congresotaee.es\/?page_id=2251","title":{"rendered":"Premios"},"content":{"rendered":"\n\n\t<h1>\n\t\t\t\t\tPremios\n\t\t\t\t<\/h1>\n\t\t\t<p>Premiados en el XV Congreso TAEE<\/p>\n\t<h6>\n\t\t\t\t\tXV Congreso TAEE\n\t\t\t\t<\/h6>\n\t<h2>\n\t\t\t\t\tMejor Comunicaci\u00f3n Oral\n\t\t\t\t<\/h2>\n\t&#8220;<strong>Using Software-Defined Radio learning modules for Communication Systems<\/strong>&#8220;<br \/>\n<em>Autores<\/em>: Luis Alejandro Camu\u00f1as Mesa and Jos\u00e9 Manuel de la Rosa Utrera\n\t<h6>\n\t\t\t\t\tXV Congreso TAEE\n\t\t\t\t<\/h6>\n\t<h2>\n\t\t\t\t\tMejor P\u00f3ster\n\t\t\t\t<\/h2>\n\t&#8220;<strong>Educational synthesis for LCL Filter Design and Performance Analysis for a 20-kW, 25-kHz SiC inverter<\/strong>&#8220;<br \/>\n<em>Autores<\/em>: Susana Mart\u00edn-Arroyo, Miguel Garc\u00eda-Gracia, \u00c1lvaro Llamazares, David Ca\u00f1ete L\u00f3pez and Jorge Herrero\n\t<h6>\n\t\t\t\t\tXV Congreso TAEE\n\t\t\t\t<\/h6>\n\t<h2>\n\t\t\t\t\tMejor Demostrador\n\t\t\t\t<\/h2>\n\t&#8220;<strong>Dise\u00f1o de un proyecto electr\u00f3nico del Internet de las Cosas para la formaci\u00f3n en instrumentaci\u00f3n electr\u00f3nica de ingenieros industriales<\/strong>&#8220;<br \/>\n<em>Autor<\/em>: \u00c1ngel Mar\u00eda Andueza Unanua\n\t<h6>\n\t\t\t\t\tXV Congreso TAEE\n\t\t\t\t<\/h6>\n\t<h2>\n\t\t\t\t\tMejor Trabajo Doctoral \/ TFG-TFM\n\t\t\t\t<\/h2>\n\t&#8220;<strong>Dise\u00f1o de un radiotelescopio para la observaci\u00f3n de radiaci\u00f3n de fondo a 1.42 GHz basado en SDR<\/strong>&#8220;<br \/>\n<em>Autores<\/em>: Francisco Gim\u00e9nez-Cordellat, C\u00e0ndid Reig and Enrique Navarro-Camba\n\t<h6>\n\t\t\t\t\tXV Congreso TAEE\n\t\t\t\t<\/h6>\n\t<h2>\n\t\t\t\t\tMejor Trabajo de Ense\u00f1anzas Medias &#8211; FP\n\t\t\t\t<\/h2>\n\t&#8220;<strong>Pr\u00e1cticas en empresas en estudios superiores: FP dual, Universitarias no<\/strong><br \/>\n<strong>curriculares<\/strong>&#8220;<br \/>\n<em>Autor<\/em>: C\u00e9sar Utrillas\n\t<h6>\n\t\t\t\t\tXV Congreso TAEE\n\t\t\t\t<\/h6>\n\t<h2>\n\t\t\t\t\tPreguntas frecuentes\n\t\t\t\t<\/h2>\n\t\t\t<p>Respondemos a algunas de las dudas m\u00e1s habituales<\/p>\n\t<h6>\n\t\t\t\t\t\u00bfQu\u00e9 reconocimiento recibo por mi premio?\n\t\t\t\t<\/h6>\n\t\t\t<p>Un certificado acreditativo y un obsequio.\u00a0<\/p>\n\n","protected":false},"excerpt":{"rendered":"<p>Premios Premiados en el XV Congreso TAEE XV Congreso TAEE Mejor Comunicaci\u00f3n Oral &#8220;Using Software-Defined Radio learning modules for Communication Systems&#8220; Autores: Luis Alejandro Camu\u00f1as Mesa and Jos\u00e9 Manuel de la Rosa Utrera XV Congreso TAEE Mejor P\u00f3ster &#8220;Educational synthesis for LCL Filter Design and Performance Analysis for a 20-kW, 25-kHz SiC inverter&#8220; Autores: Susana &hellip;<\/p>\n<p class=\"read-more\"> <a class=\"\" href=\"https:\/\/teruel2022.congresotaee.es\/?page_id=2251\"> <span class=\"screen-reader-text\">Premios<\/span> Read More &raquo;<\/a><\/p>\n","protected":false},"author":1,"featured_media":0,"parent":0,"menu_order":0,"comment_status":"closed","ping_status":"closed","template":"","meta":{"om_disable_all_campaigns":false,"_monsterinsights_skip_tracking":false,"_monsterinsights_sitenote_active":false,"_monsterinsights_sitenote_note":"","_monsterinsights_sitenote_category":0,"footnotes":""},"class_list":["post-2251","page","type-page","status-publish","hentry"],"_links":{"self":[{"href":"https:\/\/teruel2022.congresotaee.es\/index.php?rest_route=\/wp\/v2\/pages\/2251","targetHints":{"allow":["GET"]}}],"collection":[{"href":"https:\/\/teruel2022.congresotaee.es\/index.php?rest_route=\/wp\/v2\/pages"}],"about":[{"href":"https:\/\/teruel2022.congresotaee.es\/index.php?rest_route=\/wp\/v2\/types\/page"}],"author":[{"embeddable":true,"href":"https:\/\/teruel2022.congresotaee.es\/index.php?rest_route=\/wp\/v2\/users\/1"}],"replies":[{"embeddable":true,"href":"https:\/\/teruel2022.congresotaee.es\/index.php?rest_route=%2Fwp%2Fv2%2Fcomments&post=2251"}],"version-history":[{"count":3,"href":"https:\/\/teruel2022.congresotaee.es\/index.php?rest_route=\/wp\/v2\/pages\/2251\/revisions"}],"predecessor-version":[{"id":2255,"href":"https:\/\/teruel2022.congresotaee.es\/index.php?rest_route=\/wp\/v2\/pages\/2251\/revisions\/2255"}],"wp:attachment":[{"href":"https:\/\/teruel2022.congresotaee.es\/index.php?rest_route=%2Fwp%2Fv2%2Fmedia&parent=2251"}],"curies":[{"name":"wp","href":"https:\/\/api.w.org\/{rel}","templated":true}]}}