{"id":2131,"date":"2022-06-25T16:37:42","date_gmt":"2022-06-25T16:37:42","guid":{"rendered":"https:\/\/teruel2022.congresotaee.es\/?page_id=2131"},"modified":"2022-07-08T08:32:25","modified_gmt":"2022-07-08T08:32:25","slug":"programa","status":"publish","type":"page","link":"https:\/\/teruel2022.congresotaee.es\/?page_id=2131","title":{"rendered":"Programa"},"content":{"rendered":"\n\n\t<h1>\n\t\t\t\t\tPrograma\n\t\t\t\t<\/h1>\n\t\t\t<p>XV Congreso TAEE<\/p>\n\t<h2>\n\t\t\t\t\tPrograma en PDF\n\t\t\t\t<\/h2>\n\t\t\t\n\n<p>Descarga las <strong>sesiones<\/strong> del Congreso <strong>en PDF<\/strong> <a href=\"http:\/\/teruel2022.congresotaee.es\/wp-content\/uploads\/2022\/06\/Planning-TAEE-2022-Web-v5.pdf\" target=\"_blank\" rel=\"noopener\">aqu\u00ed<\/a>.<\/p>\n<p>Descarga el <strong>listado de trabajos en PDF<\/strong>\u00a0<a href=\"http:\/\/teruel2022.congresotaee.es\/wp-content\/uploads\/2022\/06\/Sesiones-presentaciones-V3.pdf\" target=\"_blank\" rel=\"noopener\">aqu\u00ed<\/a>.<\/p>\n\t<h2>\n\t\t\t\t\tMi\u00e9rcoles, 29 de junio\n\t\t\t\t<\/h2>\n\t\t\t\n\n<p>\u00a0<\/p>\n\n<p>Registro y acreditaci\u00f3n<\/p>\n\n<p>Inauguraci\u00f3n<\/p>\n\n<p>Mesa redonda: &#8220;<em>Nuevo marco legislativo, nuevas oportunidades para la Universidad y Formaci\u00f3n Profesional<\/em>&#8220;<\/p>\n<p>M\u00e1s informaci\u00f3n <a href=\"https:\/\/teruel2022.congresotaee.es\/?page_id=1968\" target=\"_blank\" rel=\"noopener\">aqu\u00ed<\/a>.<\/p>\n\n<p>Caf\u00e9<\/p>\n\n\n<p><em>Moderador<\/em>: Rafael de Jes\u00fas Navas<\/p>\n<p><em>Trabajos<\/em>:<\/p>\n<p>28 &#8211; Herramienta Did\u00e1ctica para el Autoaprendizaje del C\u00e1lculo de Disipadores.<\/p>\n<p>41 &#8211; Placas comerciales de bajo coste para pr\u00e1cticas con alumnos de Ingenier\u00eda.<\/p>\n<p>56 &#8211; Trabajos fin de grado como iniciaci\u00f3n a la investigaci\u00f3n<\/p>\n<p>76 &#8211; Finite-element simulation and hands-on learning activities for teaching wireless power transfer systems.<\/p>\n<p>105 &#8211; Convertidores integrados boost m\u00e1s adecuados para la realizaci\u00f3n de pr\u00e1cticas de laboratorio.<\/p>\n<p>106 &#8211; Convertidor electr\u00f3nico dc-dc reductor configurable para ensayos de laboratorio.<\/p>\n\n<p><em>Moderador<\/em>: Lluis Vicent Safont<\/p>\n\n<p>2 &#8211; Colaboraci\u00f3n empresa-universidad en asignatura del M\u00e1ster de Industria 4.0.<\/p>\n<p>13 &#8211; Aprendizaje basado en retos en un entorno universidad-empresa.<\/p>\n<p>102 &#8211; La Electr\u00f3nica de potencia en Redes El\u00e9ctricas Inteligentes.<\/p>\n<p>103 &#8211; Use of Sysquake as an interactive tool in the teaching of automation systems.<\/p>\n<p>141 &#8211; Gemelos digitales, estrategia did\u00e1ctica para la ense\u00f1anza de automatizaci\u00f3n industrial.<\/p>\n<p>187 &#8211; Competici\u00f3n soportada por Tecnolog\u00edas de la Informaci\u00f3n incluyendo Escenarios IoT.<\/p>\n\n<p><em>Moderador<\/em>: Oscar Mart\u00ednez Bonastre<\/p>\n<p><em>Trabajos<\/em>:<\/p>\n<p>45 &#8211; La electr\u00f3nica en la ingenier\u00eda de mantenimiento.<\/p>\n<p>49 &#8211; Learning about nanodevices using experimental characterization equipment.<\/p>\n<p>109 &#8211; Materiales de soporte para la docencia del electromagnetismo.<\/p>\n<p>110 &#8211; LabPcb: graphical tools for learning PCB manufacturing, assembly and testing.<\/p>\n<p>111 &#8211; Reflexiones en el dise\u00f1o de un laboratorio de potencia en educaci\u00f3n superior.<\/p>\n<p>163 &#8211; Hardware Test subjects in academic education.<\/p>\n\n<p>Comida<\/p>\n\n\n<p><em>Moderador<\/em>: Jose V. Benlloch-Dualde<\/p>\n<p><em>Trabajos<\/em>:<\/p>\n<p>14 &#8211; Mixed Signal Electronics Project Based Learning Approach For Engineering Students.<\/p>\n<p>72 &#8211; Aprendizaje basado en problemas de la asignatura Sistemas Electr\u00f3nicos Programables.<\/p>\n<p>113 &#8211; M3CVME: Supporting Tool for Electric Vehicle Speed Controller Supervision.<\/p>\n<p>140 &#8211; Hacia un nuevo enfoque en el laboratorio de Arquitectura de Ordenadores.<\/p>\n<p>176 &#8211; Planificaci\u00f3n de cursos de microprocesadores y PICs para estudiantes de ingenier\u00eda basado en blended learning.<\/p>\n\n<p><em>Moderador<\/em>: Francisco Mur<\/p>\n<p><em>Trabajos<\/em>:<\/p>\n<p>15 &#8211; Dise\u00f1o de Unidad Aritm\u00e9tico L\u00f3gica (ALU) en un laboratorio virtual 3D.<\/p>\n<p>16 &#8211; Desarrollo de laboratorios virtuales para el aprendizaje de PAM\/PCM<\/p>\n<p>134 &#8211; Modelo de Aula Virtual Inmersiva para un Ambiente de Aprendizaje Sincr\u00f3nico Mixto.<\/p>\n<p>167 &#8211; Herramientas para la ense\u00f1anza de taller de electr\u00f3nica en contexto de virtualidad.<\/p>\n\n<p><em>Moderador<\/em>: Guillermo Palacios<\/p>\n<p><em>Trabajos<\/em>:<\/p>\n<p>21 &#8211; Ingeni\u00e1ndome: plan de apoyo para mejorar habilidades psicol\u00f3gicas.<\/p>\n<p>122 &#8211; \u00bfInfluye un sistema de garant\u00eda de la calidad en la participaci\u00f3n de los estudiantes?<\/p>\n<p>135 &#8211; Situaci\u00f3n laboral de los graduados en Ingenier\u00eda Electr\u00f3nica Industrial en la Universidad de Ja\u00e9n.<\/p>\n<p>136 &#8211; Impacto del programa de tutor\u00edas en la deserci\u00f3n de estudiantes de ingenier\u00eda.<\/p>\n<p>137 &#8211; Acciones para mejorar la visibilidad del Grado en Ingenier\u00eda Electr\u00f3nica y Autom\u00e1tica.<\/p>\n<p>138 &#8211; Ampliando fronteras mediante acciones de marketing en un m\u00e1ster de tecnolog\u00eda y salud.<\/p>\n\n\n\n<p><em>Moderador<\/em>: Ana L\u00f3pez<\/p>\n<p><em>Trabajos<\/em>:<\/p>\n<p>53 &#8211; Maqueta did\u00e1ctica para la optimizaci\u00f3n de la ventilaci\u00f3n en estancias con presencia de CO2.<\/p>\n<p>68- Adaptaci\u00f3n en el simulador FTD\/C10-kfir del sistema ILS para los comandos de vuelo HOTAS.<\/p>\n<p>79 &#8211; Pr\u00e1cticas de Electr\u00f3nica Digital para un Laboratorio Remoto Basado en FPGA.<\/p>\n<p>85 &#8211; Pr\u00e1cticas de Instrumentaci\u00f3n Biom\u00e9dica con Arduino Tinkercad.<\/p>\n<p>124- Parallel computing learning in electronic engineering based in the treatment of images.<\/p>\n<p>157 &#8211; Brazo rob\u00f3tico de bajo coste controlado en tiempo real mediante m\u00faltiples sensores y procesamiento de se\u00f1ales EMG.<\/p>\n<p>166 &#8211; An\u00e1lisis y Dise\u00f1o de un controlador PID, Fuzzy y Neuronal Predictivo aplicado sobre un sistema de Levitaci\u00f3n Magn\u00e9tica.<\/p>\n\n<p><em>Moderador<\/em>: Jos\u00e9 Ignacio Artigas<\/p>\n<p><em>Trabajos<\/em>:<\/p>\n<p>3 &#8211; Experiencia educativa flexible con Videojuegos en Arduino en el Grado de Ingenier\u00eda Inform\u00e1tica.<\/p>\n<p>12 &#8211; Las pr\u00e1cticas de Sistemas Electr\u00f3nicos Digitales en tiempos de pandemia.<\/p>\n<p>18 &#8211; Renewing an electronics course at university with support of ICT resources after the pandemic context.<\/p>\n<p>43 &#8211; Red de monitorizaci\u00f3n continua de la calidad ambiental en entornos educativos.<\/p>\n<p>44 &#8211; Formaci\u00f3n en emprendimiento sostenible. Experiencia en la educaci\u00f3n superior.<\/p>\n<p>179 &#8211; Evoluci\u00f3n de las pol\u00edticas educativas para la integraci\u00f3n de las TIC en el medio docente.<\/p>\n<p>189 &#8211; Innovation, Research and Development in Engineering Education. Activities of the Spanish Chapter of the IEEE Education Society.<\/p>\n\n<p><em>Moderador<\/em>: Sergio Mart\u00edn<\/p>\n<p><em>Trabajos<\/em>:<\/p>\n<p>22 &#8211; Humanoide did\u00e1ctico y programable de c\u00f3digo abierto.<\/p>\n<p>91 &#8211; Dise\u00f1o de probador de ICs y su efecto en la aplicaci\u00f3n en laboratorios de electr\u00f3nica.<\/p>\n<p>100 &#8211; Sintetizador MIDI programable educativo.<\/p>\n<p>131 &#8211; Automatic lab system for optical, electrical, and thermal inspection of PCBs.<\/p>\n<p>161 &#8211; Desarrollo cooperativo de recursos para la ense\u00f1anza\/aprendizaje de la electrost\u00e1tica.<\/p>\n\n<p><em>Moderador<\/em>: Elio San Cristobal<\/p>\n<p><em>Trabajos<\/em>:<\/p>\n<p>40 &#8211; Maqueta open hardware para asignaturas de electr\u00f3nica programable<\/p>\n<p>65 &#8211; Implementaci\u00f3n sobre FPGA de un prototipo de alarma dom\u00e9stica sensorizada.<\/p>\n<p>82 &#8211; Ense\u00f1anza basada en dise\u00f1os propuestos por los alumnos: caso pr\u00e1ctico.<\/p>\n<p>133 &#8211; Depurador JTAG de bajo coste con interfaz WiFi.<\/p>\n<p>80 &#8211; Learning and Design of Computational Systems: Integrating the Compsim Simulator to FPGAs.<\/p>\n\n\n<p>M\u00e1s informaci\u00f3n <a href=\"https:\/\/teruel2022.congresotaee.es\/?page_id=1968\" target=\"_blank\" rel=\"noopener\">aqu\u00ed<\/a>.<\/p>\n\n<p>Reuni\u00f3n IEEE<\/p>\n<p>M\u00e1s informaci\u00f3n <a href=\"https:\/\/teruel2022.congresotaee.es\/?page_id=1968\" target=\"_blank\" rel=\"noopener\">aqu\u00ed<\/a>.<\/p>\n\n<p>Acto social<\/p>\n<p>M\u00e1s informaci\u00f3n <a href=\"https:\/\/teruel2022.congresotaee.es\/?page_id=2100\" target=\"_blank\" rel=\"noopener\">aqu\u00ed<\/a>.<\/p>\n\t<h2>\n\t\t\t\t\tJueves, 30 de junio\n\t\t\t\t<\/h2>\n\t\t\t\n\n\n<p>Registro y acreditaci\u00f3n<\/p>\n\n\n<p><em>Moderador<\/em>: Nicol\u00e1s Medrano<\/p>\n<p><em>Trabajos<\/em>:<\/p>\n<p>87 &#8211; A contour-map approach to MOS transistor design.<\/p>\n<p>88 &#8211; An analysis method for the bandwidth range in CMOS technologies.<\/p>\n<p>90 &#8211; Methodology and comparison of evaluation methods in electronic laboratories.<\/p>\n<p>112 &#8211; Utilizaci\u00f3n de Quizizz para Reforzar los Conocimientos de Fundamentos de Electr\u00f3nica.<\/p>\n<p>123 &#8211; Diez a\u00f1os de experiencia PBL en Electr\u00f3nica General.<\/p>\n<p>156 &#8211; Del an\u00e1lisis al producto electr\u00f3nico.<\/p>\n\n<p><em>Moderador<\/em>: Diego Antol\u00edn<\/p>\n<p><em>Trabajos<\/em>:<\/p>\n<p>7 &#8211; Development of Laboratory of the FPGA ICEZUM Alhambra Summary.<\/p>\n<p>10 &#8211; C\u00f3mo hemos ense\u00f1ado electr\u00f3nica anal\u00f3gica y digital durante la pandemia.<\/p>\n<p>31 &#8211; An online Modbus device simulator for remote teaching scenarios.<\/p>\n<p>47 &#8211; Plataforma de Laboratorios Remotos para pr\u00e1cticas con Microcontroladores.<\/p>\n<p>126 &#8211; Puesto de laboratorio de Electr\u00f3nica para uso presencial y remoto.<\/p>\n<p>151 &#8211; Laboratorio remoto para el dise\u00f1o de System on Chip sobre dispositivo programables (FPGAs).<\/p>\n\n<p><em>Moderador<\/em>: Catalina Rus<\/p>\n<p><em>Trabajos<\/em>:<\/p>\n<p>46 &#8211; Pensamiento cr\u00edtico, \u00e9tica, y responsabilidad profesional en primer curso de grado.<\/p>\n<p>73 &#8211; Ense\u00f1ar ingenier\u00eda en las cat\u00e1strofes.<\/p>\n<p>89 &#8211; Visibilizar a la mujer en tecnolog\u00eda: Estrategias de trabajo en la Ingenier\u00eda de Telecomunicaci\u00f3n.<\/p>\n<p>93 &#8211; Competencias Digitales. El reto de su adquisici\u00f3n y verificaci\u00f3n en el Grado universitario.<\/p>\n<p>127 &#8211; Agenda 2030 y ODS en el M\u00e1ster Universitario en Ingenier\u00eda Electr\u00f3nica de la EINA.<\/p>\n<p>132 &#8211; Agenda 2030 y ODSs en el Grado de Ingenier\u00eda Electr\u00f3nica y Autom\u00e1tica de la EINA.<\/p>\n\n<p><em>Moderador<\/em>: Ra\u00fal Igual<\/p>\n<p><em>Trabajos<\/em>:<\/p>\n<p>54 &#8211; Dise\u00f1o de un radiotelescopio para la observaci\u00f3n de radiaci\u00f3n de fondo a 1.42 GHz basado en SDR.<\/p>\n<p>67 &#8211; Intelligent hybrid model for detecting and reporting drowsiness in motor vehicle drivers (cargo and passengers) in Colombia.<\/p>\n<p>86 &#8211; Fall detection system based on far infrared images.<\/p>\n<p>104 &#8211; Estudio del rendimiento de un seguidor solar integrado en IoT.<\/p>\n\n\n<p>M\u00e1s informaci\u00f3n <a href=\"https:\/\/teruel2022.congresotaee.es\/?page_id=1968\" target=\"_blank\" rel=\"noopener\">aqu\u00ed<\/a>.<\/p>\n\n<p>Caf\u00e9<\/p>\n\n\n<p><em>Moderador<\/em>: M\u00aa Asunci\u00f3n Morales<\/p>\n<p><em>Trabajos<\/em>:<\/p>\n<p>25 &#8211; La ense\u00f1anza de la Electr\u00f3nica a Ingenieros Mec\u00e1nicos.<\/p>\n<p>120 &#8211; Sobre el uso de objetos 3D glTF en la ense\u00f1anza de la electr\u00f3nica.<\/p>\n<p>125 &#8211; Recursos pedag\u00f3gicos en las asignaturas de electr\u00f3nica: animaciones y objetos interactivos.<\/p>\n<p>142 &#8211; \u00bfC\u00f3mo facilitar el aprendizaje de electr\u00f3nica al estudiantado de doble grado ADEInform\u00e1tica?<\/p>\n<p>29 &#8211; Teaching electronics to chemical engineers: the pandemic opportunity.<\/p>\n\n<p><em>Moderador<\/em>: Juli\u00e1n Viejo Cortes<\/p>\n<p><em>Trabajos<\/em>:<\/p>\n<p>32 &#8211; Raspberry Pi-based cluster network for the emulation of sensor networks in remote teaching.<\/p>\n<p>69 &#8211; Sistemas de medida remotos en el M\u00e1ster en F\u00edsica y Tecnolog\u00edas F\u00edsicas.<\/p>\n<p>116 &#8211; Smart industry electric power emulator.<\/p>\n<p>117 &#8211; Didactic bench to support automation learning.<\/p>\n\n<p><em>Moderador<\/em>: Camilo Quint\u00e1ns<\/p>\n<p><em>Trabajos<\/em>:<\/p>\n<p>4 &#8211; Experiencia Docente con prototipado r\u00e1pido en correctores del factor de potencia con control digital.<\/p>\n<p>20 &#8211; T\u00fanel de Viento: Construcci\u00f3n de material did\u00e1ctico como estrategia de aprendizaje.<\/p>\n<p>33 &#8211; Pandemic evolution in basic control courses for undergraduate engineering students.<\/p>\n<p>97 &#8211; Estructuras de implementaci\u00f3n de controladores digitales aplicados a etapas de potencia.<\/p>\n\n<p>Comida<\/p>\n\n\n<p><em>Moderador<\/em>: Francisco Javier Azcondo<\/p>\n<p><em>Trabajos<\/em>:<\/p>\n<p>9 &#8211; P\u00edldoras Audiovisuales como Apoyo a las sesiones de Laboratorio.<\/p>\n<p>17 &#8211; Dise\u00f1o de un sistema de DAQ mediante Arduino.<br \/>64 &#8211; Prototipo control de veh\u00edculo robot por se\u00f1ales electromiogr\u00e0ficas.<\/p>\n<p>119 &#8211; El tratamiento del error en la medida en los textos docentes de Instrumentaci\u00f3n Electr\u00f3nica.<\/p>\n<p>121 &#8211; Ense\u00f1anza de la programaci\u00f3n en LabVIEW\u00ae mediante metodolog\u00edas ABP.<\/p>\n<p>174 &#8211; Sistema did\u00e1tico de escoamento bif\u00e1sico utilizando tomografia por capacit\u00e2ncia el\u00e9trica.<\/p>\n\n<p><em>Moderador<\/em>: F\u00e1tima Mar\u00eda Casado<\/p>\n<p><em>Trabajos<\/em>:<\/p>\n<p>30 &#8211; Remote Lab Access: A Powerful Tool Beyond the Pandemic.<\/p>\n<p>60 &#8211; A systematic review on the use of VR\/AR techniques in Remote Laboratories.<\/p>\n<p>61 &#8211; 25 years of REXLAB and its experience with Remote Laboratories throughout the years.<\/p>\n<p>62 &#8211; Detec\u00e7\u00e3o de frequ\u00eancia de erros experimentais atrav\u00e9s de t\u00e9cnicas de Learning Analytics.<\/p>\n<p>75 &#8211; Experiencias de formaci\u00f3n pr\u00e1ctica online sobre un laboratorio de radiactividad.<\/p>\n<p>143 &#8211; Construyendo criterios para la validaci\u00f3n de Sistemas de Gesti\u00f3n de Laboratorios Remotos.<\/p>\n\n<p><em>Moderador<\/em>: Roberto Capilla<\/p>\n<p><em>Trabajos<\/em>:<\/p>\n<p>39 &#8211; Uso de TICs para promover la personalizaci\u00f3n del aprendizaje en un m\u00f3dulo de ciencias b\u00e1sicas de ingenier\u00eda.<\/p>\n<p>42 &#8211; Integraci\u00f3n de la carrera de Ingenier\u00eda Electr\u00f3nica a partir de tecnolog\u00edas asociadas al Hidr\u00f3geno.<\/p>\n<p>146 &#8211; La Universidad en el Metaverso. Propuesta de escenarios de aplicaci\u00f3n y modelo hoja de ruta.<\/p>\n<p>150 &#8211; Desarrollo de un simulador cl\u00ednico para la toma de muestra de gases arteriales basado en realidad mixta.<\/p>\n<p>168 &#8211; Innovaciones en la Asignatura Electr\u00f3nica Anal\u00f3gica y Digital.<\/p>\n<p>169 &#8211; Teaching image processing and artificial neural networks in engineering &#8211; A case study in medicine.<\/p>\n\n<p><em>Moderador<\/em>: Jes\u00fas Acero<\/p>\n<p><em>Trabajos<\/em>:<\/p>\n<p>8 &#8211; Contribuci\u00f3n al dise\u00f1o de sensores vestibles y ambientales para medir respiraci\u00f3n y salto vertical.<\/p>\n<p>101 &#8211; Aplicaciones de RV basadas en actividades de la vida diaria (ADL) para el diagn\u00f3stico y rehabilitaci\u00f3n cognitiva.<\/p>\n<p>108 &#8211; Estudio de la implantaci\u00f3n de sistemas autoconsumo fotovoltaicos en centros educativos.<\/p>\n<p>165 &#8211; Prototipo de sistema IoT concentrador de gases a bajo coste.<\/p>\n<p>171 &#8211; Influencia de par\u00e1metros inherentes a los sistemas virtuales en la rehabilitaci\u00f3n cognitiva.<\/p>\n<p>172 &#8211; Sensor de cama inteligente para la detecci\u00f3n de trastornos del sue\u00f1o en pacientes con enfermedad de Parkinson.<\/p>\n<p>175 &#8211; Implementaci\u00f3n a distancia de un control discreto de temperatura por hist\u00e9resis.<\/p>\n\n\n\n<p><em>Moderador: <\/em>Francisco Arcega<\/p>\n\n<p>83 &#8211; A New Power Supplies Course: From Problem-Based-Learning to Research.<\/p>\n<p>96 &#8211; Experiencias interdisciplinares en el aprendizaje de la ingenier\u00eda electr\u00f3nica, el\u00e9ctrica y qu\u00edmica.<\/p>\n<p>107 &#8211; Nuevo clasificador de la Calidad El\u00e9ctrica utilizando t\u00e9cnicas de miner\u00eda de datos.<\/p>\n<p>118 &#8211; Educational synthesis for LCL Filter Design and Performance Analysis for a 20-kW, 25-kHz SiC inverter.<\/p>\n<p>158 &#8211; T\u00e9cnicas de Modulaci\u00f3n PWM: An\u00e1lisis, Dise\u00f1o y Circuitos.<\/p>\n<p>159 &#8211; Dise\u00f1o de un sistema de transferencia de energ\u00eda inal\u00e1mbrico como cargador de bater\u00edas sin contacto para un robot m\u00f3vil aut\u00f3nomo.<\/p>\n\n<p><em>Moderador<\/em>: Jos\u00e9 Ignacio Artigas<\/p>\n<p><em>Trabajos<\/em>:<\/p>\n<p>26 &#8211; Asignatura de Nivelaci\u00f3n de Electr\u00f3nica en Master de Ingenier\u00eda Mecatr\u00f3nica.<\/p>\n<p>38 &#8211; Hardware Project Development using Scrum in the Interactive Technologies Degree.<\/p>\n<p>145 &#8211; Design for change &#8211; Dise\u00f1ando para el cambio a trav\u00e9s de la electr\u00f3nica.<\/p>\n<p>173 &#8211; Vehicular el inter\u00e9s por las STEM mediante el uso de las TIC.<\/p>\n<p>58 &#8211; Digitalizaci\u00f3n de una f\u00e1brica en el marco de la Industria 4.0 y el COVID-19.<\/p>\n<p>155 &#8211; Talleres que facilitan la transici\u00f3n de la ense\u00f1anza secundaria al grado de ingenier\u00eda en tecnolog\u00eda de telecomunicaci\u00f3n.<\/p>\n<p>188 &#8211; Dispositivo de ayuda a la conducci\u00f3n basado en Raspberry Pi y Redes Neuronales: una oportunidad para aprender aspectos de programaci\u00f3n, Machine Learning y hardware.<\/p>\n\n<p><em>Moderador<\/em>: Sergio Mart\u00edn<\/p>\n<p><em>Trabajos<\/em>:<\/p>\n<p>71 &#8211; Mejora de un laboratorio remoto de Electr\u00f3nica Digital mediante el uso de una Raspberry Pi 4.<\/p>\n<p>78 &#8211; Entorno de virtualizaci\u00f3n para la realizaci\u00f3n y evaluaci\u00f3n de pr\u00e1cticas de laboratorio TIC.<\/p>\n<p>139 &#8211; OPALS, Open Platform Applied to Learning digital control Systems.<\/p>\n<p>D2A &#8211; El veh\u00edculo a\u00e9reo no tripulado UAS\/dron, control adaptativo para el aprendizaje de la electr\u00f3nica.<\/p>\n<p>95 &#8211; Aplicaci\u00f3n multiplataforma para el aprendizaje de la fon\u00e9tica inglesa: Serious Game.<\/p>\n\n<p><em>Moderador<\/em>: Elio San Cristobal<\/p>\n<p><em>Trabajos<\/em>:<\/p>\n<p>34 &#8211; PSoC 4 Line-follower robot for Engineering Mixed Signal Electronics Course.<\/p>\n<p>57 &#8211; Sucre4Stem: Internet de las Cosas en las aulas.<\/p>\n<p>185 &#8211; Dise\u00f1o de un proyecto electr\u00f3nico del Internet de las Cosas para la formaci\u00f3n en instrumentaci\u00f3n electr\u00f3nica de ingenieros industriales.<\/p>\n<p>144 &#8211; Implementaci\u00f3n de proyectos de dom\u00f3tica en la universidad: Alineando la teor\u00eda con la pr\u00e1ctica.<\/p>\n<p>170 &#8211; SPICE models for electrical simulation of commercial MOSFET arrays ALD1105\/06\/07.<\/p>\n\n\n<p>M\u00e1s informaci\u00f3n <a href=\"https:\/\/teruel2022.congresotaee.es\/?page_id=1968\" target=\"_blank\" rel=\"noopener\">aqu\u00ed<\/a>.<\/p>\n\n<p>Acto social<\/p>\n<p>Cena de Gala<\/p>\n<p>M\u00e1s informaci\u00f3n <a href=\"https:\/\/teruel2022.congresotaee.es\/?page_id=2100\" target=\"_blank\" rel=\"noopener\">aqu\u00ed<\/a>.<\/p>\n\t<h2>\n\t\t\t\t\tViernes, 1 de julio\n\t\t\t\t<\/h2>\n\t\t\t\n\n\n\n<p>Registro y acreditaci\u00f3n<\/p>\n\n\n<p><em>Moderador<\/em>: Sergio L\u00f3pez<\/p>\n<p><em>Trabajos<\/em>:<\/p>\n<p>6 &#8211; Digital Electronics Mobile App.<\/p>\n<p>51 &#8211; Una propuesta metodol\u00f3gica para el laboratorio de asignaturas de Electr\u00f3nica Digital.<\/p>\n<p>55 &#8211; Acelerando aplicaciones con el entorno unificado Vitis. Caso estudio: Vitis visi\u00f3n library.<\/p>\n<p>99 &#8211; LightHDL: Entorno ligero para aprendizaje de HDLs.<\/p>\n\n<p><em>Moderador<\/em>: Emilio Ol\u00edas<\/p>\n<p><em>Trabajos<\/em>:<\/p>\n<p>24 &#8211; Metodolog\u00eda activa basada en &#8220;Google Colaboratory&#8221; para la ense\u00f1anza de la energ\u00eda solar fotovoltaica.<\/p>\n<p>63 &#8211; Pr\u00e1cticas de laboratorio de gesti\u00f3n de bater\u00edas con Rpi y placas de evaluaci\u00f3n.<\/p>\n<p>98 &#8211; Ensayos con Generadores Termoel\u00e9ctricos (TEG) aplicados a la generaci\u00f3n solar sin concentraci\u00f3n.<\/p>\n\n<p><em>Moderador<\/em>: Jorge Juan Chico<\/p>\n<p><em>Trabajos<\/em>:<\/p>\n<p>36 &#8211; Proyecto R3: Rural, remoto y real. Experimentaci\u00f3n remota en escuelas rurales.<\/p>\n<p>77 &#8211; Dise\u00f1o de reloj anal\u00f3gico basado en Arduino como experiencia did\u00e1ctica en ESO.<\/p>\n<p>84 &#8211; Pr\u00e1cticas en empresas en estudios superiores: FP dual, Universitarias no curriculares.<\/p>\n\n<p><em>Moderador<\/em>: Juan Domingo\u00a0 Aguilar<\/p>\n<p><em>Trabajos<\/em>:<\/p>\n<p>1 &#8211; Implementaci\u00f3n de prototipos y dise\u00f1o de mallas sensibles a la presi\u00f3n de bajo coste.<\/p>\n<p>59 &#8211; Ense\u00f1anza del amplificador de bloqueo como circuito acondicionador de sensores de medida.<\/p>\n<p>81 &#8211; Un reto para el inicio de la investigaci\u00f3n: los sensores y sus datos experimentales.<\/p>\n<p>92 &#8211; Esterilla t\u00e1ctil inteligente de bajo coste para la medida de la estabilidad y la postura.<\/p>\n\n\n<p><em>Moderador<\/em>: Javier Zubia<\/p>\n<p><em>Trabajos<\/em>:<\/p>\n<p>19 &#8211; Educating in robotics and producing experimental resources through final engineering projects.<\/p>\n<p>27 &#8211; Trabajo final de electr\u00f3nica digital. Control remoto del movimiento de veh\u00edculo tipo kitrobot.<\/p>\n<p>35 &#8211; Self-Guided Lab Lesson to Estimate a Robot&#8217;s Position Using Distance Sensors.<\/p>\n<p>147 &#8211; Evaluaci\u00f3n del impacto del empleo de una plataforma rob\u00f3tica como herramienta did\u00e1ctica.<\/p>\n<p>154 &#8211; Proyecto educativo Eurobot Spain.<\/p>\n\n<p><em>Moderador: <\/em>Javier Mateo<\/p>\n\n<p>48 &#8211; Caracterizaci\u00f3n de escenarios y rendimiento de receptores de sistemas de navegaci\u00f3n v\u00eda sat\u00e9lite.<\/p>\n<p>50 &#8211; Using Software-Defined Radio learning modules for Communication Systems.<\/p>\n<p>52 &#8211; Developing a Graphical User Interface for learning communications physics.<\/p>\n<p>114 &#8211; TCPConex: library to create TCP\/IP communication applications.<\/p>\n<p>186 &#8211; Impacto de la modalidad presencial u online en los resultados acad\u00e9micos de estudiantes de Ingenier\u00eda de Telecomunicaci\u00f3n.<\/p>\n<p>S7B &#8211; Desarrollo de plataformas HAPS.<\/p>\n\n\n<p>M\u00e1s informaci\u00f3n <a href=\"https:\/\/teruel2022.congresotaee.es\/?page_id=1968\" target=\"_blank\" rel=\"noopener\">aqu\u00ed<\/a>.<\/p>\n\n<p>Caf\u00e9<\/p>\n\n<p>Asamblea TAEE<\/p>\n\n<p>Clausura del Congreso<\/p>\n<p>Entrega de premios<\/p>\n\n<p>Comida<\/p>\n\n<p>Acto social<\/p>\n<p>M\u00e1s informaci\u00f3n <a href=\"https:\/\/teruel2022.congresotaee.es\/?page_id=2100\" target=\"_blank\" rel=\"noopener\">aqu\u00ed<\/a>.<\/p>\n\n","protected":false},"excerpt":{"rendered":"<p>Programa XV Congreso TAEE Programa en PDF Descarga las sesiones del Congreso en PDF aqu\u00ed. Descarga el listado de trabajos en PDF\u00a0aqu\u00ed. Mi\u00e9rcoles, 29 de junio \u00a0 Registro y acreditaci\u00f3n Inauguraci\u00f3n Mesa redonda: &#8220;Nuevo marco legislativo, nuevas oportunidades para la Universidad y Formaci\u00f3n Profesional&#8220; M\u00e1s informaci\u00f3n aqu\u00ed. Caf\u00e9 Moderador: Rafael de Jes\u00fas Navas Trabajos: 28 &hellip;<\/p>\n<p class=\"read-more\"> <a class=\"\" href=\"https:\/\/teruel2022.congresotaee.es\/?page_id=2131\"> <span class=\"screen-reader-text\">Programa<\/span> Read More &raquo;<\/a><\/p>\n","protected":false},"author":1,"featured_media":0,"parent":0,"menu_order":0,"comment_status":"closed","ping_status":"closed","template":"","meta":{"om_disable_all_campaigns":false,"_monsterinsights_skip_tracking":false,"_monsterinsights_sitenote_active":false,"_monsterinsights_sitenote_note":"","_monsterinsights_sitenote_category":0,"footnotes":""},"class_list":["post-2131","page","type-page","status-publish","hentry"],"_links":{"self":[{"href":"https:\/\/teruel2022.congresotaee.es\/index.php?rest_route=\/wp\/v2\/pages\/2131","targetHints":{"allow":["GET"]}}],"collection":[{"href":"https:\/\/teruel2022.congresotaee.es\/index.php?rest_route=\/wp\/v2\/pages"}],"about":[{"href":"https:\/\/teruel2022.congresotaee.es\/index.php?rest_route=\/wp\/v2\/types\/page"}],"author":[{"embeddable":true,"href":"https:\/\/teruel2022.congresotaee.es\/index.php?rest_route=\/wp\/v2\/users\/1"}],"replies":[{"embeddable":true,"href":"https:\/\/teruel2022.congresotaee.es\/index.php?rest_route=%2Fwp%2Fv2%2Fcomments&post=2131"}],"version-history":[{"count":48,"href":"https:\/\/teruel2022.congresotaee.es\/index.php?rest_route=\/wp\/v2\/pages\/2131\/revisions"}],"predecessor-version":[{"id":2258,"href":"https:\/\/teruel2022.congresotaee.es\/index.php?rest_route=\/wp\/v2\/pages\/2131\/revisions\/2258"}],"wp:attachment":[{"href":"https:\/\/teruel2022.congresotaee.es\/index.php?rest_route=%2Fwp%2Fv2%2Fmedia&parent=2131"}],"curies":[{"name":"wp","href":"https:\/\/api.w.org\/{rel}","templated":true}]}}