{"id":2100,"date":"2022-06-25T15:31:06","date_gmt":"2022-06-25T15:31:06","guid":{"rendered":"https:\/\/teruel2022.congresotaee.es\/?page_id=2100"},"modified":"2022-06-25T22:13:07","modified_gmt":"2022-06-25T22:13:07","slug":"actos-sociales","status":"publish","type":"page","link":"https:\/\/teruel2022.congresotaee.es\/?page_id=2100","title":{"rendered":"Actos sociales"},"content":{"rendered":"\n\n\t<h1>\n\t\t\t\t\tActos sociales\n\t\t\t\t<\/h1>\n\t\t\t<p>Informaci\u00f3n sobre lo actos sociales del Congreso<\/p>\n\t<h6>\n\t\t\t\t\tXV Congreso TAEE\n\t\t\t\t<\/h6>\n\t<h2>\n\t\t\t\t\tMi\u00e9rcoles 29 de junio\n\t\t\t\t<\/h2>\n\t\n\n\n\n<p>&#8212;&#8211;<\/p>\n\n\n\n<p><strong>\u00a1Qu\u00e9 ser\u00eda de Teruel sin sus amantes!<\/strong> Nos adentraremos en esta historia de amor universal <strong>visitando el mausoleo<\/strong> donde reposan Isabel de Segura y Diego de Marcilla. Veremos este espectacular conjunto monumental que incluye la singular Iglesia de San Pedro, la Torre de San Pedro y su \u00e1ndito mud\u00e9jar (el \u00fanico \u00e1ndito mud\u00e9jar del mundo que es transitable).<\/p>\n\t<h6>\n\t\t\t\t\tXV Congreso TAEE\n\t\t\t\t<\/h6>\n\t<h2>\n\t\t\t\t\tJueves 30 de junio\n\t\t\t\t<\/h2>\n\t\n\n\n<p>\u00bfSab\u00edas que el mud\u00e9jar turolense es <strong>Patrimonio de la Humanidad<\/strong>?, \u00bfSab\u00edas que Teruel es una de las ciudades espa\u00f1olas exponentes del modernismo? Con un <strong>centro hist\u00f3rico que impresiona por la enorme cantidad de patrimonio concentrado en tan poco espacio<\/strong>, los congresistas podr\u00e1n descubrir a trav\u00e9s de las explicaciones de los gu\u00edas lo que se esconde detr\u00e1s de esta joya.<\/p>\n<p>&#8212;<\/p>\n\n\n\n<p>Y llega la <strong>cena de gala del Congreso<\/strong> y lo hace en el <strong>Restaurante La Catedral<\/strong> ubicado en el<strong> Hotel Palacio de la Marquesa<\/strong> (****sup). El Palacio de la Marquesa es un edificio hist\u00f3rico ubicado en pleno centro de Teruel y que, tras una reciente reconstrucci\u00f3n, se ha convertido en un hotel que ya es una referencia en eventos en Teruel.<\/p>\n\t<h6>\n\t\t\t\t\tXV Congreso TAEE\n\t\t\t\t<\/h6>\n\t<h2>\n\t\t\t\t\tViernes 1 de junio\n\t\t\t\t<\/h2>\n\t\n\n\n<p>La techumbre de la Catedral de Teruel se considera la <strong>Capilla Sixtina del Mud\u00e9jar<\/strong>. Declarada <strong>Patrimonio de la Humanidad,<\/strong> es la mayor concentraci\u00f3n de arte mud\u00e9jar del mundo y una ventana a los usos y costumbres del medievo.<\/p>\n\n\t<h6>\n\t\t\t\t\tXV Congreso TAEE\n\t\t\t\t<\/h6>\n\t<h2>\n\t\t\t\t\tPreguntas frecuentes\n\t\t\t\t<\/h2>\n\t\t\t<p>Respondemos a algunas de las dudas m\u00e1s habituales<\/p>\n\t<h6>\n\t\t\t\t\t\u00bfEst\u00e1n los actos sociales incluidos con la cuota del Congreso?\n\t\t\t\t<\/h6>\n\t\t\t<p>S\u00ed, todos ellos.<\/p>\n<p>El \u00fanico acto social no incluido con la cuota del Congreso es la visita a la Catedral y los aljibes del 1 de julio, que se debe abonar aparte en las propias taquillas de los monumentos (precio estimado 4,30\u20ac).<\/p>\n\n","protected":false},"excerpt":{"rendered":"<p>Actos sociales Informaci\u00f3n sobre lo actos sociales del Congreso XV Congreso TAEE Mi\u00e9rcoles 29 de junio &#8212;&#8211; \u00a1Qu\u00e9 ser\u00eda de Teruel sin sus amantes! Nos adentraremos en esta historia de amor universal visitando el mausoleo donde reposan Isabel de Segura y Diego de Marcilla. Veremos este espectacular conjunto monumental que incluye la singular Iglesia de &hellip;<\/p>\n<p class=\"read-more\"> <a class=\"\" href=\"https:\/\/teruel2022.congresotaee.es\/?page_id=2100\"> <span class=\"screen-reader-text\">Actos sociales<\/span> Read More &raquo;<\/a><\/p>\n","protected":false},"author":1,"featured_media":0,"parent":0,"menu_order":0,"comment_status":"closed","ping_status":"closed","template":"","meta":{"om_disable_all_campaigns":false,"_monsterinsights_skip_tracking":false,"_monsterinsights_sitenote_active":false,"_monsterinsights_sitenote_note":"","_monsterinsights_sitenote_category":0,"footnotes":""},"class_list":["post-2100","page","type-page","status-publish","hentry"],"_links":{"self":[{"href":"https:\/\/teruel2022.congresotaee.es\/index.php?rest_route=\/wp\/v2\/pages\/2100","targetHints":{"allow":["GET"]}}],"collection":[{"href":"https:\/\/teruel2022.congresotaee.es\/index.php?rest_route=\/wp\/v2\/pages"}],"about":[{"href":"https:\/\/teruel2022.congresotaee.es\/index.php?rest_route=\/wp\/v2\/types\/page"}],"author":[{"embeddable":true,"href":"https:\/\/teruel2022.congresotaee.es\/index.php?rest_route=\/wp\/v2\/users\/1"}],"replies":[{"embeddable":true,"href":"https:\/\/teruel2022.congresotaee.es\/index.php?rest_route=%2Fwp%2Fv2%2Fcomments&post=2100"}],"version-history":[{"count":27,"href":"https:\/\/teruel2022.congresotaee.es\/index.php?rest_route=\/wp\/v2\/pages\/2100\/revisions"}],"predecessor-version":[{"id":2204,"href":"https:\/\/teruel2022.congresotaee.es\/index.php?rest_route=\/wp\/v2\/pages\/2100\/revisions\/2204"}],"wp:attachment":[{"href":"https:\/\/teruel2022.congresotaee.es\/index.php?rest_route=%2Fwp%2Fv2%2Fmedia&parent=2100"}],"curies":[{"name":"wp","href":"https:\/\/api.w.org\/{rel}","templated":true}]}}