{"id":1848,"date":"2022-05-11T20:19:32","date_gmt":"2022-05-11T20:19:32","guid":{"rendered":"https:\/\/teruel2022.congresotaee.es\/?page_id=1848"},"modified":"2022-06-06T18:01:37","modified_gmt":"2022-06-06T18:01:37","slug":"presentacion-3","status":"publish","type":"page","link":"https:\/\/teruel2022.congresotaee.es\/?page_id=1848&lang=pt","title":{"rendered":"Apresenta\u00e7\u00e3o"},"content":{"rendered":"\n\n\t<h1>\n\t\t\t\t\tPrograma e apresenta\u00e7\u00e3o\n\t\t\t\t<\/h1>\n\t\t\t<p>Programa do congresso e instru\u00e7\u00f5es para apresenta\u00e7\u00e3o dos trabalhos no TAEE<\/p>\n\t<h6>\n\t\t\t\t\tXV Congresso TAEE\n\t\t\t\t<\/h6>\n\t<h2>\n\t\t\t\t\tPrograma\n\t\t\t\t<\/h2>\n\t\t\t\n\t\n<p>Consulte <a href=\"http:\/\/teruel2022.congresotaee.es\/wp-content\/uploads\/2022\/06\/Planning-TAEE-2022-Web-ES-EN-v5.pdf\" target=\"_blank\" rel=\"noopener\">aqui<\/a> as <strong>sess\u00f5es do Congresso<\/strong>.<\/p>\n<p>Consulte <a href=\"http:\/\/teruel2022.congresotaee.es\/wp-content\/uploads\/2022\/05\/sesions_english.pdf\" target=\"_blank\" rel=\"noopener\">aqui<\/a> os <strong>trabalhos que ser\u00e3o apresentados em cada sess\u00e3o<\/strong>.<\/p>\n<p>Consulte <a href=\"https:\/\/teruel2022.congresotaee.es\/?page_id=1968\" target=\"_blank\" rel=\"noopener\">aqui <\/a>o conte\u00fado das <strong>sess\u00f5es plen\u00e1rias<\/strong> (vers\u00e3o em espanhol).<\/p>\n\t<h2>\n\t\t\t\t\tInstru\u00e7\u00f5es de apresenta\u00e7\u00e3o\n\t\t\t\t<\/h2>\n\t<h6>\n\t\t\t\t\tXV Congresso TAEE\n\t\t\t\t<\/h6>\n\t<h2>\n\t\t\t\t\tComunica\u00e7\u00e3o oral\n\t\t\t\t<\/h2>\n\t\t\t\n\t<h5><strong>Assist\u00eancia presencial (op\u00e7\u00e3o padr\u00e3o)<\/strong><\/h5>\n<p>Os autores poder\u00e3o conferir a sess\u00e3o em que devem apresentar seus trabalhos no programa do congresso (colocado no topo desta p\u00e1gina).<\/p>\n<p>Devem dirigir-se \u00e0 sala 10 minutos antes do in\u00edcio da sess\u00e3o, para entregar a sua apresenta\u00e7\u00e3o ao moderador (em formato pptx, pdf ou odp -design livre-) e carreg\u00e1-la no computador da sala.<\/p>\n<p>O moderador indicar\u00e1 os turnos de apresenta\u00e7\u00e3o, dando a cada palestrante <strong>10 minutos para fazer sua apresenta\u00e7\u00e3o<\/strong>. Todas as apresenta\u00e7\u00f5es ser\u00e3o feitas em sequ\u00eancia, reservando-se os 15 minutos finais da sess\u00e3o para perguntas e debate entre os palestrantes e os participantes.<\/p>\n<p>&nbsp;<\/p>\n<h5><strong>Assist\u00eancia online<\/strong><\/h5>\n<p>As comunica\u00e7\u00f5es orais online seguir\u00e3o o mesmo esquema das presenciais, com a \u00fanica exce\u00e7\u00e3o de que o orador se apresentar\u00e1 remotamente do seu pa\u00eds de origem. Alguns dias antes, os links ser\u00e3o fornecidos para se conectar \u00e0s sess\u00f5es correspondentes.<\/p>\n<hr \/>\n<h6><\/h6>\n<h6><strong>Pr\u00eamio para a melhor comunica\u00e7\u00e3o oral<\/strong><\/h6>\n<p>Durante as sess\u00f5es de apresenta\u00e7\u00e3o oral (presencial ou online), os participantes ter\u00e3o ferramentas para avaliar os trabalhos apresentados. A pondera\u00e7\u00e3o dessas avalia\u00e7\u00f5es com as do moderador da sess\u00e3o e as pontua\u00e7\u00f5es obtidas durante o processo de revis\u00e3o permitir\u00e1 determinar qual a apresenta\u00e7\u00e3o oral que receber\u00e1 o pr\u00eamio.<\/p>\n<p>O resultado ser\u00e1 comunicado na sess\u00e3o de encerramento, no \u00faltimo dia do congresso. Os vencedores receber\u00e3o um certificado de reconhecimento.<\/p>\n\t<h6>\n\t\t\t\t\tXV Congresso TAEE\n\t\t\t\t<\/h6>\n\t<h2>\n\t\t\t\t\tP\u00f4ster\n\t\t\t\t<\/h2>\n\t\t\t\n\t<h5><strong>Assist\u00eancia presencial (op\u00e7\u00e3o padr\u00e3o)<\/strong><\/h5>\n<p>Os p\u00f4steres ter\u00e3o dimens\u00f5es aproximadas de largura: entre 75 e 90 cent\u00edmetros e altura: entre 1,0 e 1,2 metros.<\/p>\n<p>\u00c0 chegada \u00e0 Escola Universit\u00e1ria Polit\u00e9cnica de Teruel, no balc\u00e3o de inscri\u00e7\u00e3o, os autores ser\u00e3o informados da \u00e1rea onde os posters ser\u00e3o expostos. A organiza\u00e7\u00e3o providenciar\u00e1 os meios necess\u00e1rios para que possam ser colocados nos pain\u00e9is expositores. Os autores devem coloc\u00e1-los no espa\u00e7o que reservaram para o efeito e estar\u00e3o dispon\u00edveis para consulta durante os dias do congresso.<\/p>\n<p>Durante o tempo indicado no programa do congresso (colocado no topo desta p\u00e1gina), os autores dos p\u00f4steres dever\u00e3o permanecer junto destes para sua explica\u00e7\u00e3o e debate com o p\u00fablico presente.<\/p>\n<p>&nbsp;<\/p>\n<h5><strong>Assist\u00eancia online<\/strong><\/h5>\n<p>Durante o tempo indicado no programa do congresso (colocado no topo desta p\u00e1gina), os autores dos p\u00f4steres devem permanecer conectados exibindo o p\u00f4ster na tela para sua explica\u00e7\u00e3o e debate com o p\u00fablico presente.<\/p>\n<p>Alguns dias antes, os links ser\u00e3o fornecidos para se conectar \u00e0s sess\u00f5es correspondentes.<\/p>\n<hr \/>\n<h6><strong>Pr\u00eamio de Melhor P\u00f4ster<\/strong><\/h6>\n<p>Durante a sess\u00e3o de apresenta\u00e7\u00e3o de p\u00f4steres, os autores dever\u00e3o fazer uma <strong>breve explica\u00e7\u00e3o de 5 a 7 minutos<\/strong> ao j\u00fari constitu\u00eddo para o efeito, que percorrer\u00e1 a sala. Ao final da sess\u00e3o, ser\u00e3o coletados os votos dos membros do j\u00fari, juntamente com as avalia\u00e7\u00f5es obtidas no processo de revis\u00e3o dos trabalhos, para determinar qual o trabalho premiado. O resultado ser\u00e1 comunicado na sess\u00e3o de encerramento, no \u00faltimo dia do congresso. Os vencedores receber\u00e3o um certificado de reconhecimento.<\/p>\n\t<h6>\n\t\t\t\t\tXV Congresso TAEE\n\t\t\t\t<\/h6>\n\t<h2>\n\t\t\t\t\tDemonstrador\n\t\t\t\t<\/h2>\n\t\t\t\n\t<h5><strong>Assist\u00eancia presencial (op\u00e7\u00e3o padr\u00e3o)<\/strong><\/h5>\n<p>Os autores que se inscreveram na modalidade &#8220;Demonstrador&#8221; ter\u00e3o um lugar reservado num laborat\u00f3rio para poderem mostrar o seu trabalho.<\/p>\n<p>Para isso, \u00e9 necess\u00e1rio que antes de 1 de junho enviem um e-mail para\u00a0<a href=\"mailto:inmap@unizar.es\">inmap@unizar.es<\/a>\u00a0e\u00a0<a href=\"mailto:rigual@unizar.es\">rigual@unizar.es<\/a>, indicando a instrumenta\u00e7\u00e3o ou ou os equipamentos de que necessitam.<\/p>\n<p>Durante o congresso, \u00e0 chegada \u00e0 Escola Universit\u00e1ria Polit\u00e9cnica de Teruel, no balc\u00e3o de inscri\u00e7\u00e3o, os autores ser\u00e3o informados da \u00e1rea onde os demonstradores ser\u00e3o expostos.<\/p>\n<p>Durante o tempo indicado no programa do congresso (colocado no topo desta p\u00e1gina), os autores dos manifestantes devem permanecer junto destes para sua explica\u00e7\u00e3o e debate com o p\u00fablico presente.<\/p>\n<p>&nbsp;<\/p>\n<h5><strong>Assist\u00eancia online<\/strong><\/h5>\n<p>Durante o tempo indicado no programa do congresso (colocado no topo desta p\u00e1gina), os apresentadores das demonstra\u00e7\u00f5es devem permanecer conectados exibindo a demonstra\u00e7\u00e3o na tela para sua explica\u00e7\u00e3o e debate com o p\u00fablico presente.<\/p>\n<p>Alguns dias antes, os links ser\u00e3o fornecidos para se conectar \u00e0s sess\u00f5es correspondentes.<\/p>\n<hr \/>\n<h6><strong>Pr\u00eamio de Melhor Demonstrador<\/strong><\/h6>\n<p>Durante a sess\u00e3o de apresenta\u00e7\u00e3o do demonstrador, os autores dever\u00e3o fazer uma <strong>breve explica\u00e7\u00e3o de 5 a 7 minutos<\/strong> ao j\u00fari constitu\u00eddo para o efeito, que percorrer\u00e1 toda a sala. Ao final da sess\u00e3o, ser\u00e3o coletados os votos dos membros do j\u00fari, juntamente com as avalia\u00e7\u00f5es obtidas no processo de revis\u00e3o dos trabalhos, para determinar qual \u00e9 o trabalho premiado. O resultado ser\u00e1 comunicado na sess\u00e3o de encerramento, no \u00faltimo dia do congresso. Os vencedores receber\u00e3o um certificado de reconhecimento.<\/p>\n\t<h6>\n\t\t\t\t\tXV Congresso TAEE\n\t\t\t\t<\/h6>\n\t<h2>\n\t\t\t\t\tDoctoral consortium\n\t\t\t\t<\/h2>\n\t\t\t\n\t<h5><strong>Assist\u00eancia presencial (op\u00e7\u00e3o padr\u00e3o)<\/strong><\/h5>\n<p>Os autores poder\u00e3o conferir a sess\u00e3o em que devem apresentar seus trabalhos no programa do congresso (colocado no topo desta p\u00e1gina).<\/p>\n<p>Devem dirigir-se \u00e0 sala 10 minutos antes do in\u00edcio da sess\u00e3o, para entregar a sua apresenta\u00e7\u00e3o ao moderador (em formato pptx, pdf ou odp -design livre-) e carreg\u00e1-la no computador da sala.<\/p>\n<p>O moderador indicar\u00e1 os turnos de apresenta\u00e7\u00e3o, dando a cada palestrante <strong>10 minutos para fazer sua apresenta\u00e7\u00e3o<\/strong>. Todas as apresenta\u00e7\u00f5es ser\u00e3o feitas em sequ\u00eancia, reservando-se os 15 minutos finais da sess\u00e3o para perguntas e debate entre os palestrantes e os participantes.<\/p>\n<p>&nbsp;<\/p>\n<h5><strong>Assist\u00eancia online<\/strong><\/h5>\n<p>As comunica\u00e7\u00f5es de doutorado online seguir\u00e3o o mesmo esquema das presenciais, com a \u00fanica exce\u00e7\u00e3o de que o orador se apresentar\u00e1 remotamente do seu pa\u00eds de origem. Alguns dias antes, os links ser\u00e3o fornecidos para se conectar \u00e0s sess\u00f5es correspondentes.<\/p>\n<hr \/>\n<h6><\/h6>\n<h6><strong>Pr\u00eamio para a melhor comunica\u00e7\u00e3o de doutorado<\/strong><\/h6>\n<p>Durante as sess\u00f5es de apresenta\u00e7\u00e3o oral (presencial ou online), os participantes ter\u00e3o ferramentas para avaliar os trabalhos apresentados. A pondera\u00e7\u00e3o dessas avalia\u00e7\u00f5es com as do moderador da sess\u00e3o e as pontua\u00e7\u00f5es obtidas durante o processo de revis\u00e3o permitir\u00e1 determinar qual a apresenta\u00e7\u00e3o oral que receber\u00e1 o pr\u00eamio.<\/p>\n<p>O resultado ser\u00e1 comunicado na sess\u00e3o de encerramento, no \u00faltimo dia do congresso. Os vencedores receber\u00e3o um certificado de reconhecimento.<\/p>\n<p>&nbsp;<\/p>\n\t<h6>\n\t\t\t\t\tXV Congresso TAEE\n\t\t\t\t<\/h6>\n\t<h2>\n\t\t\t\t\tPerguntas frequentes\n\t\t\t\t<\/h2>\n<p>N\u00f3s respondemos a algumas das perguntas mais comuns<\/p>\n\t<h6>\n\t\t\t\t\tSou um autor de um pa\u00eds ibero-americano e vou apresentar meu trabalho online. Ser\u00e1 considerado o fuso hor\u00e1rio do meu pa\u00eds para que a apresenta\u00e7\u00e3o seja dentro do hor\u00e1rio normal de trabalho?\n\t\t\t\t<\/h6>\n\t\t\t<p>Sim, as apresenta\u00e7\u00f5es de autores de pa\u00edses ibero-americanos ser\u00e3o agendadas de forma que estejam em hor\u00e1rio regular no pa\u00eds de origem do autor.<\/p>\n\n","protected":false},"excerpt":{"rendered":"<p>Programa e apresenta\u00e7\u00e3o Programa do congresso e instru\u00e7\u00f5es para apresenta\u00e7\u00e3o dos trabalhos no TAEE XV Congresso TAEE Programa Consulte aqui as sess\u00f5es do Congresso. Consulte aqui os trabalhos que ser\u00e3o apresentados em cada sess\u00e3o. Consulte aqui o conte\u00fado das sess\u00f5es plen\u00e1rias (vers\u00e3o em espanhol). Instru\u00e7\u00f5es de apresenta\u00e7\u00e3o XV Congresso TAEE Comunica\u00e7\u00e3o oral Assist\u00eancia presencial (op\u00e7\u00e3o &hellip;<\/p>\n<p class=\"read-more\"> <a class=\"\" href=\"https:\/\/teruel2022.congresotaee.es\/?page_id=1848&#038;lang=pt\"> <span class=\"screen-reader-text\">Apresenta\u00e7\u00e3o<\/span> Read More &raquo;<\/a><\/p>\n","protected":false},"author":1,"featured_media":0,"parent":0,"menu_order":0,"comment_status":"closed","ping_status":"closed","template":"","meta":{"om_disable_all_campaigns":false,"_monsterinsights_skip_tracking":false,"_monsterinsights_sitenote_active":false,"_monsterinsights_sitenote_note":"","_monsterinsights_sitenote_category":0,"footnotes":""},"class_list":["post-1848","page","type-page","status-publish","hentry"],"_links":{"self":[{"href":"https:\/\/teruel2022.congresotaee.es\/index.php?rest_route=\/wp\/v2\/pages\/1848","targetHints":{"allow":["GET"]}}],"collection":[{"href":"https:\/\/teruel2022.congresotaee.es\/index.php?rest_route=\/wp\/v2\/pages"}],"about":[{"href":"https:\/\/teruel2022.congresotaee.es\/index.php?rest_route=\/wp\/v2\/types\/page"}],"author":[{"embeddable":true,"href":"https:\/\/teruel2022.congresotaee.es\/index.php?rest_route=\/wp\/v2\/users\/1"}],"replies":[{"embeddable":true,"href":"https:\/\/teruel2022.congresotaee.es\/index.php?rest_route=%2Fwp%2Fv2%2Fcomments&post=1848"}],"version-history":[{"count":26,"href":"https:\/\/teruel2022.congresotaee.es\/index.php?rest_route=\/wp\/v2\/pages\/1848\/revisions"}],"predecessor-version":[{"id":2073,"href":"https:\/\/teruel2022.congresotaee.es\/index.php?rest_route=\/wp\/v2\/pages\/1848\/revisions\/2073"}],"wp:attachment":[{"href":"https:\/\/teruel2022.congresotaee.es\/index.php?rest_route=%2Fwp%2Fv2%2Fmedia&parent=1848"}],"curies":[{"name":"wp","href":"https:\/\/api.w.org\/{rel}","templated":true}]}}