{"id":1808,"date":"2022-05-10T07:57:58","date_gmt":"2022-05-10T07:57:58","guid":{"rendered":"https:\/\/teruel2022.congresotaee.es\/?page_id=1808"},"modified":"2022-06-25T20:52:34","modified_gmt":"2022-06-25T20:52:34","slug":"presentacion-2","status":"publish","type":"page","link":"https:\/\/teruel2022.congresotaee.es\/?page_id=1808","title":{"rendered":"Programa"},"content":{"rendered":"\n<h1>\n\t\t\t\t\tPrograma y presentaci\u00f3n\n\t\t\t\t<\/h1>\n\t\t\t<p>Programa del Congreso e instrucciones para la presentaci\u00f3n de los trabajos en el TAEE<\/p>\n\t<h6>\n\t\t\t\t\tXV Congreso TAEE\n\t\t\t\t<\/h6>\n\t<h2>\n\t\t\t\t\tPrograma\n\t\t\t\t<\/h2>\n\t\t\t\n\t\n<p>Consulta las <strong>sesiones<\/strong> del Congreso <a href=\"http:\/\/teruel2022.congresotaee.es\/wp-content\/uploads\/2022\/06\/Planning-TAEE-2022-Web-v5.pdf\" target=\"_blank\" rel=\"noopener\">aqu\u00ed<\/a>.<\/p>\n<p>Consulta los <strong>trabajos que se presentar\u00e1n<\/strong> en cada sesi\u00f3n <a href=\"http:\/\/teruel2022.congresotaee.es\/wp-content\/uploads\/2022\/06\/Sesiones-presentaciones-V3.pdf\" target=\"_blank\" rel=\"noopener\">aqu\u00ed<\/a>.<\/p>\n<p>Consulta el contenido de las sesiones <strong>plenarias<\/strong> <a href=\"https:\/\/teruel2022.congresotaee.es\/?page_id=1968\" rel=\"noopener\">aqu\u00ed<\/a>.<\/p>\n<p>Consulta el contenido de los <strong>actos sociales<\/strong> <a href=\"https:\/\/teruel2022.congresotaee.es\/?page_id=2100\" target=\"_blank\" rel=\"noopener\">aqu\u00ed<\/a>.<\/p>\n\t<h2>\n\t\t\t\t\tInstrucciones de presentaci\u00f3n\n\t\t\t\t<\/h2>\n\t<h6>\n\t\t\t\t\tXV Congreso TAEE\n\t\t\t\t<\/h6>\n\t<h2>\n\t\t\t\t\tComunicaci\u00f3n oral\n\t\t\t\t<\/h2>\n\t\t\t\n\t<h5><strong>Asistencia presencial (opci\u00f3n por defecto)<\/strong><\/h5>\n<p>Los autores podr\u00e1n comprobar la sesi\u00f3n en la que deben presentar su trabajo en el programa del congreso (publicado en la parte superior de esta p\u00e1gina).<\/p>\n<p>Deber\u00e1n acudir a la sala 10 minutos antes del inicio de la sesi\u00f3n, para entregar al moderador su presentaci\u00f3n (en formato pptx (office 2016), pdf u odp -dise\u00f1o libre-) y cargarla en el ordenador de la sala.<\/p>\n<p>El moderador indicar\u00e1 los turnos de palabra, disponiendo cada ponente de <strong>10 minutos<\/strong> <strong>para realizar su presentaci\u00f3n<\/strong>. Se realizar\u00e1n todas las presentaciones seguidas, reservando los 15 minutos finales de la sesi\u00f3n para un turno de preguntas y debate entre los ponentes y los asistentes.<\/p>\n<p>&nbsp;<\/p>\n<h5><strong>Asistencia online<\/strong><\/h5>\n<p>Las comunicaciones orales online seguir\u00e1n el mismo esquema que las presenciales, con la \u00fanica salvedad de que el ponente presentar\u00e1 en remoto desde su pa\u00eds de origen. Unos d\u00edas antes se facilitar\u00e1n los enlaces para conectarse a las sesiones correspondientes.<\/p>\n<p><strong>Los ponentes online deber\u00e1n conectarse 15 minutos antes del inicio de la sesi\u00f3n<\/strong>.<\/p>\n<hr>\n<h6><\/h6>\n<h6><strong>Premio a la mejor comunicaci\u00f3n oral<\/strong><\/h6>\n<p>Durante las sesiones de presentaci\u00f3n oral (presenciales u online), los asistentes dispondr\u00e1n de herramientas para puntuar las ponencias presentadas. La uni\u00f3n de estas valoraciones junto con las del propio moderador de la sesi\u00f3n y las puntuaciones obtenidas durante el proceso de revisi\u00f3n permitir\u00e1n determinar cu\u00e1l es la presentaci\u00f3n oral receptora del premio.<\/p>\n<p>Se comunicar\u00e1 el resultado en la sesi\u00f3n de clausura, el \u00faltimo d\u00eda del congreso. A los ganadores se les entregar\u00e1 un certificado justificativo.<\/p>\n\t<h6>\n\t\t\t\t\tXV Congreso TAEE\n\t\t\t\t<\/h6>\n\t<h2>\n\t\t\t\t\tP\u00f3ster\n\t\t\t\t<\/h2>\n\t\t\t\n\t<h5><strong>Asistencia presencial (opci\u00f3n por defecto)<\/strong><\/h5>\n<p>Los p\u00f3steres tendr\u00e1n unas dimensiones aproximadas de <strong>anchura<\/strong>: entre 75 y 90 cent\u00edmetros y de <strong>altura<\/strong>: entre 1,0 y 1,2 metros.<\/p>\n<p>Al llegar a la Escuela Universitaria Polit\u00e9cnica de Teruel, en el mostrador de registro, se indicar\u00e1 a los autores la zona donde se expondr\u00e1n los p\u00f3steres. La organizaci\u00f3n proporcionar\u00e1 los medios necesarios para que se puedan colocar en los paneles expositores. Los autores deber\u00e1n situarlos en el espacio que tengan reservado para tal fin y estar\u00e1n disponibles para su consulta durante los d\u00edas que dure el congreso.<\/p>\n<p>Durante el horario indicado en el programa del congreso (publicado en la parte superior de esta p\u00e1gina), los autores de los p\u00f3steres deber\u00e1n permanecer junto a los mismos para su explicaci\u00f3n y debate con el p\u00fablico asistente.<\/p>\n<p>&nbsp;<\/p>\n<h5><strong>Asistencia online<\/strong><\/h5>\n<p>Durante el horario indicado en el programa del congreso (publicado en la parte superior de esta p\u00e1gina), los autores de los p\u00f3steres deber\u00e1n permanecer conectados mostrando el p\u00f3ster en pantalla para su explicaci\u00f3n y debate con el p\u00fablico asistente.<\/p>\n<p>Unos d\u00edas antes se facilitar\u00e1n los enlaces para conectarse a las sesiones correspondientes.<\/p>\n<p><strong>Los ponentes online deber\u00e1n conectarse 15 minutos antes del inicio de la sesi\u00f3n<\/strong>.<\/p>\n<hr>\n<h6><strong>Premio al mejor p\u00f3ster<\/strong><\/h6>\n<p>Durante la sesi\u00f3n de presentaci\u00f3n de p\u00f3steres, los autores deber\u00e1n hacer una <strong>breve explicaci\u00f3n de 5-7 minutos <\/strong>al tribunal constituido para este fin y que ir\u00e1 recorriendo la sala. Al finalizar la sesi\u00f3n se recoger\u00e1n las votaciones de los miembros del tribunal, junto con las valoraciones obtenidas en el proceso de revisi\u00f3n de los trabajos, para determinar cu\u00e1l es el trabajo premiado. Se comunicar\u00e1 el resultado en la sesi\u00f3n de clausura, el \u00faltimo d\u00eda del congreso. A los ganadores se les entregar\u00e1 un certificado justificativo.<\/p>\n\t<h6>\n\t\t\t\t\tXV Congreso TAEE\n\t\t\t\t<\/h6>\n\t<h2>\n\t\t\t\t\tDemostrador\n\t\t\t\t<\/h2>\n\t\t\t\n\t<h5><strong>Asistencia presencial (opci\u00f3n por defecto)<\/strong><\/h5>\n<p>Los autores que se han inscrito en la modalidad &#8220;Demostrador&#8221; tendr\u00e1n un puesto reservado en un laboratorio para poder mostrar su trabajo.<\/p>\n<p>Para ello, se precisa que <strong>antes del 3 de junio<\/strong> env\u00eden un e-mail a <a href=\"mailto:inmap@unizar.es\">inmap@unizar.es<\/a> y <a href=\"mailto:rigual@unizar.es\">rigual@unizar.es<\/a>,<strong> indicando las necesidades de instrumentaci\u00f3n o equipamiento que necesitan<\/strong>.<\/p>\n<p>Durante el congreso, al llegar a la Escuela Universitaria Polit\u00e9cnica de Teruel, en el mostrador de registro, se indicar\u00e1 a los autores la zona donde se expondr\u00e1n los demostradores.<\/p>\n<p>Durante el horario indicado en el programa del congreso (publicado en la parte superior de esta p\u00e1gina), los autores de los demostradores deber\u00e1n permanecer junto a los mismos para su explicaci\u00f3n y debate con el p\u00fablico asistente.<\/p>\n<p>&nbsp;<\/p>\n<h5><strong>Asistencia online<\/strong><\/h5>\n<p>Durante el horario indicado en el programa del congreso (publicado en la parte superior de esta p\u00e1gina), los autores de los demostradores deber\u00e1n permanecer conectados mostrando el demostrador en pantalla para su explicaci\u00f3n y debate con el p\u00fablico asistente.<\/p>\n<p>Unos d\u00edas antes se facilitar\u00e1n los enlaces para conectarse a las sesiones correspondientes.<\/p>\n<p><strong>Los ponentes online deber\u00e1n conectarse 15 minutos antes del inicio de la sesi\u00f3n<\/strong>.<\/p>\n<hr>\n<h6><strong>Premio al mejor demostrador<\/strong><\/h6>\n<p>Durante la sesi\u00f3n de presentaci\u00f3n de demostradores, los autores deber\u00e1n hacer <strong>una breve explicaci\u00f3n de 5-7 minutos<\/strong> al tribunal constituido para este fin y que ir\u00e1 recorriendo la sala. Al finalizar la sesi\u00f3n se recoger\u00e1n las votaciones de los miembros del tribunal para, junto con las valoraciones obtenidas en el proceso de revisi\u00f3n de los trabajos, determinar cu\u00e1l es el trabajo premiado. Se comunicar\u00e1 el resultado en la sesi\u00f3n de clausura, el \u00faltimo d\u00eda del congreso. A los ganadores se les entregar\u00e1 un certificado justificativo.<\/p>\n\t<h6>\n\t\t\t\t\tXV Congreso TAEE\n\t\t\t\t<\/h6>\n\t<h2>\n\t\t\t\t\tDoctoral consortium\n\t\t\t\t<\/h2>\n\t\t\t\n\t<h5><strong>Asistencia presencial (opci\u00f3n por defecto)<\/strong><\/h5>\n<p>Los autores podr\u00e1n comprobar la sesi\u00f3n en la que deben presentar su trabajo doctoral en el programa del congreso (publicado en la parte superior de esta p\u00e1gina).<\/p>\n<p>Deber\u00e1n acudir a la sala 10 minutos antes del inicio de la sesi\u00f3n, para entregar al moderador su presentaci\u00f3n (en formato pptx (office 2016), pdf u odp -dise\u00f1o libre-) y cargarla en el ordenador de la sala.<\/p>\n<p>El moderador indicar\u00e1 los turnos de palabra, disponiendo cada ponente de <strong>10 minutos<\/strong> <strong>para realizar su presentaci\u00f3n<\/strong>. Se realizar\u00e1n todas las presentaciones seguidas, reservando los 15 minutos finales de la sesi\u00f3n para un turno de preguntas y debate entre los ponentes y los asistentes.<\/p>\n<p>&nbsp;<\/p>\n<h5><strong>Asistencia online<\/strong><\/h5>\n<p>Las comunicaciones doctorales online seguir\u00e1n el mismo esquema que las presenciales, con la \u00fanica salvedad de que el ponente presentar\u00e1 en remoto desde su pa\u00eds de origen. Unos d\u00edas antes se facilitar\u00e1n los enlaces para conectarse a las sesiones correspondientes.<\/p>\n<p><strong>Los ponentes online deber\u00e1n conectarse 15 minutos antes del inicio de la sesi\u00f3n<\/strong>.<\/p>\n<hr>\n<h6><\/h6>\n<h6><strong>Premio a la mejor comunicaci\u00f3n doctoral<\/strong><\/h6>\n<p>Durante las sesiones de presentaci\u00f3n oral (presenciales u online), los asistentes dispondr\u00e1n de herramientas para puntuar las ponencias doctorales presentadas. La uni\u00f3n de estas valoraciones junto con las del propio moderador de la sesi\u00f3n y las puntuaciones obtenidas durante el proceso de revisi\u00f3n permitir\u00e1n determinar cu\u00e1l es la presentaci\u00f3n doctoral receptora del premio.<\/p>\n<p>Se comunicar\u00e1 el resultado en la sesi\u00f3n de clausura, el \u00faltimo d\u00eda del congreso. A los ganadores se les entregar\u00e1 un certificado justificativo.<\/p>\n\t<h6>\n\t\t\t\t\tXV Congreso TAEE\n\t\t\t\t<\/h6>\n\t<h2>\n\t\t\t\t\tPreguntas frecuentes\n\t\t\t\t<\/h2>\n\t\t\t<p>Respondemos a algunas de las dudas m\u00e1s habituales<\/p>\n\t<h6>\n\t\t\t\t\tSoy autor\/a de un pa\u00eds iberoamericano y voy a presentar mi trabajo en modalidad online, \u00bfse tendr\u00e1 en cuenta el huso horario de mi pa\u00eds para que la presentaci\u00f3n est\u00e9 dentro del horario de una jornada laboral normal?\n\t\t\t\t<\/h6>\n\t\t\t<p>S\u00ed, las presentaciones de autores de pa\u00edses iberoamericanos se programar\u00e1n de tal manera que sean a una hora habitual en el pa\u00eds de origen del autor.<\/p>\n","protected":false},"excerpt":{"rendered":"<p>Programa y presentaci\u00f3n Programa del Congreso e instrucciones para la presentaci\u00f3n de los trabajos en el TAEE XV Congreso TAEE Programa Consulta las sesiones del Congreso aqu\u00ed. Consulta los trabajos que se presentar\u00e1n en cada sesi\u00f3n aqu\u00ed. Consulta el contenido de las sesiones plenarias aqu\u00ed. Consulta el contenido de los actos sociales aqu\u00ed. Instrucciones de &hellip;<\/p>\n<p class=\"read-more\"> <a class=\"\" href=\"https:\/\/teruel2022.congresotaee.es\/?page_id=1808\"> <span class=\"screen-reader-text\">Programa<\/span> Read More &raquo;<\/a><\/p>\n","protected":false},"author":1,"featured_media":0,"parent":0,"menu_order":0,"comment_status":"closed","ping_status":"closed","template":"","meta":{"om_disable_all_campaigns":false,"_monsterinsights_skip_tracking":false,"_monsterinsights_sitenote_active":false,"_monsterinsights_sitenote_note":"","_monsterinsights_sitenote_category":0,"footnotes":""},"class_list":["post-1808","page","type-page","status-publish","hentry"],"_links":{"self":[{"href":"https:\/\/teruel2022.congresotaee.es\/index.php?rest_route=\/wp\/v2\/pages\/1808","targetHints":{"allow":["GET"]}}],"collection":[{"href":"https:\/\/teruel2022.congresotaee.es\/index.php?rest_route=\/wp\/v2\/pages"}],"about":[{"href":"https:\/\/teruel2022.congresotaee.es\/index.php?rest_route=\/wp\/v2\/types\/page"}],"author":[{"embeddable":true,"href":"https:\/\/teruel2022.congresotaee.es\/index.php?rest_route=\/wp\/v2\/users\/1"}],"replies":[{"embeddable":true,"href":"https:\/\/teruel2022.congresotaee.es\/index.php?rest_route=%2Fwp%2Fv2%2Fcomments&post=1808"}],"version-history":[{"count":62,"href":"https:\/\/teruel2022.congresotaee.es\/index.php?rest_route=\/wp\/v2\/pages\/1808\/revisions"}],"predecessor-version":[{"id":2177,"href":"https:\/\/teruel2022.congresotaee.es\/index.php?rest_route=\/wp\/v2\/pages\/1808\/revisions\/2177"}],"wp:attachment":[{"href":"https:\/\/teruel2022.congresotaee.es\/index.php?rest_route=%2Fwp%2Fv2%2Fmedia&parent=1808"}],"curies":[{"name":"wp","href":"https:\/\/api.w.org\/{rel}","templated":true}]}}