{"id":1438,"date":"2021-12-07T17:01:29","date_gmt":"2021-12-07T17:01:29","guid":{"rendered":"https:\/\/teruel2022.congresotaee.es\/?page_id=1438"},"modified":"2022-06-09T08:53:47","modified_gmt":"2022-06-09T08:53:47","slug":"contact-copy-3","status":"publish","type":"page","link":"https:\/\/teruel2022.congresotaee.es\/?page_id=1438","title":{"rendered":"Sede"},"content":{"rendered":"\n\n\t<h1>\n\t\t\t\t\tViaje y alojamiento\n\t\t\t\t<\/h1>\n\t\t\t<p>C\u00f3mo llegar a Teruel y algunos alojamientos recomendados<\/p>\n\t<h2>\n\t\t\t\t\tAlojamiento\n\t\t\t\t<\/h2>\n\t\t\t<p>En Teruel encontrar\u00e1s numerosos hoteles y alojamientos. Aqu\u00ed te incluimos el listado de algunos de ellos con precios pactados con la Universidad.<\/p>\n<hr \/>\n<p>\u00a0<\/p>\n\n<p>C\/ Atarazana 6, 44003 TERUEL \/ 978 61 81 31<\/p>\n\n\n\n\n<p><em>C\u00f3mo realizar la reserva<\/em>: Directamente en <a href=\"https:\/\/cmps.unizar.es\/estancias-ocasionales\" target=\"_blank\" rel=\"noopener\">la web de la residencia<\/a>.<\/p>\n<p><em>Nota para profesores\/investigadores de la Universidad de Zaragoza<\/em>: Si el alojamiento se va a costear con un proyecto gestionado por la Universidad de Zaragoza, incluir esta informaci\u00f3n en el campo de &#8220;Observaciones&#8221; del <a href=\"https:\/\/cmps.unizar.es\/estancias-ocasionales\" target=\"_blank\" rel=\"noopener\">formulario de reserva<\/a> junto con el c\u00f3digo del proyecto. Se tramitar\u00e1 como un cargo interno.<\/p>\n\n<hr \/>\n<p>\u00a0<\/p>\n\n<p>Paseo del Ovalo, 1 44001 TERUEL \/ 978 606 860<\/p>\n\n<p><em>C\u00f3mo realizar la reserva<\/em>: Directamente en <a href=\"https:\/\/www.hotelreinacristinateruel.com\/\" target=\"_blank\" rel=\"noopener\">el hotel<\/a>, indicando que es una reserva para &#8220;TAEE2022&#8221;. Estos precios se mantienen \u00fanicamente para los d\u00edas del Congreso.<\/p>\n\n<hr \/>\n<p>\u00a0<\/p>\n<p><strong><a href=\"https:\/\/www.hoteltoricoplaza.com\/\" target=\"_blank\" rel=\"noopener\">TORICO PLAZA<\/a> ***<\/strong><br \/>C\/Yag\u00fce de Salas, 5 44001 TERUEL \/ 978 608655<\/p>\n\n<p><em>C\u00f3mo realizar la reserva<\/em>: Directamente en <a href=\"https:\/\/www.hoteltoricoplaza.com\/\" target=\"_blank\" rel=\"noopener\">el hotel<\/a>, indicando que es una reserva para &#8220;TAEE2022&#8221;. Estos precios se mantienen \u00fanicamente para los d\u00edas del Congreso.<\/p>\n\n<hr \/>\n<p>\u00a0<\/p>\n\n\n<p><em>C\u00f3mo realizar la reserva<\/em>: Directamente en <a href=\"https:\/\/hotelteruelplaza.com\/\" target=\"_blank\" rel=\"noopener\">el hotel<\/a>, indicando que es una reserva para &#8220;TAEE2022&#8221;. Estos precios se mantienen \u00fanicamente para los d\u00edas del Congreso.<\/p>\n\n<hr \/>\n<p>\u00a0<\/p>\n\n<p><em>C\u00f3mo realizar la reserva<\/em>: Directamente en <a href=\"https:\/\/www.hotelciverateruel.com\/\" target=\"_blank\" rel=\"noopener\">el hotel<\/a>, indicando que es una reserva para &#8220;TAEE2022&#8221;. Estos precios se mantienen \u00fanicamente para los d\u00edas del Congreso.<\/p>\n\n<hr \/>\n\t<h2>\n\t\t\t\t\tC\u00f3mo llegar a Teruel\n\t\t\t\t<\/h2>\n\t\t\t<p>Te indicamos algunas de la formas de llegar hasta Teruel en los medios de transporte m\u00e1s habituales:<\/p>\n<p>\u00a0<\/p>\n\n<p>En Teruel convergen tres v\u00edas de comunicaci\u00f3n por carretera:\u00a0<\/p>\n<p>\u00a0 \u00a0 \u00a0 \u00a0<strong>\u00b7<\/strong> La autov\u00eda A-23 que comunica Teruel con Valencia y Zaragoza.\u00a0<\/p>\n<p>\u00a0 \u00a0 \u00a0 <strong>\u00a0\u00b7<\/strong> La nacional N-330 que comunica Teruel con Cuenca y el sur-oeste de la pen\u00ednsula ib\u00e9rica.\u00a0<\/p>\n<p>\u00a0 \u00a0 \u00a0 \u00a0<strong>\u00b7<\/strong> La nacional N-420 que comunica Teruel con Alca\u00f1iz y el nor-este de la pen\u00ednsula ib\u00e9rica.<\/p>\n<p>Consulte la mejor forma de llegar a Teruel <a href=\"https:\/\/www.google.es\/maps\/?hl=es\" target=\"_blank\" rel=\"noopener\">aqu\u00ed<\/a>.\u00a0<\/p>\n<hr \/>\n<p>\u00a0<\/p>\n\n<p>Teruel tiene conexi\u00f3n directa con Valencia y Zaragoza (y otras ciudades\/pueblos intermedios).<\/p>\n<p>Para el resto de localidades, es necesario realizar transbordo en alguna de estas dos ciudades. Puedes consultar los horarios actualizados de trenes y las combinaciones disponibles en la <a href=\"https:\/\/www.renfe.com\/\" target=\"_blank\" rel=\"noopener\">p\u00e1gina de RENFE<\/a>.\u00a0<\/p>\n<hr \/>\n<p>\u00a0<\/p>\n\n<p>Teruel tiene conexi\u00f3n directa diaria con <a href=\"https:\/\/samar.es\/\" target=\"_blank\" rel=\"noopener\">Valencia<\/a>, <a href=\"https:\/\/jimenezmovilidad.es\/\" target=\"_blank\" rel=\"noopener\">Zaragoza<\/a>, <a href=\"https:\/\/samar.es\/\" target=\"_blank\" rel=\"noopener\">Madrid<\/a>, <a href=\"https:\/\/web.bilmanbus.es\/\" target=\"_blank\" rel=\"noopener\">Bilbao<\/a>, <a href=\"https:\/\/samar.es\/\" target=\"_blank\" rel=\"noopener\">Guadalajara<\/a>, <a href=\"https:\/\/web.bilmanbus.es\/\" target=\"_blank\" rel=\"noopener\">Pamplona<\/a>, <a href=\"https:\/\/taquilla.jimenezmovilidad.es\/\" target=\"_blank\" rel=\"noopener\">Alicante<\/a>, <a href=\"https:\/\/web.bilmanbus.es\/\" target=\"_blank\" rel=\"noopener\">San Sebasti\u00e1n<\/a>, <a href=\"https:\/\/web.bilmanbus.es\/\" target=\"_blank\" rel=\"noopener\">Vitoria<\/a>, <a href=\"https:\/\/jimenezmovilidad.es\/\" target=\"_blank\" rel=\"noopener\">Murcia<\/a>, <a href=\"https:\/\/web.bilmanbus.es\/\" target=\"_blank\" rel=\"noopener\">Ir\u00fan<\/a>,\u00a0<a href=\"https:\/\/web.bilmanbus.es\/\" target=\"_blank\" rel=\"noopener\">Tolosa<\/a>, <a href=\"https:\/\/samar.es\/\" target=\"_blank\" rel=\"noopener\">Alcal\u00e1 de Henares<\/a>, <a href=\"https:\/\/www.hife.es\/\" target=\"_blank\" rel=\"noopener\">Alca\u00f1iz<\/a> o <a href=\"https:\/\/samar.es\/\" target=\"_blank\" rel=\"noopener\">Sagunto<\/a>, entre otros.<\/p>\n<p>Tambi\u00e9n dispone de conexiones algunos d\u00edas de la semana con Barcelona (dos compa\u00f1\u00edas: <a href=\"https:\/\/www.hife.es\/\" target=\"_blank\" rel=\"noopener\">Hife<\/a> y <a href=\"https:\/\/samar.es\/\" target=\"_blank\" rel=\"noopener\">Samar<\/a>), <a href=\"https:\/\/samar.es\/\" target=\"_blank\" rel=\"noopener\">Cuenca<\/a>, <a href=\"https:\/\/www.hife.es\/\" target=\"_blank\" rel=\"noopener\">Lleida<\/a>, <a href=\"https:\/\/samar.es\/\" target=\"_blank\" rel=\"noopener\">Tarragona<\/a>, <a href=\"https:\/\/www.hife.es\/\" target=\"_blank\" rel=\"noopener\">Castell\u00f3n<\/a>, <a href=\"https:\/\/web.bilmanbus.es\/\" target=\"_blank\" rel=\"noopener\">Santander<\/a>, <a href=\"https:\/\/jimenezmovilidad.es\/\" target=\"_blank\" rel=\"noopener\">Cartagena<\/a>, <a href=\"https:\/\/www.hife.es\/\" target=\"_blank\" rel=\"noopener\">Reus<\/a>, <a href=\"https:\/\/www.hife.es\/\" target=\"_blank\" rel=\"noopener\">Salou,<\/a>\u00a0<a href=\"https:\/\/taquilla.jimenezmovilidad.es\/\" target=\"_blank\" rel=\"noopener\">Benidorm<\/a> o <a href=\"https:\/\/taquilla.jimenezmovilidad.es\/\" target=\"_blank\" rel=\"noopener\">Gand\u00eda<\/a>, entre otros.<\/p>\n<p>Para cualquier otro destino, puede probar si est\u00e1 disponible <a href=\"https:\/\/www.alsa.es\/\" target=\"_blank\" rel=\"noopener\">aqu\u00ed<\/a>.\u00a0<\/p>\n<hr \/>\n<p>\u00a0<\/p>\n\n<p>Los aeropuertos m\u00e1s cercanos a Teruel son los de <a href=\"https:\/\/www.aeropuerto-valencia.com\/\" target=\"_blank\" rel=\"noopener\">Valencia-Manises<\/a> y el de <a href=\"https:\/\/www.aeropuertodezaragoza.net\/es\/\" target=\"_blank\" rel=\"noopener\">Zaragoza<\/a>. Para llegar despu\u00e9s a Teruel, se puede utilizar el tren o el autob\u00fas (ambas medios de transporte tienen varias frecuencias diarias desde Valencia y Zaragoza hacia Teruel). Tambi\u00e9n es posible usar un veh\u00edculo de alquiler por la cercan\u00eda de estos aeropuertos con Teruel.<\/p>\n<hr \/>\n\n","protected":false},"excerpt":{"rendered":"<p>Viaje y alojamiento C\u00f3mo llegar a Teruel y algunos alojamientos recomendados Alojamiento En Teruel encontrar\u00e1s numerosos hoteles y alojamientos. Aqu\u00ed te incluimos el listado de algunos de ellos con precios pactados con la Universidad. \u00a0 C\/ Atarazana 6, 44003 TERUEL \/ 978 61 81 31 C\u00f3mo realizar la reserva: Directamente en la web de la &hellip;<\/p>\n<p class=\"read-more\"> <a class=\"\" href=\"https:\/\/teruel2022.congresotaee.es\/?page_id=1438\"> <span class=\"screen-reader-text\">Sede<\/span> Read More &raquo;<\/a><\/p>\n","protected":false},"author":1,"featured_media":0,"parent":0,"menu_order":0,"comment_status":"closed","ping_status":"closed","template":"","meta":{"om_disable_all_campaigns":false,"_monsterinsights_skip_tracking":false,"_monsterinsights_sitenote_active":false,"_monsterinsights_sitenote_note":"","_monsterinsights_sitenote_category":0,"footnotes":""},"class_list":["post-1438","page","type-page","status-publish","hentry"],"_links":{"self":[{"href":"https:\/\/teruel2022.congresotaee.es\/index.php?rest_route=\/wp\/v2\/pages\/1438","targetHints":{"allow":["GET"]}}],"collection":[{"href":"https:\/\/teruel2022.congresotaee.es\/index.php?rest_route=\/wp\/v2\/pages"}],"about":[{"href":"https:\/\/teruel2022.congresotaee.es\/index.php?rest_route=\/wp\/v2\/types\/page"}],"author":[{"embeddable":true,"href":"https:\/\/teruel2022.congresotaee.es\/index.php?rest_route=\/wp\/v2\/users\/1"}],"replies":[{"embeddable":true,"href":"https:\/\/teruel2022.congresotaee.es\/index.php?rest_route=%2Fwp%2Fv2%2Fcomments&post=1438"}],"version-history":[{"count":44,"href":"https:\/\/teruel2022.congresotaee.es\/index.php?rest_route=\/wp\/v2\/pages\/1438\/revisions"}],"predecessor-version":[{"id":2083,"href":"https:\/\/teruel2022.congresotaee.es\/index.php?rest_route=\/wp\/v2\/pages\/1438\/revisions\/2083"}],"wp:attachment":[{"href":"https:\/\/teruel2022.congresotaee.es\/index.php?rest_route=%2Fwp%2Fv2%2Fmedia&parent=1438"}],"curies":[{"name":"wp","href":"https:\/\/api.w.org\/{rel}","templated":true}]}}