{"id":1307,"date":"2021-10-30T17:56:55","date_gmt":"2021-10-30T17:56:55","guid":{"rendered":"https:\/\/teruel2022.congresotaee.es\/?page_id=1307"},"modified":"2022-06-01T12:49:31","modified_gmt":"2022-06-01T12:49:31","slug":"pricing-faq-copy-2","status":"publish","type":"page","link":"https:\/\/teruel2022.congresotaee.es\/?page_id=1307&lang=pt","title":{"rendered":"Copia de Pricing &#038; FAQ"},"content":{"rendered":"\n\n\t<h1>\n\t\t\t\t\tRegistro\n\t\t\t\t<\/h1>\n\t\t\t<p>Inscreva-se para participar do XV Congresso Internacional TAEE<\/p>\n\t<h6>\n\t\t\t\t\tXV Congresso Internacional TAEE\n\t\t\t\t<\/h6>\n\t<h2>\n\t\t\t\t\tPre\u00e7os de registro\n\t\t\t\t<\/h2>\n\t<h6><strong>Assist\u00eancia no local (op\u00e7\u00e3o padr\u00e3o)<\/strong><\/h6>\n<ul>\n<li>Taxa <strong>geral<\/strong>: 450 \u20ac<\/li>\n<li>Taxa <strong>reduzida<\/strong> (membros do IEEE ou associa\u00e7\u00e3o TAEE*): 400 \u20ac<\/li>\n<li>Taxa de <strong>estudante<\/strong>: 300 \u20ac (n\u00e3o inclui presente)<\/li>\n<li>Taxa de <strong>estudante reduzida\u00a0<\/strong>(membros do IEEE ou associa\u00e7\u00e3o TAEE*): 275 \u20ac (n\u00e3o inclui presente)<\/li>\n<li>Taxa profissional para <strong>ensino m\u00e9dio<\/strong> \/ <strong>forma\u00e7\u00e3o profissional<\/strong>: \u20ac 100 (n\u00e3o inclui manuten\u00e7\u00e3o, eventos sociais ou brindes) Nota: Esta \u00e9 uma taxa muito minorit\u00e1ria destinada exclusivamente a professores N\u00c3O universit\u00e1rios que apresentam experi\u00eancias N\u00c3O universit\u00e1rias. Os professores\/investigadores\/<wbr \/>alunos universit\u00e1rios devem selecionar uma das outras taxas da lista (as normais e as habituais neste congresso). Esta taxa n\u00e3o \u00e9 para eles.<\/li>\n<li>Taxa para <strong>ouvintes<\/strong> \/ <strong>acompanhantes<\/strong> (sem envio de trabalho): \u20ac 250 (presente n\u00e3o inclu\u00eddo)<\/li>\n<\/ul>\n<h6><strong>Assist\u00eancia on-line <\/strong>(op\u00e7\u00e3o dispon\u00edvel para autores de pa\u00edses n\u00e3o europeus, se assim o desejarem. Tamb\u00e9m para estudantes, se assim o desejarem. Para os restantes autores, ser\u00e1 tamb\u00e9m aceite uma percentagem das comunica\u00e7\u00f5es apresentadas on-line).<\/h6>\n<ul>\n<li>Taxa <strong>geral<\/strong>: 350 \u20ac<\/li>\n<li>Taxa <strong>reduzida<\/strong> (membros do IEEE ou associa\u00e7\u00e3o TAEE*): 300 \u20ac<\/li>\n<li>Taxa <strong>reduzida<\/strong> para <strong>pa\u00edses em desenvolvimento<\/strong> que optam pelo modo online: 200 \u20ac (esta cota ser\u00e1 aplicada a autores de pa\u00edses classificados como &#8220;Developing economies&#8221; e &#8220;Transition economies&#8221; de acordo com a classifica\u00e7\u00e3o da <a href=\"https:\/\/unctadstat.unctad.org\/en\/Classifications\/DimCountries_DevelopmentStatus_Hierarchy.pdf\" target=\"_blank\" rel=\"noopener\">UNCTAD)<\/a><\/li>\n<li>Taxa de <strong>estudante<\/strong>: 200 \u20ac<\/li>\n<li>Taxa de <strong>estudante reduzida\u00a0<\/strong>(membros do IEEE ou associa\u00e7\u00e3o TAEE*): 175 \u20ac<\/li>\n<li>Taxa profissional para <strong>ensino secund\u00e1rio<\/strong> \/ <strong>forma\u00e7\u00e3o profissional<\/strong>: \u20ac 75<\/li>\n<li>Taxa de <strong>ouvintes<\/strong> (sem apresenta\u00e7\u00e3o de trabalho): \u20ac 75<\/li>\n<\/ul>\n<p>(*) Taxa de Associa\u00e7\u00e3o TAEE: \u20ac 25. Mais informa\u00e7\u00f5es sobre <a href=\"http:\/\/taee.etsist.upm.es\/\" target=\"_blank\" rel=\"noopener\">este link<\/a>. Formul\u00e1rio de inscri\u00e7\u00e3o na associa\u00e7\u00e3o TAEE <a href=\"http:\/\/taee.etsist.upm.es\/solicitud-de-alta-en-la-asociacion-taee\" target=\"_blank\" rel=\"noopener\">aqui<\/a>.<\/p>\n\t<h6>\n\t\t\t\t\tXV Congresso Internacional TAEE\n\t\t\t\t<\/h6>\n\t<h2>\n\t\t\t\t\tAcesso ao registro\n\t\t\t\t<\/h2>\n\t<h4>Para se inscrever tem de se dirigir ao <strong><a href=\"https:\/\/store.i3a.es\/en\/\" target=\"_blank\" rel=\"noopener\">Aplicativo de Inscri\u00e7\u00e3o<\/a><\/strong> (loja do I3A, um dos organizadores do Congresso)<\/h4>\n<p><em>Nota importante para participantes de pa\u00edses da Am\u00e9rica Latina:<\/em>\u00a0 Se aparecer uma tela com a mensagem &#8220;Erro Fatal&#8221; ao se inscrever ou pagar, por favor entre em contato com os organizadores do Congresso (e-mails: inmap@unizar.es e rigual@unizar.es) e n\u00f3s informaremos como proceder. A solicita\u00e7\u00e3o de registro est\u00e1 enfrentando alguns problemas espec\u00edficos, do pa\u00eds, que estamos a tentar resolver. Pedimos desculpa pela inconveni\u00eancia.<\/p>\n\t<h6>\n\t\t\t\t\tXV Congresso Internacional TAEE\n\t\t\t\t<\/h6>\n\t<h2>\n\t\t\t\t\tPerguntas frequentes\n\t\t\t\t<\/h2>\n\t\t\t<p>N\u00f3s respondemos a algumas das perguntas mais comuns<\/p>\n\t<h6>\n\t\t\t\t\tQuantas comunica\u00e7\u00f5es podem ser enviadas com um registro?\n\t\t\t\t<\/h6>\n\t\t\t<p>No atendimento <strong>presencial<\/strong>, a ficha d\u00e1 direito \u00e0 apresenta\u00e7\u00e3o de <strong>duas comunica\u00e7\u00f5es<\/strong>. Na assist\u00eancia <strong>online<\/strong>, um registro d\u00e1 o direito de apresentar <strong>uma comunica\u00e7\u00e3o<\/strong>.<\/p>\n<p><strong>Em ambos os casos, <\/strong>poder\u00e1 tamb\u00e9m ser apresentada <strong>uma comunica\u00e7\u00e3o adicional<\/strong> com o mesmo registo, mediante o pagamento de uma taxa de \u20ac 50.<\/p>\n\t<h6>\n\t\t\t\t\tOnde escolho o tipo de atendimento (presencial ou online)?\n\t\t\t\t<\/h6>\n\t\t\t<p>Voc\u00ea ter\u00e1 a op\u00e7\u00e3o de selecion\u00e1-lo no formul\u00e1rio de envio de trabalho.<\/p>\n<p>Para autores n\u00e3o europeus (e para alunos de qualquer origem) ambas as modalidades ter\u00e3o o mesmo n\u00edvel de prioridade. Para o restante dos autores, o modo padr\u00e3o \u00e9 o presencial, aceitando uma porcentagem de apresenta\u00e7\u00f5es no modo online.<\/p>\n\t<h6>\n\t\t\t\t\tO que inclui a taxa presencial do Congresso?\n\t\t\t\t<\/h6>\n\t\t\t<p>A taxa presencial inclui: publica\u00e7\u00e3o dos trabalhos em livro de resumos, livro de atas e IEEE Xplore (para quem optar); caf\u00e9s, refei\u00e7\u00f5es, eventos sociais, jantar de gala e presentes.<\/p>\n\n","protected":false},"excerpt":{"rendered":"<p>Registro Inscreva-se para participar do XV Congresso Internacional TAEE XV Congresso Internacional TAEE Pre\u00e7os de registro Assist\u00eancia no local (op\u00e7\u00e3o padr\u00e3o) Taxa geral: 450 \u20ac Taxa reduzida (membros do IEEE ou associa\u00e7\u00e3o TAEE*): 400 \u20ac Taxa de estudante: 300 \u20ac (n\u00e3o inclui presente) Taxa de estudante reduzida\u00a0(membros do IEEE ou associa\u00e7\u00e3o TAEE*): 275 \u20ac (n\u00e3o &hellip;<\/p>\n<p class=\"read-more\"> <a class=\"\" href=\"https:\/\/teruel2022.congresotaee.es\/?page_id=1307&#038;lang=pt\"> <span class=\"screen-reader-text\">Copia de Pricing &#038; FAQ<\/span> Read More &raquo;<\/a><\/p>\n","protected":false},"author":1,"featured_media":0,"parent":0,"menu_order":0,"comment_status":"closed","ping_status":"closed","template":"","meta":{"om_disable_all_campaigns":false,"_monsterinsights_skip_tracking":false,"_monsterinsights_sitenote_active":false,"_monsterinsights_sitenote_note":"","_monsterinsights_sitenote_category":0,"footnotes":""},"class_list":["post-1307","page","type-page","status-publish","hentry"],"_links":{"self":[{"href":"https:\/\/teruel2022.congresotaee.es\/index.php?rest_route=\/wp\/v2\/pages\/1307","targetHints":{"allow":["GET"]}}],"collection":[{"href":"https:\/\/teruel2022.congresotaee.es\/index.php?rest_route=\/wp\/v2\/pages"}],"about":[{"href":"https:\/\/teruel2022.congresotaee.es\/index.php?rest_route=\/wp\/v2\/types\/page"}],"author":[{"embeddable":true,"href":"https:\/\/teruel2022.congresotaee.es\/index.php?rest_route=\/wp\/v2\/users\/1"}],"replies":[{"embeddable":true,"href":"https:\/\/teruel2022.congresotaee.es\/index.php?rest_route=%2Fwp%2Fv2%2Fcomments&post=1307"}],"version-history":[{"count":22,"href":"https:\/\/teruel2022.congresotaee.es\/index.php?rest_route=\/wp\/v2\/pages\/1307\/revisions"}],"predecessor-version":[{"id":2036,"href":"https:\/\/teruel2022.congresotaee.es\/index.php?rest_route=\/wp\/v2\/pages\/1307\/revisions\/2036"}],"wp:attachment":[{"href":"https:\/\/teruel2022.congresotaee.es\/index.php?rest_route=%2Fwp%2Fv2%2Fmedia&parent=1307"}],"curies":[{"name":"wp","href":"https:\/\/api.w.org\/{rel}","templated":true}]}}