{"id":1178,"date":"2021-09-29T14:54:28","date_gmt":"2021-09-29T14:54:28","guid":{"rendered":"https:\/\/teruel2022.congresotaee.es\/?page_id=1178"},"modified":"2021-10-01T15:41:07","modified_gmt":"2021-10-01T15:41:07","slug":"contact-copy-2","status":"publish","type":"page","link":"https:\/\/teruel2022.congresotaee.es\/?page_id=1178&lang=pt","title":{"rendered":"Copia de Contact"},"content":{"rendered":"\n<h1>\n\t\t\t\t\tContato\n\t\t\t\t<\/h1>\n\t\t\t<p>Informa\u00e7\u00e3o de contato<\/p>\n\t<h2>\n\t\t\t\t\tSe voc\u00ea tiver d\u00favidas, escreva-nos\n\t\t\t\t<\/h2>\n\t\t\t<p>Grupo de pesquisa EduQTech,, Escuela Universitaria Polit\u00e9cnica de Teruel, Universidad de Zaragoza.<\/p>\n\t<ul>\n\t\t<li>\t\t\t\t\n\t\tc\/Atarazana 2, 44003, Teruel, Espa\u00f1a<\/li><li>\t\t\t\t\n\t\tinmap@unizar.es<\/li><li>\t\t\t\t\n\t\trigual@unizar.es<\/li><li>\t\t\t\t\n\t\t+34 978 64 53 62<\/li>\t<\/ul>\n\t<h6>\n\t\t\t\t\tNossa p\u00e1gina no Facebook:\n\t\t\t\t<\/h6>\n\t<iframe src=\"https:\/\/www.google.com\/maps\/embed?pb=!1m14!1m8!1m3!1d12162.288338393644!2d-1.10913!3d40.3518377!3m2!1i1024!2i768!4f13.1!3m3!1m2!1s0x0%3A0x432f60a38244588b!2sEscuela%20Universitaria%20Polit%C3%A9cnica%20-%20Teruel%20(Universidad%20Zaragoza).!5e0!3m2!1ses!2ses!4v1625738972109!5m2!1ses!2ses\" width=\"600\" height=\"450\" allowfullscreen=\"\" loading=\"lazy\"><\/iframe>\n","protected":false},"excerpt":{"rendered":"<p>Contato Informa\u00e7\u00e3o de contato Se voc\u00ea tiver d\u00favidas, escreva-nos Grupo de pesquisa EduQTech,, Escuela Universitaria Polit\u00e9cnica de Teruel, Universidad de Zaragoza. c\/Atarazana 2, 44003, Teruel, Espa\u00f1a inmap@unizar.es rigual@unizar.es +34 978 64 53 62 Nossa p\u00e1gina no Facebook:<\/p>\n","protected":false},"author":1,"featured_media":0,"parent":0,"menu_order":0,"comment_status":"closed","ping_status":"closed","template":"","meta":{"om_disable_all_campaigns":false,"_monsterinsights_skip_tracking":false,"_monsterinsights_sitenote_active":false,"_monsterinsights_sitenote_note":"","_monsterinsights_sitenote_category":0,"footnotes":""},"class_list":["post-1178","page","type-page","status-publish","hentry"],"_links":{"self":[{"href":"https:\/\/teruel2022.congresotaee.es\/index.php?rest_route=\/wp\/v2\/pages\/1178","targetHints":{"allow":["GET"]}}],"collection":[{"href":"https:\/\/teruel2022.congresotaee.es\/index.php?rest_route=\/wp\/v2\/pages"}],"about":[{"href":"https:\/\/teruel2022.congresotaee.es\/index.php?rest_route=\/wp\/v2\/types\/page"}],"author":[{"embeddable":true,"href":"https:\/\/teruel2022.congresotaee.es\/index.php?rest_route=\/wp\/v2\/users\/1"}],"replies":[{"embeddable":true,"href":"https:\/\/teruel2022.congresotaee.es\/index.php?rest_route=%2Fwp%2Fv2%2Fcomments&post=1178"}],"version-history":[{"count":3,"href":"https:\/\/teruel2022.congresotaee.es\/index.php?rest_route=\/wp\/v2\/pages\/1178\/revisions"}],"predecessor-version":[{"id":1218,"href":"https:\/\/teruel2022.congresotaee.es\/index.php?rest_route=\/wp\/v2\/pages\/1178\/revisions\/1218"}],"wp:attachment":[{"href":"https:\/\/teruel2022.congresotaee.es\/index.php?rest_route=%2Fwp%2Fv2%2Fmedia&parent=1178"}],"curies":[{"name":"wp","href":"https:\/\/api.w.org\/{rel}","templated":true}]}}