{"id":1167,"date":"2021-09-29T14:24:04","date_gmt":"2021-09-29T14:24:04","guid":{"rendered":"https:\/\/teruel2022.congresotaee.es\/?page_id=1167"},"modified":"2022-06-01T14:22:07","modified_gmt":"2022-06-01T14:22:07","slug":"convocatoria-copy-2","status":"publish","type":"page","link":"https:\/\/teruel2022.congresotaee.es\/?page_id=1167&lang=pt","title":{"rendered":"Copia de Convocatoria"},"content":{"rendered":"\n\n\t<h1>\n\t\t\t\t\tCall for papers  Chamada\n\t\t\t\t<\/h1>\n\t\t\t<p>Como participar do TAEE<\/p>\n\t<h2>\n\t\t\t\t\tConvocat\u00f3ria\n\t\t\t\t<\/h2>\n\t<p>Desde 1994, o <strong>Congresso TAEE<\/strong> tem sido o <strong>ponto de encontro<\/strong> de professores das \u00e1reas de <strong>Eletr\u00f4nica<\/strong> e<strong> Tecnologias da Informa\u00e7\u00e3o e Comunica\u00e7\u00e3o<\/strong> da <strong>Espanha, Portugal e Am\u00e9rica Latina<\/strong>.<\/p>\n<p>Tem como objetivo a melhoria do ensino na \u00e1rea da Eletr\u00f4nica por meio da reflex\u00e3o conjunta, da gera\u00e7\u00e3o de recursos did\u00e1ticos (principalmente baseados na tecnologia), da promo\u00e7\u00e3o do reaproveitamento e da gera\u00e7\u00e3o cooperativa de conhecimento.<\/p>\n<ul>\n<li>Acesse <a href=\"http:\/\/teruel2022.congresotaee.es\/wp-content\/uploads\/2022\/01\/TAEE-4-Call-for-paper-portugues_final.pdf\" target=\"_blank\" rel=\"noopener\">aqui o documento oficial <strong>convocando a participa\u00e7\u00e3o<\/strong><\/a>\u00a0 no XV Confer\u00eancia em Tecnologias Aplicadas ao Ensino da Eletr\u00f3nica (TAEE).<\/li>\n<li>Acesse <a href=\"http:\/\/teruel2022.congresotaee.es\/wp-content\/uploads\/2022\/01\/TAEE-EM-FP-Call-for-paper-portugues.pdf\" target=\"_blank\" rel=\"noopener\">aqui o documento oficial convocando a participa\u00e7\u00e3o<\/a> para Ensino M\u00e9dio e Forma\u00e7\u00e3o Profissional no XV Confer\u00eancia em Tecnologias Aplicadas ao Ensino da Eletr\u00f3nica (TAEE).<\/li>\n<\/ul>\n\t<h2>\n\t\t\t\t\tSubmiss\u00e3o de trabalho\n\t\t\t\t<\/h2>\n\t<h4>Participa\u00e7\u00e3o na XV Confer\u00eancia Internacional TAEE<\/h4>\n<h5>1\u00aa) Envio de resumos estendidos<\/h5>\n<p>Um resumo estendido (m\u00e1ximo de uma p\u00e1gina) \u00e9 necess\u00e1rio para participar na confer\u00eancia. Os resumos devem ser submetidos no sistema <a href=\"https:\/\/easychair.org\/conferences\/?conf=taee2022\" target=\"_blank\" rel=\"noopener\"><u>EasyChair TAEE2022<\/u><\/a>.<\/p>\n<p>No momento do envio do resumo estendido devem selecionar o tipo de comunica\u00e7\u00e3o pretendida (<strong>Regular Paper<\/strong>, <strong>Poster<\/strong> ou <strong>Demo<\/strong>). As submiss\u00f5es que envolvem o desenvolvimento de Software ou Hardware como parte de uma proposta docente s\u00e3o particularmente indicadas para apresenta\u00e7\u00e3o como Demo e a escolha deste tipo de apresenta\u00e7\u00e3o ser\u00e1 valorizada.<\/p>\n<p>Al\u00e9m disso, os alunos de doutorado ou Projeto de Licenciatura (TFG) \/ Projeto de Mestrado Final (TFM) tamb\u00e9m podem participar do congresso apresentando o projeto de tese que est\u00e3o fazendo ou v\u00e3o realizar, destacando sua rela\u00e7\u00e3o com a aprendizagem de qualquer um dos as \u00e1reas de congressos. Para fazer isso, eles devem selecionar a op\u00e7\u00e3o de <strong>painel de doutorado<\/strong> \/ TFG \/ TFM na plataforma de submiss\u00e3o de trabalhos.<\/p>\n<p>Os resumos devem conter o t\u00edtulo completo do artigo, um texto que resuma a estrutura do documento e um sum\u00e1rio dos resultados mais relevantes. Tamb\u00e9m podem conter figuras e refer\u00eancias. O resumo estendido est\u00e1 limitado a uma \u00fanica p\u00e1gina. Pode utilizar como exemplo este resumo de uma p\u00e1gina (usar um navegador distinto no Firefox para a descarga):<\/p>\n<ul>\n<li><strong>Regular paper<\/strong> ou <strong>Poster<\/strong>: modelos em formato <a href=\"https:\/\/teruel2022.congresotaee.es\/?attachment_id=1330\">docx<\/a> e formato <a href=\"https:\/\/teruel2022.congresotaee.es\/?attachment_id=1240\">OpenDocument<\/a>.<\/li>\n<li><strong>Demo<\/strong>: modelos em formato <a href=\"https:\/\/teruel2022.congresotaee.es\/?attachment_id=1328\">docx<\/a> e formato <a href=\"https:\/\/teruel2022.congresotaee.es\/?attachment_id=1242\">OpenDocument<\/a>.<\/li>\n<li>Para <strong>painel de doutorado<\/strong>: modelos em formato <a href=\"https:\/\/teruel2022.congresotaee.es\/?attachment_id=1329\">docx<\/a> e formato <a href=\"https:\/\/teruel2022.congresotaee.es\/?attachment_id=1282\">OpenDocument<\/a>.<\/li>\n<\/ul>\n<p>O resumo n\u00e3o deve incluir nem o nome nem a filia\u00e7\u00e3o dos autores para permitir uma revis\u00e3o an\u00f3nima.<\/p>\n<p>O prazo para envio do resumo estendido pode ser consultado <a href=\"https:\/\/teruel2022.congresotaee.es\/?page_id=1163&amp;lang=pt\" target=\"_blank\" rel=\"noopener\">aqui<\/a>.<\/p>\n\n<hr \/>\n<h5>2\u00aa) Envio de artigo completo<\/h5>\n<p>Uma vez que os resumos estendidos tenham sido aceitos, a contribui\u00e7\u00e3o completa deve ser enviada. O artigo completo deve seguir o\u00a0<a href=\"http:\/\/www.ieee.org\/conferences_events\/conferences\/publishing\/templates.html\" target=\"_blank\" rel=\"noopener\">formato IEEE<\/a> utilizando um tamanho de p\u00e1gina A4. O tamanho recomendado de cada submiss\u00e3o \u00e9 entre 4 e 6 p\u00e1ginas, independentemente do tipo de comunica\u00e7\u00e3o com um limite m\u00e1ximo de 10 p\u00e1ginas. A submiss\u00e3o deve ser enviada atrav\u00e9s da plataforma <a href=\"https:\/\/easychair.org\/conferences\/?conf=taee2022\" target=\"_blank\" rel=\"noopener\">EasyChair<\/a> at\u00e9 \u00e0 <a href=\"https:\/\/teruel2022.congresotaee.es\/?page_id=1163&amp;lang=pt\" target=\"_blank\" rel=\"noopener\">data limite<\/a>, de forma a permitir a sua revis\u00e3o pelo comit\u00e9 t\u00e9cnico da TAEE.<\/p>\n<p>Relembra-se que n\u00e3o devem ser inclu\u00eddos os nomes ou filia\u00e7\u00e3o dos autores de forma a garantir a revis\u00e3o an\u00f3nima.<\/p>\n<p><strong>Importante<\/strong>: O envio do artigo completo deve ser feito atrav\u00e9s do <a href=\"https:\/\/easychair.org\/conferences\/?conf=taee2022\" target=\"_blank\" rel=\"noopener\">EasyChair<\/a>, usando a op\u00e7\u00e3o &#8220;Add or update files&#8221; (canto superior direito) e subindo, posteriormente, o ficheiro pdf. Existe um tutorial em v\u00eddeo curto (1 minuto) e detalhado sobre como faz\u00ea-lo <a href=\"https:\/\/www.youtube.com\/watch?v=oDQQsFZlo5I\" target=\"_blank\" rel=\"noopener\">aqui<\/a>.<\/p>\n<hr \/>\n<h5>3\u00aa) Envio de contribui\u00e7\u00e3o final<\/h5>\n<p>Uma vez finalizado o processo de revis\u00e3o, o resultado \u00e9 comunicado aos autores junto com os coment\u00e1rios dos revisores. Os autores t\u00eam um prazo <strong>(at\u00e9 15 de maio<\/strong>) para preparar a <strong>vers\u00e3o final do artigo<\/strong>, em que dever\u00e3o ser tomados em conta os coment\u00e1rios dos revisores.<\/p>\n<p>A vers\u00e3o final deve seguir o <a href=\"https:\/\/www.ieee.org\/conferences\/publishing\/templates.html\" target=\"_blank\" rel=\"noopener\">formato IEEE<\/a> utilizando um tamanho de p\u00e1gina A4 e <strong>deve incluir o nome e filia\u00e7\u00e3o dos autores<\/strong>. Al\u00e9m disso, devem ser enviados tanto o arquivo fonte (.doc, .docx, Latex) quanto o artigo em PDF. Os autores devem verificar se as fontes est\u00e3o inclu\u00eddas no PDF e que este n\u00e3o inclui rodap\u00e9 nem numera\u00e7\u00e3o de p\u00e1ginas.<\/p>\n<p>Para enviar esta vers\u00e3o final pode escolher <strong>UMA<\/strong> destas tr\u00eas op\u00e7\u00f5es:<\/p>\n<ol>\n<li>Submeter o artigo <strong>SOMENTE em espanhol ou portugu\u00eas<\/strong> (ser\u00e1 publicado nos Anais com ISBN e no reposit\u00f3rio TAEE).<\/li>\n<li>Submeter o artigo<strong> SOMENTE em ingl\u00eas<\/strong> antes de 15 de maio (ser\u00e1 publicado nos Anais com ISBN, reposit\u00f3rio TAEE ou ap\u00f3s a confer\u00eancia no IEEE Xplore). Entraremos em contato mais tarde para perguntar a op\u00e7\u00e3o preferida.<\/li>\n<li>Submeter o artigo em <strong>espanhol ou portugu\u00eas<\/strong> (ser\u00e1 publicado nos Anais com ISBN e no reposit\u00f3rio TAEE) e <strong>TAMB\u00c9N em ingl\u00eas<\/strong> (ser\u00e1 publicado ap\u00f3s a confer\u00eancia no IEEE Xplore). Somente no caso de envio do artigo em dois idiomas: a vers\u00e3o em espanhol\/portugu\u00eas deve ser enviada at\u00e9 15 de maio; a vers\u00e3o em ingl\u00eas pode ser enviada at\u00e9 31 de maio <strong>6 de junho.<\/strong><\/li>\n<\/ol>\n<p><strong>Importante<\/strong>: O envio de contribui\u00e7\u00e3o final deve ser feito atrav\u00e9s do <a href=\"https:\/\/easychair.org\/conferences\/?conf=taee2022\" target=\"_blank\" rel=\"noopener\">EasyChair<\/a>, usando a op\u00e7\u00e3o &#8220;Add or update files&#8221; (canto superior direito) e subindo, posteriormente, o ficheiro pdf e docx ou l\u00e1tex. Existe um tutorial em v\u00eddeo curto (1 minuto) e detalhado sobre como faz\u00ea-lo <a href=\"https:\/\/www.youtube.com\/watch?v=EpOOquGIPPU\" target=\"_blank\" rel=\"noopener\">aqui<\/a>. Se voc\u00ea eleger a op\u00e7\u00e3o 3 e enviar o artigo em ingl\u00eas em uma data diferente do artigo em espanhol ou portugu\u00eas, ser\u00e1 necess\u00e1rio atualizar a contribui\u00e7\u00e3o no EasyChair duas vezes, repetindo o\u00a0processo explicado no v\u00eddeo a cada vez (obviamente, em cada submiss\u00e3o apenas os campos correspondentes)<\/p>\n<p><strong>Adicionalmente<\/strong>, na vers\u00e3o final\u00a0<strong><u>EM INGL\u00caS APENAS<\/u><\/strong>\u00a0deve incluir o seguinte texto no rodap\u00e9 (para efeitos de copyright):<\/p>\n\n<p>No caso de autores empregados pelo\u00a0<em>U.S. Government<\/em>,\u00a0substitua o conte\u00fado da nota de rodap\u00e9 pelo seguinte: <em>U.S. Government work not protected by U.S. copyright<\/em>. No caso de autores empregados pelo <em>Crown government<\/em>\u00a0(UK, Canada, and Australia), substitua o conte\u00fado da nota de rodap\u00e9 pelo seguinte: <em>978-1-6654-2161-4\/22\/$31.00 \u00a92022 Crown<\/em>. No caso de autores empregados pelo\u00a0<em>European Union<\/em>,\u00a0substitua o conte\u00fado da nota de rodap\u00e9 pelo seguinte: <em>978-1-6654-2161-4\/22\/$31.00 \u00a92022 European Union.<\/em>\u00a0Em qualquer outro caso (a op\u00e7\u00e3o mais comum), n\u00e3o substitua nada e deixe o copyright acima.<\/p>\n<p>O artigo em ingl\u00eas a ser publicado no IEEEXplore deve passar pela ferramenta de antipl\u00e1gio e autopl\u00e1gio do IEEE e ser apresentado no Congresso (obrigat\u00f3rio).<strong> Todos os tipos de contribui\u00e7\u00f5es (comunica\u00e7\u00e3o oral, demo, p\u00f4ster, doctoral consortium) podem ser publicados no IEEEXplore.\u00a0<\/strong>No caso de p\u00f4steres, &#8220;apresenta\u00e7\u00e3o&#8221; significa o ato de pendurar\/explicar o p\u00f4ster na sess\u00e3o correspondente. No caso de demonstra\u00e7\u00f5es, &#8220;apresenta\u00e7\u00e3o&#8221; significa efetuar a demonstra\u00e7\u00e3o na sess\u00e3o correspondente.<\/p>\n\t<h5>\n\t\t\t\t\tPr\u00e9mios\n\t\t\t\t<\/h5>\n\t\t\t<p>Ser\u00e3o concedidos os seguintes pr\u00e9mios da Associa\u00e7\u00e3o TAEE:<\/p>\n<ol>\n<li>Pr\u00e9mio para a melhor comunica\u00e7\u00e3o oral.<\/li>\n<li>Pr\u00e9mio para o melhor demonstrador.<\/li>\n<li>Pr\u00e9mio para o melhor p\u00f3ster.<\/li>\n<li>Pr\u00eamio para o melhor trabalho de doutorado.<\/li>\n<li>Pr\u00eamio para a melhor apresenta\u00e7\u00e3o.<\/li>\n<li>Al\u00e9mdisso: Pr\u00e9mio Tom\u00e1s Poll\u00e1n e Pr\u00e9mio carreira profissional.<\/li>\n<\/ol>\n\t<h5>\n\t\t\t\t\tL\u00ednguas da confer\u00eancia\n\t\t\t\t<\/h5>\n\t\t\t<p>Espanhol, Portugu\u00eas e Ingl\u00eas<\/p>\n\t<h5>\n\t\t\t\t\tModalidades de apresenta\u00e7\u00e3o\n\t\t\t\t<\/h5>\n\t\t\t<p>Comunica\u00e7\u00e3o oral, demonstra\u00e7\u00e3o, p\u00f3ster e painel de doutorado.<\/p>\n<p>Embora o congresso seja presencial, tamb\u00e9m ser\u00e1 aceite uma percentagem de comunica\u00e7\u00f5es apresentadas de forma s\u00edncrona, \u00e0 dist\u00e2ncia.<\/p>\n\t\t\t\t<img decoding=\"async\" src=\"http:\/\/teruel2022.congresotaee.es\/wp-content\/uploads\/2020\/02\/bg-07-free-img.jpg\" alt=\"Background Image\" itemprop=\"image\"\/>\n\t<h2>\n\t\t\t\t\tMais&#8230;\n\t\t\t\t<\/h2>\n\t\t\t<p>Durante o congresso ser\u00e3o organizadas confer\u00eancias convidadas, encontros de trabalho, mesas redondas e muito mais.<\/p>\n<p>Ouse participar, compartilhando suas experi\u00eancias, aprendendo &#8230; e disfrutando Teruel!<\/p>\n\t<h5>\n\t\t\t\t\tComit\u00ea TAEE\n\t\t\t\t<\/h5>\n\t<h6>\n\t\t\t\t\tOrganizadores dos Congressos TAEE\n\t\t\t\t<\/h6>\n\t\t\t\t<img decoding=\"async\" src=\"http:\/\/teruel2022.congresotaee.es\/wp-content\/uploads\/2020\/02\/signature-free-img.png\" alt=\"Signature Image\" itemprop=\"image\"\/>\n\t\t\n","protected":false},"excerpt":{"rendered":"<p>Call for papers Chamada Como participar do TAEE Convocat\u00f3ria Desde 1994, o Congresso TAEE tem sido o ponto de encontro de professores das \u00e1reas de Eletr\u00f4nica e Tecnologias da Informa\u00e7\u00e3o e Comunica\u00e7\u00e3o da Espanha, Portugal e Am\u00e9rica Latina. Tem como objetivo a melhoria do ensino na \u00e1rea da Eletr\u00f4nica por meio da reflex\u00e3o conjunta, da &hellip;<\/p>\n<p class=\"read-more\"> <a class=\"\" href=\"https:\/\/teruel2022.congresotaee.es\/?page_id=1167&#038;lang=pt\"> <span class=\"screen-reader-text\">Copia de Convocatoria<\/span> Read More &raquo;<\/a><\/p>\n","protected":false},"author":1,"featured_media":0,"parent":0,"menu_order":0,"comment_status":"closed","ping_status":"closed","template":"","meta":{"om_disable_all_campaigns":false,"_monsterinsights_skip_tracking":false,"_monsterinsights_sitenote_active":false,"_monsterinsights_sitenote_note":"","_monsterinsights_sitenote_category":0,"footnotes":""},"class_list":["post-1167","page","type-page","status-publish","hentry"],"_links":{"self":[{"href":"https:\/\/teruel2022.congresotaee.es\/index.php?rest_route=\/wp\/v2\/pages\/1167","targetHints":{"allow":["GET"]}}],"collection":[{"href":"https:\/\/teruel2022.congresotaee.es\/index.php?rest_route=\/wp\/v2\/pages"}],"about":[{"href":"https:\/\/teruel2022.congresotaee.es\/index.php?rest_route=\/wp\/v2\/types\/page"}],"author":[{"embeddable":true,"href":"https:\/\/teruel2022.congresotaee.es\/index.php?rest_route=\/wp\/v2\/users\/1"}],"replies":[{"embeddable":true,"href":"https:\/\/teruel2022.congresotaee.es\/index.php?rest_route=%2Fwp%2Fv2%2Fcomments&post=1167"}],"version-history":[{"count":38,"href":"https:\/\/teruel2022.congresotaee.es\/index.php?rest_route=\/wp\/v2\/pages\/1167\/revisions"}],"predecessor-version":[{"id":2052,"href":"https:\/\/teruel2022.congresotaee.es\/index.php?rest_route=\/wp\/v2\/pages\/1167\/revisions\/2052"}],"wp:attachment":[{"href":"https:\/\/teruel2022.congresotaee.es\/index.php?rest_route=%2Fwp%2Fv2%2Fmedia&parent=1167"}],"curies":[{"name":"wp","href":"https:\/\/api.w.org\/{rel}","templated":true}]}}