{"id":1163,"date":"2021-09-29T13:34:36","date_gmt":"2021-09-29T13:34:36","guid":{"rendered":"https:\/\/teruel2022.congresotaee.es\/?page_id=1163"},"modified":"2022-06-21T19:32:26","modified_gmt":"2022-06-21T19:32:26","slug":"fechas-importantes-copy-2","status":"publish","type":"page","link":"https:\/\/teruel2022.congresotaee.es\/?page_id=1163&lang=pt","title":{"rendered":"Copia de Fechas importantes"},"content":{"rendered":"\n\n\t<h1>\n\t\t\t\t\tDatas importantes\n\t\t\t\t<\/h1>\n\t\t\t<p>XV Edi\u00e7\u00e3o Congresso Internacional de Tecnologia, Aprendizagem e Ensino de Eletr\u00f4nica (TAEE)<\/p>\n\t<h6>\n\t\t\t\t\tXV Edi\u00e7\u00e3o TAEE 2022\n\t\t\t\t<\/h6>\n\t<h2>\n\t\t\t\t\tDatas importantes\n\t\t\t\t<\/h2>\n\t<p>&nbsp;<\/p>\n<table width=\"581\">\n<tbody>\n<tr>\n<td width=\"194\">Primeira chamada para participa\u00e7\u00e3o<\/td>\n<td width=\"194\">30 de setembro de 2021<\/td>\n<\/tr>\n<tr>\n<td width=\"194\">Segunda chamada para participa\u00e7\u00e3o<\/td>\n<td width=\"194\">29 de outubro de 2021<\/td>\n<\/tr>\n<tr>\n<td width=\"194\">Terceira chamada de participa\u00e7\u00e3o<\/td>\n<td width=\"194\">1 de dezembro de 2021<\/td>\n<\/tr>\n<tr>\n<td width=\"194\">Submiss\u00e3o de resumos<\/td>\n<td width=\"194\">22 de dezembro de 2021\n<p>Prorrogado at\u00e9:<\/p>\n<ul>\n<li>Geral: 24 de janeiro de 2022<\/li>\n<li>Pa\u00edses da Am\u00e9rica Latina:\u00a0 15 de fevereiro de 2022\u00a0(para respeitar seu per\u00edodo de f\u00e9rias)<\/li>\n<\/ul>\n<\/td>\n<\/tr>\n<tr>\n<td width=\"194\">Notifica\u00e7\u00e3o de aceita\u00e7\u00e3o (resumos)<\/td>\n<td width=\"194\">1 de fevereiro de 2022\n15 de fevereiro de 2022<\/td>\n<\/tr>\n<tr>\n<td width=\"194\">Submiss\u00e3o de artigos completos (Regular paper, Demo, Poster, Painel de doutorado).<\/td>\n<td width=\"194\">1 de mar\u00e7o de 2022\n\n<p>Prorrogado at\u00e9 31 de Mar\u00e7o de 2022<\/p>\n<p>Prorrogado at\u00e9<\/p>\nProrrogado at\u00e9 3 de Abril (se voc\u00ea n\u00e3o puder cumprir este prazo, entre em <a href=\"https:\/\/teruel2022.congresotaee.es\/?page_id=1178&amp;lang=pt\" target=\"_blank\" rel=\"noopener\">contato<\/a> com os organizadores.)<\/td>\n<\/tr>\n<tr>\n<td width=\"194\">Notifica\u00e7\u00e3o de aceita\u00e7\u00e3o (final)<\/td>\n<td width=\"194\">1 de abril de 2022\n<p>22 de abril de 2022<\/p>\n30 de abril de 2022<\/td>\n<\/tr>\n<tr>\n<td width=\"194\">Data limite para o envio de vers\u00f5es finais de todas as submiss\u00f5es<\/td>\n<td width=\"194\">22 de abril de 2022\n<p>15 de maio de 2022<\/p>\n31 de maio Prorrogado at\u00e9 6 de Junho de 2022 (submiss\u00e3o da vers\u00e3o em ingl\u00eas para publica\u00e7\u00e3o no IEEE Xplore)<\/td>\n<\/tr>\n<tr>\n<td width=\"194\">Encerramento do <strong>per\u00edodo de inscri\u00e7\u00e3o<\/strong><\/td>\n<td width=\"194\"><del>20 de junho de 2022<\/del>\nProrrogado at\u00e9\u00a0<strong>27 de junho\u00a0<\/strong>(inclu\u00eddo).<\/td>\n<\/tr>\n<tr>\n<td width=\"194\"><strong>In\u00edcio do congresso<\/strong><\/td>\n<td width=\"194\"><strong>29 de junho de 2022<\/strong><\/td>\n<\/tr>\n<\/tbody>\n<\/table>\n<p>&nbsp;<\/p>\n\n","protected":false},"excerpt":{"rendered":"<p>Datas importantes XV Edi\u00e7\u00e3o Congresso Internacional de Tecnologia, Aprendizagem e Ensino de Eletr\u00f4nica (TAEE) XV Edi\u00e7\u00e3o TAEE 2022 Datas importantes &nbsp; Primeira chamada para participa\u00e7\u00e3o 30 de setembro de 2021 Segunda chamada para participa\u00e7\u00e3o 29 de outubro de 2021 Terceira chamada de participa\u00e7\u00e3o 1 de dezembro de 2021 Submiss\u00e3o de resumos 22 de dezembro de &hellip;<\/p>\n<p class=\"read-more\"> <a class=\"\" href=\"https:\/\/teruel2022.congresotaee.es\/?page_id=1163&#038;lang=pt\"> <span class=\"screen-reader-text\">Copia de Fechas importantes<\/span> Read More &raquo;<\/a><\/p>\n","protected":false},"author":1,"featured_media":0,"parent":0,"menu_order":0,"comment_status":"closed","ping_status":"closed","template":"","meta":{"om_disable_all_campaigns":false,"_monsterinsights_skip_tracking":false,"_monsterinsights_sitenote_active":false,"_monsterinsights_sitenote_note":"","_monsterinsights_sitenote_category":0,"footnotes":""},"class_list":["post-1163","page","type-page","status-publish","hentry"],"_links":{"self":[{"href":"https:\/\/teruel2022.congresotaee.es\/index.php?rest_route=\/wp\/v2\/pages\/1163","targetHints":{"allow":["GET"]}}],"collection":[{"href":"https:\/\/teruel2022.congresotaee.es\/index.php?rest_route=\/wp\/v2\/pages"}],"about":[{"href":"https:\/\/teruel2022.congresotaee.es\/index.php?rest_route=\/wp\/v2\/types\/page"}],"author":[{"embeddable":true,"href":"https:\/\/teruel2022.congresotaee.es\/index.php?rest_route=\/wp\/v2\/users\/1"}],"replies":[{"embeddable":true,"href":"https:\/\/teruel2022.congresotaee.es\/index.php?rest_route=%2Fwp%2Fv2%2Fcomments&post=1163"}],"version-history":[{"count":20,"href":"https:\/\/teruel2022.congresotaee.es\/index.php?rest_route=\/wp\/v2\/pages\/1163\/revisions"}],"predecessor-version":[{"id":2099,"href":"https:\/\/teruel2022.congresotaee.es\/index.php?rest_route=\/wp\/v2\/pages\/1163\/revisions\/2099"}],"wp:attachment":[{"href":"https:\/\/teruel2022.congresotaee.es\/index.php?rest_route=%2Fwp%2Fv2%2Fmedia&parent=1163"}],"curies":[{"name":"wp","href":"https:\/\/api.w.org\/{rel}","templated":true}]}}