{"id":1141,"date":"2021-09-29T11:14:58","date_gmt":"2021-09-29T11:14:58","guid":{"rendered":"https:\/\/teruel2022.congresotaee.es\/?page_id=1141"},"modified":"2022-06-28T09:19:02","modified_gmt":"2022-06-28T09:19:02","slug":"home-copy-2","status":"publish","type":"page","link":"https:\/\/teruel2022.congresotaee.es\/?page_id=1141&lang=pt","title":{"rendered":"Copia de Home"},"content":{"rendered":"\n\n\t<ul>\n\t\t<li>\t\t\t\t\n\t\tTeruel, de 29 de Junho a 1 de Julho de 2022<\/li>\t<\/ul>\n\t<h1>\n\t\t\t\t\tXV Confer\u00eancia em Tecnologias Aplicadas ao Ensino da Eletr\u00f3nica\n\t\t\t\t<\/h1>\n\t\t\t\n\t\t\t<a href=\"https:\/\/www.turismodearagon.com\/ficha\/teruel\/\" target=\"_blank\" role=\"button\" rel=\"noopener\">\n\t\t\t\t\t\tLocal do congresso\n\t\t<\/a>\n\t\t\t<a href=\"https:\/\/teruel2022.congresotaee.es\/?page_id=2174&#038;lang=pt\" target=\"_blank\" role=\"button\" rel=\"noopener\">\n\t\t\t\t\t\tPrograma do Congresso\n\t\t<\/a>\n\t<h2>\n\t\t\t\t\t<a href=\"https:\/\/teruel2022.congresotaee.es\/?page_id=2174&#038;lang=pt\" title=\"Programa do Congresso\" target=\"_self\" rel=\"noopener\">\n\t\t\t\t\t\tPrograma do Congresso\n\t\t\t\t\t\t<\/a>\n\t\t\t<\/h2>\n\t<h2>\n\t\t\t\t\t\u00c1reas tem\u00e1ticas\n\t\t\t\t<\/h2>\n\t<h6>\n\t\t\t\t\tXV Congresso TAEE\n\t\t\t\t<\/h6>\n\t<h2>\n\t\t\t\t\tOrganizadores\n\t\t\t\t<\/h2>\n\t<table>\n<tbody>\n<tr>\n<td width=\"142\"><img loading=\"lazy\" decoding=\"async\" src=\"http:\/\/teruel2022.congresotaee.es\/wp-content\/uploads\/2021\/12\/ieee_100-3.png\" alt=\"\" width=\"100\" height=\"80\" \/><\/td>\n<td width=\"142\"><a href=\"http:\/\/eduqtech.unizar.es\/\" target=\"_blank\" rel=\"noopener\"><img loading=\"lazy\" decoding=\"async\" src=\"http:\/\/teruel2022.congresotaee.es\/wp-content\/uploads\/2021\/12\/logos-lab-eduqtech-1.png\" alt=\"\" width=\"300\" height=\"170\" \/><\/a><\/td>\n<td width=\"142\"><a href=\"https:\/\/ieee-edusociety.org\/\" target=\"_blank\" rel=\"noopener\"><img loading=\"lazy\" decoding=\"async\" src=\"http:\/\/teruel2022.congresotaee.es\/wp-content\/uploads\/2021\/12\/ieeeedusociety-logo_color_RGB_0-300x119.png\" alt=\"\" width=\"300\" height=\"119\" \/><\/a><\/td>\n<td width=\"142\"><a href=\"https:\/\/i3a.unizar.es\/es\" target=\"_blank\" rel=\"noopener\"><img loading=\"lazy\" decoding=\"async\" src=\"http:\/\/teruel2022.congresotaee.es\/wp-content\/uploads\/2021\/12\/logo_i3a-300x65.png\" alt=\"\" width=\"300\" height=\"65\" \/><\/a><\/td>\n<\/tr>\n<tr>\n<td width=\"142\"><a href=\"http:\/\/eupt.unizar.es\/\" target=\"_blank\" rel=\"noopener\"><img loading=\"lazy\" decoding=\"async\" src=\"http:\/\/teruel2022.congresotaee.es\/wp-content\/uploads\/2021\/12\/escuela_teruel-01-300x74.png\" alt=\"\" width=\"300\" height=\"74\" \/><\/a><\/td>\n<td width=\"142\"><a href=\"http:\/\/taee.etsist.upm.es\/\" target=\"_blank\" rel=\"noopener\"><img loading=\"lazy\" decoding=\"async\" src=\"http:\/\/teruel2022.congresotaee.es\/wp-content\/uploads\/2021\/12\/Logo_Asociacion_TAEE_faltaCheckFonts.svg\" alt=\"\" width=\"102\" height=\"81\" \/><\/a><\/td>\n<td width=\"142\"><a href=\"https:\/\/eupla.unizar.es\/\" target=\"_blank\" rel=\"noopener\"><img loading=\"lazy\" decoding=\"async\" src=\"http:\/\/teruel2022.congresotaee.es\/wp-content\/uploads\/2021\/12\/eupla_new-01-300x84.png\" alt=\"\" width=\"300\" height=\"84\" \/><\/a><\/td>\n<td width=\"142\"><a href=\"https:\/\/ie.unizar.es\/\" target=\"_blank\" rel=\"noopener\"><img loading=\"lazy\" decoding=\"async\" src=\"http:\/\/teruel2022.congresotaee.es\/wp-content\/uploads\/2021\/12\/ingenieria_electrica-color-300x87.png\" alt=\"\" width=\"300\" height=\"87\" \/><\/a><\/td>\n<\/tr>\n<tr>\n<td width=\"142\"><img loading=\"lazy\" decoding=\"async\" src=\"http:\/\/teruel2022.congresotaee.es\/wp-content\/uploads\/2021\/12\/Logo-catedra-Uned-2-300x97.jpg\" alt=\"\" width=\"300\" height=\"97\" \/><\/td>\n<td width=\"142\"><a href=\"http:\/\/diec.unizar.es\/\" target=\"_blank\" rel=\"noopener\"><img loading=\"lazy\" decoding=\"async\" src=\"http:\/\/teruel2022.congresotaee.es\/wp-content\/uploads\/2021\/12\/ingenieria_electronica-color-300x88.png\" alt=\"\" width=\"300\" height=\"88\" \/><\/a><\/td>\n<td width=\"142\"><\/td>\n<td width=\"142\"><\/td>\n<\/tr>\n<\/tbody>\n<\/table>\n\t<h6>\n\t\t\t\t\tXV Congresso TAEE\n\t\t\t\t<\/h6>\n\t<h2>\n\t\t\t\t\tPatrocinadores\n\t\t\t\t<\/h2>\n\t<table>\n<tbody>\n<tr>\n<td width=\"142\"><a href=\"https:\/\/teruel.unizar.es\/\" target=\"_blank\" rel=\"noopener\"><img loading=\"lazy\" decoding=\"async\" src=\"http:\/\/teruel2022.congresotaee.es\/wp-content\/uploads\/2021\/12\/vice-2-300x96.png\" alt=\"\" width=\"300\" height=\"96\" \/><\/a><\/td>\n<td width=\"142\"><a href=\"http:\/\/eupt.unizar.es\/\" target=\"_blank\" rel=\"noopener\"><img loading=\"lazy\" decoding=\"async\" src=\"http:\/\/teruel2022.congresotaee.es\/wp-content\/uploads\/2021\/12\/escuela_teruel-01-300x74.png\" alt=\"\" width=\"300\" height=\"74\" \/><\/a><\/td>\n<td width=\"142\"><a href=\"https:\/\/www.coitiar.es\/\" target=\"_blank\" rel=\"noopener\"><img loading=\"lazy\" decoding=\"async\" src=\"http:\/\/teruel2022.congresotaee.es\/wp-content\/uploads\/2022\/02\/COGITIAR-2020-1-2-300x93.png\" alt=\"\" width=\"300\" height=\"93\" \/><\/a><\/td>\n<td width=\"142\"><a href=\"https:\/\/bpw-spain.org\/\" target=\"_blank\" rel=\"noopener\"><img loading=\"lazy\" decoding=\"async\" src=\"http:\/\/teruel2022.congresotaee.es\/wp-content\/uploads\/2021\/12\/bpw_spain_logo_cast25-300x212.jpg\" alt=\"\" width=\"147\" height=\"104\" \/><\/a><\/td>\n<\/tr>\n<tr>\n<td width=\"142\"><a href=\"https:\/\/www.mdpi.com\/journal\/information\" target=\"_blank\" rel=\"noopener\"><img loading=\"lazy\" decoding=\"async\" src=\"http:\/\/teruel2022.congresotaee.es\/wp-content\/uploads\/2021\/12\/Information-logo-300x94.png\" alt=\"\" width=\"300\" height=\"94\" \/><\/a><\/td>\n<td width=\"142\"><img loading=\"lazy\" decoding=\"async\" src=\"http:\/\/teruel2022.congresotaee.es\/wp-content\/uploads\/2021\/12\/Logo-catedra-Uned-300x97.jpg\" alt=\"\" width=\"300\" height=\"97\" \/><\/td>\n<td width=\"142\"><a href=\"http:\/\/diec.unizar.es\/\" target=\"_blank\" rel=\"noopener\"><img loading=\"lazy\" decoding=\"async\" src=\"http:\/\/teruel2022.congresotaee.es\/wp-content\/uploads\/2021\/12\/ingenieria_electronica-color-300x88.png\" alt=\"\" width=\"300\" height=\"88\" \/><\/a><\/td>\n<td width=\"142\"><a href=\"https:\/\/ie.unizar.es\/\" target=\"_blank\" rel=\"noopener\"><img loading=\"lazy\" decoding=\"async\" src=\"http:\/\/teruel2022.congresotaee.es\/wp-content\/uploads\/2021\/12\/ingenieria_electrica-color-300x87.png\" alt=\"\" width=\"300\" height=\"87\" \/><\/a><\/td>\n<\/tr>\n<tr>\n<td width=\"142\"><a href=\"http:\/\/innovaciondocente.unizar.es\/\" target=\"_blank\" rel=\"noopener\"><img loading=\"lazy\" decoding=\"async\" src=\"http:\/\/teruel2022.congresotaee.es\/wp-content\/uploads\/2022\/02\/vice_academica-300x90.png\" alt=\"\" width=\"300\" height=\"90\" \/><\/a><\/td>\n<td width=\"142\"><img loading=\"lazy\" decoding=\"async\" src=\"http:\/\/teruel2022.congresotaee.es\/wp-content\/uploads\/2021\/12\/bwp_enredadas-300x156.png\" alt=\"\" width=\"300\" height=\"156\" \/><\/td>\n<td width=\"142\"><img loading=\"lazy\" decoding=\"async\" src=\"http:\/\/teruel2022.congresotaee.es\/wp-content\/uploads\/2022\/05\/Ayto-logo-300x110.png\" alt=\"\" width=\"300\" height=\"110\" \/><\/td>\n<td width=\"142\"><img loading=\"lazy\" decoding=\"async\" src=\"http:\/\/teruel2022.congresotaee.es\/wp-content\/uploads\/2022\/05\/vrector-300x95.png\" alt=\"\" width=\"300\" height=\"95\" \/><\/td>\n<\/tr>\n<tr>\n<td width=\"142\"><img loading=\"lazy\" decoding=\"async\" src=\"http:\/\/teruel2022.congresotaee.es\/wp-content\/uploads\/2022\/05\/camara-logo-300x106.png\" alt=\"\" width=\"300\" height=\"106\" \/><\/td>\n<td width=\"142\"><a href=\"https:\/\/www.ceoeteruel.es\/\" target=\"_blank\" rel=\"noopener\"><img loading=\"lazy\" decoding=\"async\" src=\"http:\/\/teruel2022.congresotaee.es\/wp-content\/uploads\/2022\/06\/ceoe-300x171.png\" alt=\"\" width=\"300\" height=\"171\" \/><\/a><\/td>\n<td width=\"142\"><a href=\"https:\/\/www.telecosaragon.es\/\" target=\"_blank\" rel=\"noopener\"><img loading=\"lazy\" decoding=\"async\" src=\"http:\/\/teruel2022.congresotaee.es\/wp-content\/uploads\/2022\/06\/Telecos-logo-1-300x110.png\" alt=\"\" width=\"300\" height=\"110\" \/><\/a><\/td>\n<td width=\"142\"><\/td>\n<\/tr>\n<\/tbody>\n<\/table>\n<p>&nbsp;<\/p>\n\t<h6>\n\t\t\t\t\tApresenta\u00e7\u00e3o\n\t\t\t\t<\/h6>\n\t<h2>\n\t\t\t\t\t\u00c2mbito do Congresso\n\t\t\t\t<\/h2>\n\t\t\t\n\t<p>O <strong>XV Congresso TAEE<\/strong> ser\u00e1 realizado, previsivelmente, presencialmente na Escuela Universitaria Polit\u00e9cnica de Teruel (Universidad de Zaragoza), localizada na bela cidade de Teruel (Espanha). Embora esteja previsto decorrer na modalidade <strong>presencial<\/strong>, o Congresso aceitar\u00e1 tamb\u00e9m uma percentagem de apresenta\u00e7\u00f5es na modalidade <strong>online<\/strong>.<\/p>\n<p>\u00c9 organizado pelo grupo de pesquisa I+D+i EduQTech, pela Escuela Universitaria Polit\u00e9cnica de Teruel, pela Escuela Universitaria Polit\u00e9cnica de La Almunia e pela Associa\u00e7\u00e3o TAEE.<\/p>\n<p>A sua realiza\u00e7\u00e3o permitir\u00e1 a investigadores e professores da \u00e1rea da <strong>eletr\u00f3nica<\/strong> e dos <strong>sistemas de informa\u00e7\u00e3o<\/strong> a troca de conhecimentos, e possibilitar\u00e1 que os mesmos possam propor novas ferramentas did\u00e1ticas para melhorar os processos de ensino e aprendizagem da eletr\u00f3nica.<\/p>\n<p>A Associa\u00e7\u00e3o TAEE e o comit\u00ea local cordialmente convidam voc\u00ea a enviar trabalhos para avalia\u00e7\u00e3o em um dos diferentes campos da <strong>Eletr\u00f4nica<\/strong>, no \u00e2mbito das <strong>Tecnologias de Informa\u00e7\u00e3o<\/strong> e:<\/p>\n<ul>\n<li>Fundamentos de eletr\u00f4nica<\/li>\n<li>Eletr\u00f4nica anal\u00f3gica<\/li>\n<li>Sistemas digitais<\/li>\n<li>Microcontroladores e microprocessadores<\/li>\n<li>Instrumenta\u00e7\u00e3o eletr\u00f4nica<\/li>\n<li>Eletr\u00f4nica de pot\u00eancia<\/li>\n<li>Tecnologia do dispositivo<\/li>\n<li>Sistemas de controle<\/li>\n<li>Processamento de sinal<\/li>\n<li>Sistemas de comunica\u00e7\u00e3o<\/li>\n<li>Aplicativos eletr\u00f4nicos (por exemplo: ind\u00fastria 5.0, cidades inteligentes, engenharia biom\u00e9dica, drones, ve\u00edculos el\u00e9tricos, energia renov\u00e1vel, etc.)<\/li>\n<li>Experi\u00eancias de ensino<\/li>\n<li>Est\u00e1gios na empresa<\/li>\n<li>Colabora\u00e7\u00e3o Universidade-Empresa<\/li>\n<li>Outros<\/li>\n<\/ul>\n\t\t\t<a href=\"https:\/\/teruel2022.congresotaee.es\/?page_id=2174&#038;lang=pt\" target=\"_self\" role=\"button\" rel=\"noopener\">\n\t\t\t\t\t\tPrograma do Congresso\n\t\t<\/a>\n\t<h4>\n\t\t\t\t\tPr\u00f3xima data importante\n\t\t\t\t<\/h4>\n\t\t\t\n\t<h4>\n\t\t\t\t\tHist\u00f3ria\n\t\t\t\t<\/h4>\n\t\t\t<p>Congresso que re\u00fane bienalmente professores de eletr\u00f4nica, instrumenta\u00e7\u00e3o, comunica\u00e7\u00f5es, engenharia el\u00e9trica, automa\u00e7\u00e3o, etc.<\/p>\n\t<h4>\n\t\t\t\t\tIdiomas oficiais\n\t\t\t\t<\/h4>\n\t\t\t<p>Espanhol, Portugu\u00eas e Ingl\u00eas<\/p>\n\t<h6>\n\t\t\t\t\tSede do XV Congresso\n\t\t\t\t<\/h6>\n\t<h4>\n\t\t\t\t\tTeruel\n\t\t\t\t<\/h4>\n\t\t\t<p>Capital mundial do Mud\u00e9jar. Natureza, patrim\u00f4nio, cultura, gastronomia e um ambiente familiar \u00fanico.<\/p>\n\t\t\t<a href=\"https:\/\/www.turismodearagon.com\/ficha\/teruel\/\" target=\"_blank\" role=\"button\" rel=\"noopener\">\n\t\t\t\t\t\tSaiba mais sobre Teruel\n\t\t<\/a>\n\t<h6>\n\t\t\t\t\tPublica\u00e7\u00f5es\n\t\t\t\t<\/h6>\n\t<h2>\n\t\t\t\t\tIndexa\u00e7\u00e3o\n\t\t\t\t<\/h2>\n\t\t\t\n\t<h4>\n\t\t\t\t\tIEEE Xplore\n\t\t\t\t<\/h4>\n\t\t\t<p>Os autores que assim escolherem podem enviar seus artigos em ingl\u00eas para publica\u00e7\u00e3o no <a href=\"https:\/\/ieeexplore.ieee.org\/xpl\/conhome\/9159129\/proceeding\" target=\"_blank\" rel=\"noopener\">IEEE Xplore<\/a> com doi associado. Acesse os artigos da \u00faltima edi\u00e7\u00e3o <a href=\"https:\/\/ieeexplore.ieee.org\/xpl\/conhome\/9159129\/proceeding\" target=\"_blank\" rel=\"noopener\">aqu\u00ed<\/a>.<\/p>\n\t<h4>\n\t\t\t\t\tDialnet\n\t\t\t\t<\/h4>\n\t\t\t<p>Todos os artigos ser\u00e3o publicados no reposit\u00f3rio Dialnet. Acesse os artigos da \u00faltima edi\u00e7\u00e3o <a href=\"https:\/\/dialnet.unirioja.es\/servlet\/libro?codigo=794401\" target=\"_blank\" rel=\"noopener\">aqui<\/a>.<\/p>\n\t<h4>\n\t\t\t\t\tRevistas JCR\n\t\t\t\t<\/h4>\n\t\t\t<p>Ser\u00e1 feita uma sele\u00e7\u00e3o dos melhores artigos a serem propostos, em vers\u00e3o estendida, para publica\u00e7\u00e3o nos peri\u00f3dicos <strong>IEEE Transactions on Education<\/strong> (JCR indexado) e <strong>IEEE-RITA<\/strong>. Al\u00e9m disso, se for recebido um n\u00famero suficiente de artigos de alta qualidade, estes poder\u00e3o ser enviados para uma\u00a0special issue\u00a0do Congresso TAEE\u00a0na revista\u00a0<strong>Information\u00a0<\/strong>(JCR indexado).<\/p>\n\t<h4>\n\t\t\t\t\tAtas do Congresso\n\t\t\t\t<\/h4>\n\t\t\t<p>Todos os artigos ser\u00e3o inclu\u00eddos no livro de resumos e tamb\u00e9m no livro de atas do congresso (em espanhol e portugu\u00eas) com ISBN (um diferente para cada livro).<\/p>\n\t<h4>\n\t\t\t\t\tReposit\u00f3rios digitais TAEE\n\t\t\t\t<\/h4>\n\t\t\t<p>Publica\u00e7\u00e3o aberta nos <a href=\"http:\/\/taee.etsist.upm.es\/recursos-taee\" target=\"_blank\" rel=\"noopener\">reposit\u00f3rios digitais<\/a>\u00a0da Associa\u00e7\u00e3o TAEE (respeitando os direitos de autor associados ao IEEEXplorer).<\/p>\n\t<h6>\n\t\t\t\t\tLocal do congresso\n\t\t\t\t<\/h6>\n\t<h2>\n\t\t\t\t\tSede TAEE: Teruel\n\t\t\t\t<\/h2>\n\t\t\t\t<img decoding=\"async\" src=\"http:\/\/teruel2022.congresotaee.es\/wp-content\/uploads\/2021\/06\/que-visitar-en-teruel-4.1-1024x575-1.jpg\" alt=\"que-visitar-en-teruel-4.1-1024x575-1\" itemprop=\"image\" title=\"que-visitar-en-teruel-4.1-1024x575-1\" onerror=\"this.style.display='none'\"  \/>\n\t\t\t\t<img decoding=\"async\" src=\"http:\/\/teruel2022.congresotaee.es\/wp-content\/uploads\/2021\/06\/1024px-Plaza_del_Torico_Teruel-1.jpg\" alt=\"1024px-Plaza_del_Torico_(Teruel) (1)\" itemprop=\"image\" title=\"1024px-Plaza_del_Torico_(Teruel) (1)\" onerror=\"this.style.display='none'\"  \/>\n\t<p>Pronto para conhecer o &#8220;frescalor&#8221;, o &#8220;rapilento&#8221;, o &#8220;tranquilintenso&#8221; e a &#8220;cosmopueblita&#8221;? SintaTeruel<\/p>\n\t<iframe loading=\"lazy\" width=\"560\" height=\"315\" src=\"https:\/\/www.youtube.com\/embed\/O2Ilop29Ck0\" title=\"YouTube video player\" frameborder=\"0\" allow=\"accelerometer; autoplay; clipboard-write; encrypted-media; gyroscope; picture-in-picture\" allowfullscreen><\/iframe>\n\t<i>&#9733;<\/i><i>&#9733;<\/i><i>&#9733;<\/i><i>&#9733;<\/i><i>&#9733;<\/i>\t\n\t<p>Em Teruel voc\u00ea encontrar\u00e1 a maior hist\u00f3ria de amor de todos os tempos &#8230; Aquela e muito mais &#8230;<\/p>\n\t<iframe loading=\"lazy\" width=\"560\" height=\"315\" src=\"https:\/\/www.youtube.com\/embed\/N9ZJAvWGHj8\" title=\"YouTube video player\" frameborder=\"0\" allow=\"accelerometer; autoplay; clipboard-write; encrypted-media; gyroscope; picture-in-picture\" allowfullscreen><\/iframe>\n\t<i>&#9733;<\/i><i>&#9733;<\/i><i>&#9733;<\/i><i>&#9733;<\/i><i>&#9733;<\/i>\t\n\t<h2>\n\t\t\t\t\tXV Congresso TAEE\n\t\t\t\t<\/h2>\n\t\t\t<p>Organizado pela Asociaci\u00f3n Tecnolog\u00eda, Aprendizaje y Ense\u00f1anza de la Electr\u00f3nica (TAEE)<\/p>\n\t\t\t<a href=\"http:\/\/taee.etsist.upm.es\/\" target=\"_blank\" role=\"button\" rel=\"noopener\">\n\t\t\t\t\t\t\tAcesso ao site da Associa\u00e7\u00e3o TAEE\n\t\t\t\t\t<\/a>\n\n","protected":false},"excerpt":{"rendered":"<p>Teruel, de 29 de Junho a 1 de Julho de 2022 XV Confer\u00eancia em Tecnologias Aplicadas ao Ensino da Eletr\u00f3nica Local do congresso Programa do Congresso Programa do Congresso \u00c1reas tem\u00e1ticas XV Congresso TAEE Organizadores XV Congresso TAEE Patrocinadores &nbsp; Apresenta\u00e7\u00e3o \u00c2mbito do Congresso O XV Congresso TAEE ser\u00e1 realizado, previsivelmente, presencialmente na Escuela Universitaria &hellip;<\/p>\n<p class=\"read-more\"> <a class=\"\" href=\"https:\/\/teruel2022.congresotaee.es\/?page_id=1141&#038;lang=pt\"> <span class=\"screen-reader-text\">Copia de Home<\/span> Read More &raquo;<\/a><\/p>\n","protected":false},"author":1,"featured_media":984,"parent":0,"menu_order":0,"comment_status":"closed","ping_status":"closed","template":"","meta":{"om_disable_all_campaigns":false,"_monsterinsights_skip_tracking":false,"_monsterinsights_sitenote_active":false,"_monsterinsights_sitenote_note":"","_monsterinsights_sitenote_category":0,"footnotes":""},"class_list":["post-1141","page","type-page","status-publish","has-post-thumbnail","hentry"],"_links":{"self":[{"href":"https:\/\/teruel2022.congresotaee.es\/index.php?rest_route=\/wp\/v2\/pages\/1141","targetHints":{"allow":["GET"]}}],"collection":[{"href":"https:\/\/teruel2022.congresotaee.es\/index.php?rest_route=\/wp\/v2\/pages"}],"about":[{"href":"https:\/\/teruel2022.congresotaee.es\/index.php?rest_route=\/wp\/v2\/types\/page"}],"author":[{"embeddable":true,"href":"https:\/\/teruel2022.congresotaee.es\/index.php?rest_route=\/wp\/v2\/users\/1"}],"replies":[{"embeddable":true,"href":"https:\/\/teruel2022.congresotaee.es\/index.php?rest_route=%2Fwp%2Fv2%2Fcomments&post=1141"}],"version-history":[{"count":55,"href":"https:\/\/teruel2022.congresotaee.es\/index.php?rest_route=\/wp\/v2\/pages\/1141\/revisions"}],"predecessor-version":[{"id":2216,"href":"https:\/\/teruel2022.congresotaee.es\/index.php?rest_route=\/wp\/v2\/pages\/1141\/revisions\/2216"}],"wp:featuredmedia":[{"embeddable":true,"href":"https:\/\/teruel2022.congresotaee.es\/index.php?rest_route=\/wp\/v2\/media\/984"}],"wp:attachment":[{"href":"https:\/\/teruel2022.congresotaee.es\/index.php?rest_route=%2Fwp%2Fv2%2Fmedia&parent=1141"}],"curies":[{"name":"wp","href":"https:\/\/api.w.org\/{rel}","templated":true}]}}