{"id":1132,"date":"2021-09-29T09:26:04","date_gmt":"2021-09-29T09:26:04","guid":{"rendered":"https:\/\/teruel2022.congresotaee.es\/?page_id=1132"},"modified":"2022-07-07T07:48:39","modified_gmt":"2022-07-07T07:48:39","slug":"comites-copy","status":"publish","type":"page","link":"https:\/\/teruel2022.congresotaee.es\/?page_id=1132&lang=en","title":{"rendered":"TAEE Committees"},"content":{"rendered":"\n\n\t<h1>\n\t\t\t\t\tCommittees\n\t\t\t\t<\/h1>\n\t\t\t<p>Find out who is behind the XV TAEE Conference<\/p>\n\t<h6>\n\t\t\t\t\tXV Edition 2022\n\t\t\t\t<\/h6>\n\t<h2>\n\t\t\t\t\tHonorary presidency\n\t\t\t\t<\/h2>\n\t<p><strong>Maru D\u00edaz Calvo<\/strong>, Consejera de Ciencia, Universidad y Sociedad del Conocimiento. Gobierno de Arag\u00f3n (Spain).<\/p>\n\t<h6>\n\t\t\t\t\tXV Edition 2022\n\t\t\t\t<\/h6>\n\t<h2>\n\t\t\t\t\tCoordinators\n\t\t\t\t<\/h2>\n\t<p><strong>Inmaculada Plaza Garc\u00eda<\/strong>, Escuela Universitaria Polit\u00e9cnica de Teruel, Universidad de Zaragoza<\/p>\n<p><strong>Ra\u00fal Igual Catal\u00e1n<\/strong>, Escuela Universitaria Polit\u00e9cnica de Teruel, Universidad de Zaragoza<\/p>\n<p><strong>Mart\u00edn Orna Carmona<\/strong>, Escuela Universitaria Polit\u00e9cnica de La Almunia, Universidad de Zaragoza<\/p>\n\t<h6>\n\t\t\t\t\tXV Edition 2022\n\t\t\t\t<\/h6>\n\t<h2>\n\t\t\t\t\tLocal committee\n\t\t\t\t<\/h2>\n\t<p><strong>Ana M\u00aa L\u00f3pez Torres<\/strong>, Escuela Universitaria Polit\u00e9cnica de Teruel, Universidad de Zaragoza (Call. Logistics)<\/p>\n<p><strong>Ana Luc\u00eda Esteban S\u00e1nchez<\/strong>, Escuela Universitaria Polit\u00e9cnica de La Almunia, Universidad de Zaragoza (Call)<\/p>\n<p><strong>Ana Serrano Tierz<\/strong>, Escuela de Ingenier\u00eda y Arquitectura, Universidad de Zaragoza (Image. Web and social networks)<\/p>\n<p><strong>Arantxa Ot\u00edn Ac\u00edn<\/strong>, Escuela de Ingenier\u00eda y Arquitectura, Universidad de Zaragoza (Submission management. Publications)<\/p>\n<p><strong>Beatriz Rubio Serrano<\/strong>, Escuela Universitaria Polit\u00e9cnica de Teruel, Universidad de Zaragoza<\/p>\n<p><strong>Blanca Gonz\u00e1lez Clemente<\/strong>, Escuela Universitaria Polit\u00e9cnica de Teruel, Universidad de Zaragoza<\/p>\n<p><strong>Carina Gonz\u00e1lez,<\/strong> Facultad de Ciencias, Universidad de La Laguna (Coordinator of publications)<\/p>\n<p><strong>Carlos Medrano,<\/strong> Escuela Universitaria Polit\u00e9cnica de Teruel, Universidad de Zaragoza<\/p>\n<p><strong>C\u00e9sar Treg\u00f3n Esteban<\/strong>, Escuela Universitaria Polit\u00e9cnica de Teruel, Universidad de Zaragoza<\/p>\n<p><strong>Cristina Belloso<\/strong>, Escuela Universitaria Polit\u00e9cnica de La Almunia, Universidad de Zaragoza (Registration. Support students)<\/p>\n<p><strong>David Asiain Ansorena<\/strong>, Escuela Universitaria Polit\u00e9cnica de La Almunia, Universidad de Zaragoza (Exhibitors and demonstrators)<\/p>\n<p><strong>Diego Antol\u00edn Ca\u00f1ada<\/strong>, Escuela Universitaria Polit\u00e9cnica de La Almunia, Universidad de Zaragoza (Submission management. Publications)<\/p>\n<p><strong>Eduardo Gil Herrando<\/strong>, Escuela de Ingenier\u00eda y Arquitectura, Universidad de Zaragoza (Exhibitors and demonstrators)<\/p>\n<p><strong>Elena del Val Noguera<\/strong>, Escuela Universitaria Polit\u00e9cnica de Teruel, Universidad de Zaragoza (Image. Web and social networks)<\/p>\n<p><strong>Elena Ibarz Montaner<\/strong>, Escuela Universitaria Polit\u00e9cnica de Teruel, Universidad de Zaragoza (Exhibitors and demonstrators)<\/p>\n<p><strong>Francisco Javier Arcega<\/strong>, Escuela de Ingenier\u00eda y Arquitectura, Universidad de Zaragoza (Submission management)<\/p>\n<p><strong>Francisco Mor Abad<\/strong>, Escuela Universitaria Polit\u00e9cnica de Teruel, Universidad de Zaragoza<\/p>\n<p><strong>Javier Esteban Esca\u00f1o<\/strong>, Escuela Universitaria Polit\u00e9cnica de La Almunia, Universidad de Zaragoza (Submission management)<\/p>\n<p><strong>Javier Mart\u00ednez Cesteros<\/strong>, Escuela Universitaria Polit\u00e9cnica de Teruel, Universidad de Zaragoza (Image. Web and social networks)<\/p>\n<p><strong>Javier P\u00e9rez Esteras<\/strong>, Escuela Universitaria Polit\u00e9cnica de La Almunia, Universidad de Zaragoza (Streaming)<\/p>\n<p><strong>Jes\u00fas L\u00e1zaro Plaza<\/strong>, Escuela Universitaria Polit\u00e9cnica de Teruel, Universidad de Zaragoza (Call)<\/p>\n<p><strong>Jes\u00fas Sergio Artal Sevil<\/strong>, Escuela de Ingenier\u00eda y Arquitectura, Universidad de Zaragoza (Submission management. Publications)<\/p>\n<p><strong>Jes\u00fas Ponce de Le\u00f3n V\u00e1zquez<\/strong>, Escuela Universitaria Polit\u00e9cnica de La Almunia, Universidad de Zaragoza (Submission management)<\/p>\n<p><strong>Jorge P\u00e9rez Bail\u00f3n<\/strong>, Facultad de Ciencias, Universidad de Zaragoza (Call. Submission management)<\/p>\n<p><strong>Jos\u00e9 Ignacio Artigas Maestre<\/strong>, Escuela de Ingenier\u00eda y Arquitectura, Universidad de Zaragoza (Publications)<\/p>\n<p><strong>Jos\u00e9\u00a0Luis\u00a0Vicen Cruz<\/strong>, Escuela Universitaria Polit\u00e9cnica de La Almunia, Universidad de Zaragoza<\/p>\n<p><strong>Juan Diego Jaria Gazol<\/strong>, Escuela Universitaria Polit\u00e9cnica de La Almunia, Universidad de Zaragoza (Exhibitors and demonstrators)<\/p>\n<p><strong>Leticia G\u00f3mez S\u00e1nchez<\/strong>, Escuela Universitaria Polit\u00e9cnica de Teruel, Universidad de Zaragoza<\/p>\n<p><strong>Manuel Castro Gil,<\/strong> Universidad Nacional de Educaci\u00f3n a Distancia (Coordinator of Publications)<\/p>\n<p><strong>Marco Guzm\u00e1n \u00c1lvarez<\/strong>, Escuela Universitaria Polit\u00e9cnica de Teruel, Universidad de Zaragoza<\/p>\n<p><strong>Mar\u00eda Abi\u00e1n Vic\u00e9n<\/strong>, Escuela Polit\u00e9cnica Superior, Universidad de Zaragoza (Exhibitors and demonstrators)<\/p>\n<p><strong>M\u00f3nica Remacha Andr\u00e9s<\/strong>, Escuela Universitaria Polit\u00e9cnica de La Almunia, Universidad de Zaragoza (Exhibitors and demonstrators. Support students)<\/p>\n<p><strong>Rosa Vicente Vas<\/strong>, Escuela Universitaria Polit\u00e9cnica de La Almunia, Universidad de Zaragoza (Support students)<\/p>\n<p><strong>Rosario Arag\u00fc\u00e9s Mu\u00f1oz<\/strong>, Escuela de Ingenier\u00eda y Arquitectura, Universidad de Zaragoza (Call. Exhibitors and demonstrators)<\/p>\n<p><strong>Sergio Albiol P\u00e9rez<\/strong>, Escuela Universitaria Polit\u00e9cnica de Teruel, Universidad de Zaragoza (Cultural and social events. Financing. Support students)<\/p>\n<p><strong>Sergio Dom\u00ednguez Gimeno<\/strong>, Escuela Universitaria Polit\u00e9cnica de Teruel, Universidad de Zaragoza (Support students)<\/p>\n<p><strong>Tom\u00e1s Cort\u00e9s Arcos<\/strong>, Escuela Universitaria Polit\u00e9cnica de La Almunia, Universidad de Zaragoza (Image. Web and social networks)<\/p>\n\t<h6>\n\t\t\t\t\tTAEE\n\t\t\t\t<\/h6>\n\t<h2>\n\t\t\t\t\tStanding committee\n\t\t\t\t<\/h2>\n\t<p><strong>Andr\u00e9 Vaz Fidalgo<\/strong>, Instituto Superior de Engenharia do Porto, Portugal<\/p>\n<p><strong>M\u00aa Asunci\u00f3n Morales Santana<\/strong>, Universidad de Las Palmas de Gran Canaria, Spain<\/p>\n<p><strong>Bonifacio Mart\u00edn del Br\u00edo<\/strong>, Universidad de Zaragoza, Spain<\/p>\n<p><strong>Camilo Quint\u00e1ns Gra\u00f1a<\/strong>, Universidade de Vigo, Spain<\/p>\n<p><strong>Catalina Rus Casas<\/strong>, Universidad de Ja\u00e9n, Spain<\/p>\n<p><strong>C\u00e9sar Collazos<\/strong>, Universidad de Cauca Popay\u00e1n, Colombia<\/p>\n<p><strong>C\u00e9sar Sanz \u00c1lvaro<\/strong>, Universidad Polit\u00e9cnica de Madrid, Spain<\/p>\n<p><strong>David Benito Pertusa<\/strong>, Universidad P\u00fablica de Navarra, Spain<\/p>\n<p><strong>Edmundo Tovar Caro<\/strong>, Universidad Polit\u00e9cnica de Madrid, Spain<\/p>\n<p><strong>Emilio Ol\u00edas Ruiz<\/strong>, Universidad Carlos III, Spain<\/p>\n<p><strong>Enrique Mandado P\u00e9rez<\/strong>, Universidade de Vigo, Spain<\/p>\n<p><strong>Federico Jos\u00e9 Barrero Garc\u00eda<\/strong>, Universidad de Sevilla, Spain<\/p>\n<p><strong>Fernando Pescador del Oso<\/strong>, Universidad Polit\u00e9cnica de Madrid, Spain<\/p>\n<p><strong>Francisco Javier Azcondo S\u00e1nchez<\/strong>, Universidad de Cantabria, Spain<\/p>\n<p><strong>Gonzalo Casaravilla<\/strong>, Universidad de la Rep\u00fablica, Uruguay<\/p>\n<p><strong>Gustavo Ribeiro Alves<\/strong>, Instituto Superior de Engenharia do Porto, Portugal<\/p>\n<p><strong>Inmaculada Plaza Garc\u00eda<\/strong>, Universidad de Zaragoza, Spain<\/p>\n<p><strong>Javier Zubia<\/strong>, Universidad de Deusto, Spain<\/p>\n<p><strong>Jes\u00fas Arriaga Garc\u00eda de Andoa\u00edn<\/strong>, Universidad Polit\u00e9cnica de Madrid, Spain<\/p>\n<p><strong>Jorge Juan Chico<\/strong>, Universidad de Sevilla, Spain<\/p>\n<p><strong>Jos\u00e9 Miguel P\u00e1ez Jim\u00e9nez<\/strong>, Universidad de Costa Rica, Costa Rica<\/p>\n<p><strong>Jos\u00e9 Miguel Ruiz Gonzalez<\/strong>, Universidad de Valladolid, Spain<\/p>\n<p><strong>Juan Domingo Aguilar Pe\u00f1a<\/strong>, Universidad de Ja\u00e9n, Spain<\/p>\n<p><strong>Juarez Silva<\/strong>, Universidade Federal de Santa Catarina, Brasil<\/p>\n<p><strong>Julio P\u00e9rez Acle<\/strong>, Universidad de la Rep\u00fablica, Uruguay<\/p>\n<p><strong>Manuel Bl\u00e1zquez<\/strong>, IES Ramiro de Maeztu, Spain<\/p>\n<p><strong>Manuel Castro Gil<\/strong>, Universidad Nacional de Educaci\u00f3n a Distancia, Spain<\/p>\n<p><strong>Manuel Martins Barata<\/strong>, Instituto Superior de Engenharia de Lisboa, Portugal<\/p>\n<p><strong>Manuel Rodr\u00edguez Valido<\/strong>, Universidad de La Laguna, Spain<\/p>\n<p><strong>Manuel Carlos Felgueiras<\/strong>, Instituto Superior de Engenharia do Porto, Portugal<\/p>\n<p><strong>Mart\u00edn Llamas Nistal<\/strong>, Universidade de Vigo, Spain<\/p>\n<p><strong>Pedro Carri\u00f3n P\u00e9rez<\/strong>, Universidad de Castilla La Mancha, Spain<\/p>\n<p><strong>Ram\u00f3n Bragos Bard\u00eda<\/strong>, Universidad Polit\u00e9cnica de Catalu\u00f1a, Spain<\/p>\n<p><strong>Raymundo Barrales Guadarrama<\/strong>, Universidad Aut\u00f3noma Metroplitana-Azcapotzalco, Mexico<\/p>\n<p><strong>Ricardo Jorge Costa<\/strong>, Instituto Superior de Engenharia do Porto, Portugal<\/p>\n<p><strong>Roberto Capilla Lladr\u00f3<\/strong>, Universitat Polit\u00e8cnica de Val\u00e8ncia, Spain<\/p>\n<p><strong>Sergio L\u00f3pez Gregorio<\/strong>, Universidad Polit\u00e9cnica de Madrid, Spain<\/p>\n\t<h6>\n\t\t\t\t\tXV Edition 2022\n\t\t\t\t<\/h6>\n\t<h2>\n\t\t\t\t\tScientific committee\n\t\t\t\t<\/h2>\n\t<p><strong>Ana M\u00aa L\u00f3pez Torres<\/strong>, Universidad de Zaragoza, Spain<\/p>\n<p><strong>Ana Serrano Tierz<\/strong>, Universidad de Zaragoza, Spain<\/p>\n<p><strong>Andr\u00e9 Vaz Fidalgo<\/strong>, Instituto Superior de Engenharia do Porto, Portugal<\/p>\n<p><strong>Arantxa Ot\u00edn Ac\u00edn<\/strong>, Universidad de Zaragoza, Spain<\/p>\n<p><strong>Beatriz Rubio Serrano<\/strong>, Universidad de Zaragoza, Spain<\/p>\n<p><strong>M\u00aa Asunci\u00f3n Morales Santana<\/strong>, Universidad de Las Palmas de Gran Canaria, Spain<\/p>\n<p><strong>Bonifacio Mart\u00edn del Br\u00edo<\/strong>, Universidad de Zaragoza, Spain<\/p>\n<p><strong>Camilo Quint\u00e1ns Gra\u00f1a<\/strong>, Universidade de Vigo, Spain<\/p>\n<p><strong>Catalina Rus Casas<\/strong>, Universidad de Ja\u00e9n, Spain<\/p>\n<p><strong>C\u00e9sar Sanz \u00c1lvaro<\/strong>, Universidad Polit\u00e9cnica de Madrid, Spain<\/p>\n<p><strong>Diego Antol\u00edn Ca\u00f1ada<\/strong>, Universidad de Zaragoza, Spain<\/p>\n<p><strong>Eduardo Gil Herrando<\/strong>, Universidad de Zaragoza, Spain<\/p>\n<p><strong>Elena del Val Noguera<\/strong>, Universidad de Zaragoza, Spain<\/p>\n<p><strong>Elena Ibarz Montaner<\/strong>, Universidad de Zaragoza, Spain<\/p>\n<p><strong>Emilio Ol\u00edas Ruiz<\/strong>, Universidad Carlos III, Spain<\/p>\n<p><strong>Enrique Mandado P\u00e9rez<\/strong>, Universidade de Vigo, Spain<\/p>\n<p><strong>Fernando Pescador del Oso<\/strong>, Universidad Polit\u00e9cnica de Madrid, Spain<\/p>\n<p><strong>Francisco Javier Arcega<\/strong>, Universidad de Zaragoza, Spain<\/p>\n<p><strong>Francisco Javier Azcondo S\u00e1nchez<\/strong>, Universidad de Cantabria, Spain<\/p>\n<p><strong>Javier Mart\u00ednez Cesteros<\/strong>, Universidad de Zaragoza, Spain<\/p>\n<p><strong>Jes\u00fas L\u00e1zaro Plaza<\/strong>, Universidad de Zaragoza, Spain<\/p>\n<p><strong>Jes\u00fas Sergio Artal Sevil<\/strong>, Universidad de Zaragoza, Spain<\/p>\n<p><strong>Jorge P\u00e9rez Bail\u00f3n<\/strong>, Universidad de Zaragoza, Spain<\/p>\n<p><strong>Jos\u00e9 Ignacio Artigas Maestre<\/strong>, Universidad de Zaragoza, Spain<\/p>\n<p><strong>Gonzalo Casaravilla<\/strong>, Universidad de la Rep\u00fablica, Uruguay<\/p>\n<p><strong>Gustavo Ribeiro Alves<\/strong>, Instituto Superior de Engenharia do Porto, Portugal<\/p>\n<p><strong>Inmaculada Plaza Garc\u00eda<\/strong>, Universidad de Zaragoza, Spain<\/p>\n<p><strong>Javier Zubia<\/strong>, Universidad de Deusto, Spain<\/p>\n<p><strong>Jes\u00fas Arriaga Garc\u00eda de Andoa\u00edn<\/strong>, Universidad Polit\u00e9cnica de Madrid, Spain<\/p>\n<p><strong>Jorge Juan Chico<\/strong>, Universidad de Sevilha, Spain<\/p>\n<p><strong>Jos\u00e9 Miguel P\u00e1ez Jim\u00e9nez<\/strong>, Universidad de Costa Rica, Costa Rica<\/p>\n<p><strong>Jos\u00e9 Miguel Ruiz Gonz\u00e1lez<\/strong>, Universidad de Valladolid, Spain<\/p>\n<p><strong>Juan Domingo Aguilar Pe\u00f1a<\/strong>, Universidad de Ja\u00e9n, Spain<\/p>\n<p><strong>Juarez Silva<\/strong>, Universidade Federal de Santa Catarina, Brasil<\/p>\n<p><strong>Julio P\u00e9rez Acle<\/strong>, Universidad de la Rep\u00fablica, Uruguay<\/p>\n<p><strong>Manuel Bl\u00e1zquez<\/strong>, IES Ramiro de Maeztu, Spain<\/p>\n<p><strong>Manuel Castro Gil<\/strong>, Universidad Nacional de Educaci\u00f3n a Distancia, Spain<\/p>\n<p><strong>Manuel Rodr\u00edguez Valido<\/strong>, Universidad de La Laguna, Spain<\/p>\n<p><strong>Manuel Carlos Felgueiras<\/strong>, Instituto Superior de Engenharia do Porto, Portugal<\/p>\n<p><strong>Mar\u00eda Abi\u00e1n Vic\u00e9n<\/strong>, Universidad de Zaragoza, Spain<\/p>\n<p><strong>Mart\u00edn Llamas Nistal<\/strong>, Universidade de Vigo, Spain<\/p>\n<p><strong>Pedro Carri\u00f3n P\u00e9rez<\/strong>, Universidad de Castilla La Mancha, Spain<\/p>\n<p><strong>Ram\u00f3n Bragos Bard\u00eda<\/strong>, Universidad Polit\u00e9cnica de Catalu\u00f1a, Spain<\/p>\n<p><strong>Ra\u00fal Igual Catal\u00e1n<\/strong>, Universidad de Zaragoza, Spain<\/p>\n<p><strong>Ricardo Jorge Costa<\/strong>, Instituto Superior de Engenharia do Porto, Portugal<\/p>\n<p><strong>Roberto Capilla Lladr\u00f3<\/strong>, Universitat Polit\u00e8cnica de Val\u00e8ncia, Spain<\/p>\n<p><strong>Rosario Arag\u00fc\u00e9s Mu\u00f1oz<\/strong>, Universidad de Zaragoza, Spain<\/p>\n<p><strong>Sergio Albiol P\u00e9rez<\/strong>, Universidad de Zaragoza, Spain<\/p>\n<p><strong>Sergio Dom\u00ednguez Gimeno<\/strong>, Universidad de Zaragoza, Spain<\/p>\n<p><strong>Sergio L\u00f3pez Gregorio<\/strong>, Universidad Polit\u00e9cnica de Madrid, Spain<\/p>\n\n","protected":false},"excerpt":{"rendered":"<p>Committees Find out who is behind the XV TAEE Conference XV Edition 2022 Honorary presidency Maru D\u00edaz Calvo, Consejera de Ciencia, Universidad y Sociedad del Conocimiento. Gobierno de Arag\u00f3n (Spain). XV Edition 2022 Coordinators Inmaculada Plaza Garc\u00eda, Escuela Universitaria Polit\u00e9cnica de Teruel, Universidad de Zaragoza Ra\u00fal Igual Catal\u00e1n, Escuela Universitaria Polit\u00e9cnica de Teruel, Universidad de &hellip;<\/p>\n<p class=\"read-more\"> <a class=\"\" href=\"https:\/\/teruel2022.congresotaee.es\/?page_id=1132&#038;lang=en\"> <span class=\"screen-reader-text\">TAEE Committees<\/span> Read More &raquo;<\/a><\/p>\n","protected":false},"author":1,"featured_media":0,"parent":0,"menu_order":0,"comment_status":"closed","ping_status":"closed","template":"","meta":{"om_disable_all_campaigns":false,"_monsterinsights_skip_tracking":false,"_monsterinsights_sitenote_active":false,"_monsterinsights_sitenote_note":"","_monsterinsights_sitenote_category":0,"footnotes":""},"class_list":["post-1132","page","type-page","status-publish","hentry"],"_links":{"self":[{"href":"https:\/\/teruel2022.congresotaee.es\/index.php?rest_route=\/wp\/v2\/pages\/1132","targetHints":{"allow":["GET"]}}],"collection":[{"href":"https:\/\/teruel2022.congresotaee.es\/index.php?rest_route=\/wp\/v2\/pages"}],"about":[{"href":"https:\/\/teruel2022.congresotaee.es\/index.php?rest_route=\/wp\/v2\/types\/page"}],"author":[{"embeddable":true,"href":"https:\/\/teruel2022.congresotaee.es\/index.php?rest_route=\/wp\/v2\/users\/1"}],"replies":[{"embeddable":true,"href":"https:\/\/teruel2022.congresotaee.es\/index.php?rest_route=%2Fwp%2Fv2%2Fcomments&post=1132"}],"version-history":[{"count":18,"href":"https:\/\/teruel2022.congresotaee.es\/index.php?rest_route=\/wp\/v2\/pages\/1132\/revisions"}],"predecessor-version":[{"id":2249,"href":"https:\/\/teruel2022.congresotaee.es\/index.php?rest_route=\/wp\/v2\/pages\/1132\/revisions\/2249"}],"wp:attachment":[{"href":"https:\/\/teruel2022.congresotaee.es\/index.php?rest_route=%2Fwp%2Fv2%2Fmedia&parent=1132"}],"curies":[{"name":"wp","href":"https:\/\/api.w.org\/{rel}","templated":true}]}}